{"id":5303,"date":"2016-07-21T09:48:42","date_gmt":"2016-07-21T07:48:42","guid":{"rendered":"http:\/\/www.gwennili.net\/de\/?page_id=5303"},"modified":"2017-03-24T16:08:25","modified_gmt":"2017-03-24T15:08:25","slug":"der-verein","status":"publish","type":"page","link":"http:\/\/www.gwennili.net\/de\/der-verein\/","title":{"rendered":"Unser Verein"},"content":{"rendered":"<p>[vc_row][vc_column]<div class=\"title-subtile-holder\"><h1 class=\"section-title dark_title\">Der Verein<\/h1><div class=\"section-border dark_border\"><\/div><div class=\"section-subtitle dark_subtitle\"><\/div><\/div>[vc_single_image image=\u00a0\u00bb5818&Prime; img_size=\u00a0\u00bb\u00a0\u00bb alignment=\u00a0\u00bbcenter\u00a0\u00bb][vc_empty_space][vc_column_text]<strong>Gwennili ist ein\u00a0 gemeinn\u00fctziger Verein nach dem franz\u00f6sischen Gesetz von 1901. Er setzt sich f\u00fcr die Jugend und\u00a0ihre kulturelle\u00a0sowie politische Bildung im Bereich der nicht-formalen Bildung ein (\u00ab\u00a0Education populaire\u00a0\u00bb). Seit 1998 organisiert unser Verein das ganze Jahr \u00fcber internationale Jugendbegegnungen in der Bretagne und bei unseren Partnervereinen im europ\u00e4ischen Ausland.<\/strong><\/p>\n<p class=\"western\"><i>Egal zu welchem Thema wir arbeiten, ob Naturschutz, Kunst, Tierschutz, etc. unsere \u00fcbergeordneten Zielsetzungen bleiben die Gleichen: <\/i><\/p>\n<ul>\n<li>\n<p class=\"western\">Die Begegnung von Jugendlichen aus unterschiedlichen kulturellen Kontexten vereinfachen<\/p>\n<\/li>\n<li>\n<p class=\"western\">Weiterbildung von Jugendlichen und auf diesem Weg die Anregung zu einem bewussten B\u00fcrgerengagement in Europa. Dieses geschieht durch bessere Kenntnisse \u00fcber die politischen, sozialen, wirtschaftlichen und kulturellen Wirklichkeiten unserer Nachbarn<\/p>\n<\/li>\n<li>\n<p class=\"western\">Erweiterung von beruflichen, sozialen, sprachlichen und interkulturellen Kompetenzen durch die Auseinandersetzung mit anderen Arbeitsmethoden<\/p>\n<\/li>\n<\/ul>\n<p><strong>\u00a0<\/strong>[\/vc_column_text][\/vc_column][\/vc_row]<\/p>\n","protected":false},"excerpt":{"rendered":"<p>[vc_row][vc_column][vc_single_image image=\u00a0\u00bb5818&Prime; img_size=\u00a0\u00bb\u00a0\u00bb alignment=\u00a0\u00bbcenter\u00a0\u00bb][vc_empty_space][vc_column_text]Gwennili ist ein\u00a0 gemeinn\u00fctziger Verein nach dem franz\u00f6sischen Gesetz von 1901. Er setzt sich f\u00fcr die Jugend und\u00a0ihre kulturelle\u00a0sowie politische Bildung im Bereich der nicht-formalen Bildung ein [&hellip;]<\/p>\n","protected":false},"author":2,"featured_media":5818,"parent":0,"menu_order":0,"comment_status":"closed","ping_status":"closed","template":"templates\/template-page-left-sidebar.php","meta":[],"yoast_head":"<!-- This site is optimized with the Yoast SEO plugin v21.8.1 - https:\/\/yoast.com\/wordpress\/plugins\/seo\/ -->\n<title>Unser Verein - Gwennili<\/title>\n<meta name=\"robots\" content=\"index, follow, max-snippet:-1, max-image-preview:large, max-video-preview:-1\" \/>\n<link rel=\"canonical\" href=\"http:\/\/www.gwennili.net\/de\/der-verein\/\" \/>\n<meta property=\"og:locale\" content=\"fr_FR\" \/>\n<meta property=\"og:type\" content=\"article\" \/>\n<meta property=\"og:title\" content=\"Unser Verein - Gwennili\" \/>\n<meta property=\"og:description\" content=\"[vc_row][vc_column][vc_single_image image=\u00a0\u00bb5818&Prime; img_size=\u00a0\u00bb\u00a0\u00bb alignment=\u00a0\u00bbcenter\u00a0\u00bb][vc_empty_space][vc_column_text]Gwennili ist ein\u00a0 gemeinn\u00fctziger Verein nach dem franz\u00f6sischen Gesetz von 1901. Er setzt sich f\u00fcr die Jugend und\u00a0ihre kulturelle\u00a0sowie politische Bildung im Bereich der nicht-formalen Bildung ein [&hellip;]\" \/>\n<meta property=\"og:url\" content=\"http:\/\/www.gwennili.net\/de\/der-verein\/\" \/>\n<meta property=\"og:site_name\" content=\"Gwennili\" \/>\n<meta property=\"article:modified_time\" content=\"2017-03-24T15:08:25+00:00\" \/>\n<meta property=\"og:image\" content=\"http:\/\/www.gwennili.net\/de\/wp-content\/uploads\/2016\/07\/12733390_960818060620164_3654170013297362335_n.jpg\" \/>\n\t<meta property=\"og:image:width\" content=\"960\" \/>\n\t<meta property=\"og:image:height\" content=\"890\" \/>\n\t<meta property=\"og:image:type\" content=\"image\/jpeg\" \/>\n<meta name=\"twitter:card\" content=\"summary_large_image\" \/>\n<meta name=\"twitter:label1\" content=\"Dur\u00e9e de lecture estim\u00e9e\" \/>\n\t<meta name=\"twitter:data1\" content=\"1 minute\" \/>\n<script type=\"application\/ld+json\" class=\"yoast-schema-graph\">{\"@context\":\"https:\/\/schema.org\",\"@graph\":[{\"@type\":\"WebPage\",\"@id\":\"http:\/\/www.gwennili.net\/de\/der-verein\/\",\"url\":\"http:\/\/www.gwennili.net\/de\/der-verein\/\",\"name\":\"Unser Verein - Gwennili\",\"isPartOf\":{\"@id\":\"https:\/\/www.gwennili.net\/de\/#website\"},\"datePublished\":\"2016-07-21T07:48:42+00:00\",\"dateModified\":\"2017-03-24T15:08:25+00:00\",\"breadcrumb\":{\"@id\":\"http:\/\/www.gwennili.net\/de\/der-verein\/#breadcrumb\"},\"inLanguage\":\"fr-FR\",\"potentialAction\":[{\"@type\":\"ReadAction\",\"target\":[\"http:\/\/www.gwennili.net\/de\/der-verein\/\"]}]},{\"@type\":\"BreadcrumbList\",\"@id\":\"http:\/\/www.gwennili.net\/de\/der-verein\/#breadcrumb\",\"itemListElement\":[{\"@type\":\"ListItem\",\"position\":1,\"name\":\"Accueil\",\"item\":\"https:\/\/www.gwennili.net\/de\/\"},{\"@type\":\"ListItem\",\"position\":2,\"name\":\"Unser Verein\"}]},{\"@type\":\"WebSite\",\"@id\":\"https:\/\/www.gwennili.net\/de\/#website\",\"url\":\"https:\/\/www.gwennili.net\/de\/\",\"name\":\"Gwennili\",\"description\":\"Rencontres et \u00c9changes Interculturels\",\"potentialAction\":[{\"@type\":\"SearchAction\",\"target\":{\"@type\":\"EntryPoint\",\"urlTemplate\":\"https:\/\/www.gwennili.net\/de\/?s={search_term_string}\"},\"query-input\":\"required name=search_term_string\"}],\"inLanguage\":\"fr-FR\"}]}<\/script>\n<!-- \/ Yoast SEO plugin. -->","yoast_head_json":{"title":"Unser Verein - Gwennili","robots":{"index":"index","follow":"follow","max-snippet":"max-snippet:-1","max-image-preview":"max-image-preview:large","max-video-preview":"max-video-preview:-1"},"canonical":"http:\/\/www.gwennili.net\/de\/der-verein\/","og_locale":"fr_FR","og_type":"article","og_title":"Unser Verein - Gwennili","og_description":"[vc_row][vc_column][vc_single_image image=\u00a0\u00bb5818&Prime; img_size=\u00a0\u00bb\u00a0\u00bb alignment=\u00a0\u00bbcenter\u00a0\u00bb][vc_empty_space][vc_column_text]Gwennili ist ein\u00a0 gemeinn\u00fctziger Verein nach dem franz\u00f6sischen Gesetz von 1901. Er setzt sich f\u00fcr die Jugend und\u00a0ihre kulturelle\u00a0sowie politische Bildung im Bereich der nicht-formalen Bildung ein [&hellip;]","og_url":"http:\/\/www.gwennili.net\/de\/der-verein\/","og_site_name":"Gwennili","article_modified_time":"2017-03-24T15:08:25+00:00","og_image":[{"width":960,"height":890,"url":"http:\/\/www.gwennili.net\/de\/wp-content\/uploads\/2016\/07\/12733390_960818060620164_3654170013297362335_n.jpg","type":"image\/jpeg"}],"twitter_card":"summary_large_image","twitter_misc":{"Dur\u00e9e de lecture estim\u00e9e":"1 minute"},"schema":{"@context":"https:\/\/schema.org","@graph":[{"@type":"WebPage","@id":"http:\/\/www.gwennili.net\/de\/der-verein\/","url":"http:\/\/www.gwennili.net\/de\/der-verein\/","name":"Unser Verein - Gwennili","isPartOf":{"@id":"https:\/\/www.gwennili.net\/de\/#website"},"datePublished":"2016-07-21T07:48:42+00:00","dateModified":"2017-03-24T15:08:25+00:00","breadcrumb":{"@id":"http:\/\/www.gwennili.net\/de\/der-verein\/#breadcrumb"},"inLanguage":"fr-FR","potentialAction":[{"@type":"ReadAction","target":["http:\/\/www.gwennili.net\/de\/der-verein\/"]}]},{"@type":"BreadcrumbList","@id":"http:\/\/www.gwennili.net\/de\/der-verein\/#breadcrumb","itemListElement":[{"@type":"ListItem","position":1,"name":"Accueil","item":"https:\/\/www.gwennili.net\/de\/"},{"@type":"ListItem","position":2,"name":"Unser Verein"}]},{"@type":"WebSite","@id":"https:\/\/www.gwennili.net\/de\/#website","url":"https:\/\/www.gwennili.net\/de\/","name":"Gwennili","description":"Rencontres et \u00c9changes Interculturels","potentialAction":[{"@type":"SearchAction","target":{"@type":"EntryPoint","urlTemplate":"https:\/\/www.gwennili.net\/de\/?s={search_term_string}"},"query-input":"required name=search_term_string"}],"inLanguage":"fr-FR"}]}},"_links":{"self":[{"href":"http:\/\/www.gwennili.net\/de\/wp-json\/wp\/v2\/pages\/5303"}],"collection":[{"href":"http:\/\/www.gwennili.net\/de\/wp-json\/wp\/v2\/pages"}],"about":[{"href":"http:\/\/www.gwennili.net\/de\/wp-json\/wp\/v2\/types\/page"}],"author":[{"embeddable":true,"href":"http:\/\/www.gwennili.net\/de\/wp-json\/wp\/v2\/users\/2"}],"replies":[{"embeddable":true,"href":"http:\/\/www.gwennili.net\/de\/wp-json\/wp\/v2\/comments?post=5303"}],"version-history":[{"count":5,"href":"http:\/\/www.gwennili.net\/de\/wp-json\/wp\/v2\/pages\/5303\/revisions"}],"predecessor-version":[{"id":6986,"href":"http:\/\/www.gwennili.net\/de\/wp-json\/wp\/v2\/pages\/5303\/revisions\/6986"}],"wp:featuredmedia":[{"embeddable":true,"href":"http:\/\/www.gwennili.net\/de\/wp-json\/wp\/v2\/media\/5818"}],"wp:attachment":[{"href":"http:\/\/www.gwennili.net\/de\/wp-json\/wp\/v2\/media?parent=5303"}],"curies":[{"name":"wp","href":"https:\/\/api.w.org\/{rel}","templated":true}]}}