{"id":5405,"date":"2016-07-21T14:07:00","date_gmt":"2016-07-21T12:07:00","guid":{"rendered":"http:\/\/www.gwennili.net\/de\/?page_id=5405"},"modified":"2017-02-15T16:49:26","modified_gmt":"2017-02-15T15:49:26","slug":"nos-partenaires","status":"publish","type":"page","link":"http:\/\/www.gwennili.net\/de\/nos-partenaires\/","title":{"rendered":"Ils nous soutiennent"},"content":{"rendered":"<p>[vc_row][vc_column][vc_column_text]Unsere Begegnungen und Fortbildungen werden von <b>verschiedenen Einrichtungen unterst\u00fctzt <\/b>, ohne die wir unsere Projekte nicht realisieren k\u00f6nnten.\u00a0Ihnen gilt\u00a0unser Dank\u00a0:[\/vc_column_text][\/vc_column][\/vc_row][vc_row][vc_column]<div class=\"title-subtile-holder\"><h1 class=\"section-title dark_title\">Unsere Partner<\/h1><div class=\"section-border dark_border\"><\/div><div class=\"section-subtitle dark_subtitle\"><\/div><\/div>[\/vc_column][\/vc_row][vc_row][vc_column width=\u00a0\u00bb1\/6&Prime;][vc_single_image image=\u00a0\u00bb5841&Prime; img_size=\u00a0\u00bb\u00a0\u00bb][\/vc_column][vc_column width=\u00a0\u00bb1\/6&Prime;][vc_single_image image=\u00a0\u00bb5840&Prime; img_size=\u00a0\u00bb\u00a0\u00bb][\/vc_column][vc_column width=\u00a0\u00bb1\/6&Prime;][vc_single_image image=\u00a0\u00bb5839&Prime; img_size=\u00a0\u00bb\u00a0\u00bb][\/vc_column][vc_column width=\u00a0\u00bb1\/6&Prime;][vc_single_image image=\u00a0\u00bb5838&Prime; img_size=\u00a0\u00bb\u00a0\u00bb][\/vc_column][vc_column width=\u00a0\u00bb1\/6&Prime;][vc_single_image image=\u00a0\u00bb5836&Prime; img_size=\u00a0\u00bb\u00a0\u00bb][\/vc_column][vc_column width=\u00a0\u00bb1\/6&Prime;][vc_single_image image=\u00a0\u00bb5835&Prime; img_size=\u00a0\u00bb\u00a0\u00bb][\/vc_column][\/vc_row][vc_row][vc_column][vc_empty_space height=\u00a0\u00bb15px\u00a0\u00bb][vc_column_text]<\/p>\n<h2>Unsere institutionellen Partner<\/h2>\n<p><a href=\"https:\/\/www.dfjw.org\/\"><strong>Das Deutsch-Franz\u00f6sische Jugendwerk<\/strong><\/a><\/p>\n<p><a href=\"http:\/\/www.erasmusplus-jeunesse.fr\/\"><strong>L\u2019Agence\u00a0Erasmus + Jeunesse et Sport<\/strong><\/a><\/p>\n<p><a href=\"http:\/\/www.agence-erasmus.fr\/\"><strong>L\u2019Agence\u00a0Erasmus +\u00a0Education et Formation<\/strong><\/a><\/p>\n<p><a href=\"https:\/\/www.finistere.fr\/\"><strong>Le Conseil D\u00e9partemental\u00a0du Finist\u00e8re\u00a0<\/strong><\/a><\/p>\n<p><a href=\"http:\/\/www.bretagne.bzh\/\"><strong>Le Conseil R\u00e9gional de Bretagne\u00a0<\/strong><\/a><\/p>\n<p><a href=\"http:\/\/bretagne.drjscs.gouv.fr\/\"><strong>La Direction R\u00e9gionale et D\u00e9partementale de la Coh\u00e9sion Sociale (DRJSCS<\/strong>)<\/a><\/p>\n<p><a href=\"http:\/\/www.fonjep.org\/Accueil\/Accueil.aspx\"><strong>LE FONJEP<\/strong><\/a><\/p>\n<p><a href=\"http:\/\/www.quimper-communaute.bzh\/\"><strong>Quimper Communaut\u00e9<\/strong><\/a><\/p>\n<p>&nbsp;<\/p>\n<h3><\/h3>\n<h2>Unsere europ\u00e4ischen Partnerorganisationen<\/h2>\n<p><em>Mit zahlreichen europ\u00e4ischen Einrichtungen und Partnervereinen entwerfen und f\u00fchren wir interkulturelle Austauschprogramme durch. Um nur einige zu nennen:<\/em><\/p>\n<p><a href=\"http:\/\/www.europa-direkt.com\/\">Europa-Direkt e.V.<\/a>, Dresden,\u00a0Deutschland<\/p>\n<p><a href=\"http:\/\/www.interkulturelles-netzwerk.de\/\">Interkulturelles Netzwerk e.V<\/a>., Neuruppin,\u00a0Deutschland<\/p>\n<p>Akademicki ZwiazekSportowy, Warschau, Polen<\/p>\n<p><a href=\"http:\/\/www.gsi-bonn.de\/\">Gustav Stresemann Institut Bonn<\/a>, Deutschland<\/p>\n<p><a href=\"http:\/\/centre-francais.de\/\">Le Centre Fran\u00e7ais de Berlin<\/a> (CFB), Deutschland<\/p>\n<p>BDP Baden-W\u00fcrtemberg, Bempflingen, Deutschland<\/p>\n<p>Centre des volontaires de Vojvodine, Novi Sad, Serbien<\/p>\n<p>Association Club Lumi\u00e8re, Lviv, Ukraine<\/p>\n<p>Speleologists Union Tbilisi, Georgien<\/p>\n<p>Fondation Accolada, Sofia, Bulgarien<\/p>\n<p>Bundesvereinigung Kulturelle Jugendbildung, Remscheid, Deutschland<\/p>\n<p>AWO\u00a0Niedersachsen, Karlsruhe und Stuttgart, Deutschland<\/p>\n<p>Centre culturel, Gryfino, Polen<\/p>\n<p>Vale of Glamorgan Council, Wales<\/p>\n<p>Zirkusschule\u00a0<a href=\"http:\/\/www.tasifan.de\">Tasifan<\/a>, Weimar,\u00a0Deutschland<\/p>\n<p>Local Democracy Agency (LDA) Osijek, Kroatien<\/p>\n<p>Wilde Rose e.V., Frankfurt, Deutschland<\/p>\n<h2>Unsere lokalen Partner in Frankreich<\/h2>\n<p>Le lyc\u00e9e professionnel Roz Glas de Quimperl\u00e9<\/p>\n<p>Le lyc\u00e9e professionnel de Pont de Buis<\/p>\n<p>Le lyc\u00e9e professionnel de Kerbernez \u00e0 Plomelin<\/p>\n<p>L\u2019Institut de Formation en Soins Infirmiers de Quimper<\/p>\n<p>L\u2019Institut de Formation en Soins Infirmiers de Dinan<\/p>\n<p>L\u2019Institut de Formation en Soins Infirmiers de Malestroit<\/p>\n<p>La Mission locale du Pays de Vannes<\/p>\n<p>La Mission locale du pays de Cornouaille<\/p>\n<p>La Maison Familiale et Rurale de Morlaix<\/p>\n<p>Communaut\u00e9 de communes de Plabennec<\/p>\n<p>L\u2019\u00e9cole de cirque Naphtaline, Loctudy<\/p>\n<p>La Maison pour Tous de Penhars (Quimper)<\/p>\n<p>La Maison pour Tous d&rsquo;Ergu\u00e9 Armel (Quimper)<\/p>\n<p>Commune de Guiss\u00e9ny (29)<\/p>\n<p>L&rsquo;Ulamir centre social du Goyen<\/p>\n<p>Parc Naturel R\u00e9gional d&rsquo;Armorique (PNRA)[\/vc_column_text][\/vc_column][\/vc_row]<\/p>\n","protected":false},"excerpt":{"rendered":"<p>[vc_row][vc_column][vc_column_text]Unsere Begegnungen und Fortbildungen werden von verschiedenen Einrichtungen unterst\u00fctzt , ohne die wir unsere Projekte nicht realisieren k\u00f6nnten.\u00a0Ihnen gilt\u00a0unser Dank\u00a0:[\/vc_column_text][\/vc_column][\/vc_row][vc_row][vc_column][\/vc_column][\/vc_row][vc_row][vc_column width=\u00a0\u00bb1\/6&Prime;][vc_single_image image=\u00a0\u00bb5841&Prime; img_size=\u00a0\u00bb\u00a0\u00bb][\/vc_column][vc_column width=\u00a0\u00bb1\/6&Prime;][vc_single_image image=\u00a0\u00bb5840&Prime; img_size=\u00a0\u00bb\u00a0\u00bb][\/vc_column][vc_column width=\u00a0\u00bb1\/6&Prime;][vc_single_image image=\u00a0\u00bb5839&Prime; img_size=\u00a0\u00bb\u00a0\u00bb][\/vc_column][vc_column width=\u00a0\u00bb1\/6&Prime;][vc_single_image [&hellip;]<\/p>\n","protected":false},"author":2,"featured_media":5818,"parent":0,"menu_order":0,"comment_status":"closed","ping_status":"closed","template":"templates\/template-page-left-sidebar.php","meta":[],"yoast_head":"<!-- This site is optimized with the Yoast SEO plugin v21.8.1 - https:\/\/yoast.com\/wordpress\/plugins\/seo\/ -->\n<title>Ils nous soutiennent - Gwennili<\/title>\n<meta name=\"robots\" content=\"index, follow, max-snippet:-1, max-image-preview:large, max-video-preview:-1\" \/>\n<link rel=\"canonical\" href=\"https:\/\/www.gwennili.net\/de\/nos-partenaires\/\" \/>\n<meta property=\"og:locale\" content=\"fr_FR\" \/>\n<meta property=\"og:type\" content=\"article\" \/>\n<meta property=\"og:title\" content=\"Ils nous soutiennent - Gwennili\" \/>\n<meta property=\"og:description\" content=\"[vc_row][vc_column][vc_column_text]Unsere Begegnungen und Fortbildungen werden von verschiedenen Einrichtungen unterst\u00fctzt , ohne die wir unsere Projekte nicht realisieren k\u00f6nnten.\u00a0Ihnen gilt\u00a0unser Dank\u00a0:[\/vc_column_text][\/vc_column][\/vc_row][vc_row][vc_column][\/vc_column][\/vc_row][vc_row][vc_column width=\u00a0\u00bb1\/6&Prime;][vc_single_image image=\u00a0\u00bb5841&Prime; img_size=\u00a0\u00bb\u00a0\u00bb][\/vc_column][vc_column width=\u00a0\u00bb1\/6&Prime;][vc_single_image image=\u00a0\u00bb5840&Prime; img_size=\u00a0\u00bb\u00a0\u00bb][\/vc_column][vc_column width=\u00a0\u00bb1\/6&Prime;][vc_single_image image=\u00a0\u00bb5839&Prime; img_size=\u00a0\u00bb\u00a0\u00bb][\/vc_column][vc_column width=\u00a0\u00bb1\/6&Prime;][vc_single_image [&hellip;]\" \/>\n<meta property=\"og:url\" content=\"https:\/\/www.gwennili.net\/de\/nos-partenaires\/\" \/>\n<meta property=\"og:site_name\" content=\"Gwennili\" \/>\n<meta property=\"article:modified_time\" content=\"2017-02-15T15:49:26+00:00\" \/>\n<meta property=\"og:image\" content=\"https:\/\/www.gwennili.net\/de\/wp-content\/uploads\/2016\/07\/12733390_960818060620164_3654170013297362335_n.jpg\" \/>\n\t<meta property=\"og:image:width\" content=\"960\" \/>\n\t<meta property=\"og:image:height\" content=\"890\" \/>\n\t<meta property=\"og:image:type\" content=\"image\/jpeg\" \/>\n<meta name=\"twitter:card\" content=\"summary_large_image\" \/>\n<meta name=\"twitter:label1\" content=\"Dur\u00e9e de lecture estim\u00e9e\" \/>\n\t<meta name=\"twitter:data1\" content=\"2 minutes\" \/>\n<script type=\"application\/ld+json\" class=\"yoast-schema-graph\">{\"@context\":\"https:\/\/schema.org\",\"@graph\":[{\"@type\":\"WebPage\",\"@id\":\"https:\/\/www.gwennili.net\/de\/nos-partenaires\/\",\"url\":\"https:\/\/www.gwennili.net\/de\/nos-partenaires\/\",\"name\":\"Ils nous soutiennent - Gwennili\",\"isPartOf\":{\"@id\":\"http:\/\/www.gwennili.net\/de\/#website\"},\"datePublished\":\"2016-07-21T12:07:00+00:00\",\"dateModified\":\"2017-02-15T15:49:26+00:00\",\"breadcrumb\":{\"@id\":\"https:\/\/www.gwennili.net\/de\/nos-partenaires\/#breadcrumb\"},\"inLanguage\":\"fr-FR\",\"potentialAction\":[{\"@type\":\"ReadAction\",\"target\":[\"https:\/\/www.gwennili.net\/de\/nos-partenaires\/\"]}]},{\"@type\":\"BreadcrumbList\",\"@id\":\"https:\/\/www.gwennili.net\/de\/nos-partenaires\/#breadcrumb\",\"itemListElement\":[{\"@type\":\"ListItem\",\"position\":1,\"name\":\"Accueil\",\"item\":\"http:\/\/www.gwennili.net\/de\/\"},{\"@type\":\"ListItem\",\"position\":2,\"name\":\"Ils nous soutiennent\"}]},{\"@type\":\"WebSite\",\"@id\":\"http:\/\/www.gwennili.net\/de\/#website\",\"url\":\"http:\/\/www.gwennili.net\/de\/\",\"name\":\"Gwennili\",\"description\":\"Rencontres et \u00c9changes Interculturels\",\"potentialAction\":[{\"@type\":\"SearchAction\",\"target\":{\"@type\":\"EntryPoint\",\"urlTemplate\":\"http:\/\/www.gwennili.net\/de\/?s={search_term_string}\"},\"query-input\":\"required name=search_term_string\"}],\"inLanguage\":\"fr-FR\"}]}<\/script>\n<!-- \/ Yoast SEO plugin. -->","yoast_head_json":{"title":"Ils nous soutiennent - Gwennili","robots":{"index":"index","follow":"follow","max-snippet":"max-snippet:-1","max-image-preview":"max-image-preview:large","max-video-preview":"max-video-preview:-1"},"canonical":"https:\/\/www.gwennili.net\/de\/nos-partenaires\/","og_locale":"fr_FR","og_type":"article","og_title":"Ils nous soutiennent - Gwennili","og_description":"[vc_row][vc_column][vc_column_text]Unsere Begegnungen und Fortbildungen werden von verschiedenen Einrichtungen unterst\u00fctzt , ohne die wir unsere Projekte nicht realisieren k\u00f6nnten.\u00a0Ihnen gilt\u00a0unser Dank\u00a0:[\/vc_column_text][\/vc_column][\/vc_row][vc_row][vc_column][\/vc_column][\/vc_row][vc_row][vc_column width=\u00a0\u00bb1\/6&Prime;][vc_single_image image=\u00a0\u00bb5841&Prime; img_size=\u00a0\u00bb\u00a0\u00bb][\/vc_column][vc_column width=\u00a0\u00bb1\/6&Prime;][vc_single_image image=\u00a0\u00bb5840&Prime; img_size=\u00a0\u00bb\u00a0\u00bb][\/vc_column][vc_column width=\u00a0\u00bb1\/6&Prime;][vc_single_image image=\u00a0\u00bb5839&Prime; img_size=\u00a0\u00bb\u00a0\u00bb][\/vc_column][vc_column width=\u00a0\u00bb1\/6&Prime;][vc_single_image [&hellip;]","og_url":"https:\/\/www.gwennili.net\/de\/nos-partenaires\/","og_site_name":"Gwennili","article_modified_time":"2017-02-15T15:49:26+00:00","og_image":[{"width":960,"height":890,"url":"https:\/\/www.gwennili.net\/de\/wp-content\/uploads\/2016\/07\/12733390_960818060620164_3654170013297362335_n.jpg","type":"image\/jpeg"}],"twitter_card":"summary_large_image","twitter_misc":{"Dur\u00e9e de lecture estim\u00e9e":"2 minutes"},"schema":{"@context":"https:\/\/schema.org","@graph":[{"@type":"WebPage","@id":"https:\/\/www.gwennili.net\/de\/nos-partenaires\/","url":"https:\/\/www.gwennili.net\/de\/nos-partenaires\/","name":"Ils nous soutiennent - Gwennili","isPartOf":{"@id":"http:\/\/www.gwennili.net\/de\/#website"},"datePublished":"2016-07-21T12:07:00+00:00","dateModified":"2017-02-15T15:49:26+00:00","breadcrumb":{"@id":"https:\/\/www.gwennili.net\/de\/nos-partenaires\/#breadcrumb"},"inLanguage":"fr-FR","potentialAction":[{"@type":"ReadAction","target":["https:\/\/www.gwennili.net\/de\/nos-partenaires\/"]}]},{"@type":"BreadcrumbList","@id":"https:\/\/www.gwennili.net\/de\/nos-partenaires\/#breadcrumb","itemListElement":[{"@type":"ListItem","position":1,"name":"Accueil","item":"http:\/\/www.gwennili.net\/de\/"},{"@type":"ListItem","position":2,"name":"Ils nous soutiennent"}]},{"@type":"WebSite","@id":"http:\/\/www.gwennili.net\/de\/#website","url":"http:\/\/www.gwennili.net\/de\/","name":"Gwennili","description":"Rencontres et \u00c9changes Interculturels","potentialAction":[{"@type":"SearchAction","target":{"@type":"EntryPoint","urlTemplate":"http:\/\/www.gwennili.net\/de\/?s={search_term_string}"},"query-input":"required name=search_term_string"}],"inLanguage":"fr-FR"}]}},"_links":{"self":[{"href":"http:\/\/www.gwennili.net\/de\/wp-json\/wp\/v2\/pages\/5405"}],"collection":[{"href":"http:\/\/www.gwennili.net\/de\/wp-json\/wp\/v2\/pages"}],"about":[{"href":"http:\/\/www.gwennili.net\/de\/wp-json\/wp\/v2\/types\/page"}],"author":[{"embeddable":true,"href":"http:\/\/www.gwennili.net\/de\/wp-json\/wp\/v2\/users\/2"}],"replies":[{"embeddable":true,"href":"http:\/\/www.gwennili.net\/de\/wp-json\/wp\/v2\/comments?post=5405"}],"version-history":[{"count":5,"href":"http:\/\/www.gwennili.net\/de\/wp-json\/wp\/v2\/pages\/5405\/revisions"}],"predecessor-version":[{"id":7020,"href":"http:\/\/www.gwennili.net\/de\/wp-json\/wp\/v2\/pages\/5405\/revisions\/7020"}],"wp:featuredmedia":[{"embeddable":true,"href":"http:\/\/www.gwennili.net\/de\/wp-json\/wp\/v2\/media\/5818"}],"wp:attachment":[{"href":"http:\/\/www.gwennili.net\/de\/wp-json\/wp\/v2\/media?parent=5405"}],"curies":[{"name":"wp","href":"https:\/\/api.w.org\/{rel}","templated":true}]}}