{"id":5408,"date":"2016-07-21T14:55:09","date_gmt":"2016-07-21T12:55:09","guid":{"rendered":"http:\/\/www.gwennili.net\/de\/?page_id=5408"},"modified":"2017-02-16T10:08:44","modified_gmt":"2017-02-16T09:08:44","slug":"la-formation-aux-echanges-interculturels","status":"publish","type":"page","link":"http:\/\/www.gwennili.net\/de\/se-former\/la-formation-aux-echanges-interculturels\/","title":{"rendered":"Fortbildung als interkulturelle_r Jugendleiter_in"},"content":{"rendered":"<p>[vc_row][vc_column]<div class=\"title-subtile-holder\"><h1 class=\"section-title dark_title\">Fortbildung als interkulturelle_r Jugendleiter_in<\/h1><div class=\"section-border dark_border\"><\/div><div class=\"section-subtitle dark_subtitle\"><\/div><\/div>[\/vc_column][\/vc_row][vc_row][vc_column width=\u00a0\u00bb1\/3&Prime;][vc_single_image image=\u00a0\u00bb6866&Prime; img_size=\u00a0\u00bblarge\u00a0\u00bb alignment=\u00a0\u00bbcenter\u00a0\u00bb][\/vc_column][vc_column width=\u00a0\u00bb1\/3&Prime;][vc_single_image image=\u00a0\u00bb6868&Prime; img_size=\u00a0\u00bb\u00a0\u00bb alignment=\u00a0\u00bbcenter\u00a0\u00bb][\/vc_column][vc_column width=\u00a0\u00bb1\/3&Prime;][vc_single_image image=\u00a0\u00bb6867&Prime; img_size=\u00a0\u00bblarge\u00a0\u00bb alignment=\u00a0\u00bbcenter\u00a0\u00bb][\/vc_column][\/vc_row][vc_row][vc_column][vc_column_text]<\/p>\n<h3>Deutsch-Franz\u00f6sisch-Polnische zertifizierende Grundausbildung f\u00fcr Gruppenleiter_innen<\/h3>\n<p><em>Internationaler Austausch: \u00ab\u00a0Schritt f\u00fcr Schritt\u00a0\u00bb<\/em><\/p>\n<ul>\n<li>1. Phase: vom\u00a022.\u00a0bis\u00a029\u00a0April 2017\u00a0in Ch\u00e2teaulin (Bretagne)<\/li>\n<li>2. Phase: \u00a0vom 07. bis 14. Juli 2017 in Neuruppin (Brandenburg)<\/li>\n<li>3. Phase: vom 05. bis 12. Januar 2018 in Warschau (Polen)<\/li>\n<\/ul>\n<p>&nbsp;<\/p>\n<p><b>Beschreibung<\/b>:<\/p>\n<p>Dieser dreiteilige Ausbildungszyklus richtet sich an Praktiker_innen der Jugendarbeit und Studierende, die die Theorie und Praxis von internationalen Jugendbegegnungen Schritt f\u00fcr Schritt erlernen m\u00f6chten, um anschlie\u00dfend eigenverantwortlich Begegnungen durchf\u00fchren zu k\u00f6nnen.<\/p>\n<p>Folgende Ausbildungsinhalte sind vorgesehen: Ziele und Aufbau von Jugendbegegnungen, Rolle des Teamers, Arbeit im internationalen Team, Interkulturelles Lernen, Landeskunde, Aufgaben und Funktionsweise vom Deutsch Franz\u00f6sischen Jugendwerk und Deutsch Polnischen Jugendwerk. Eine Reflektion \u00fcber die Rolle der Sprache in der interkulturellen Begegnung sowie das Erlernen von praktischen Methoden der Sprachanimation sind ebenfalls integraler Bestandteil des Zyklus. In jeder Seminarphase arbeiten wir sowohl theoretisch als auch praktisch individuell oder in gemischtnationalen Kleingruppen.<\/p>\n<p>Die Ausbildung wird durch die Vermittlung einer Reihe von praktischen Methoden aus den Bereichen Gruppenp\u00e4dagogik, D\u00e9cryptage, Kommunikation, Konfliktl\u00f6sung, Interkulturelles Lernen, Vorurteile und Stereotypen abgerundet. Die Teilnahme an allen drei Seminarteilen ist obligatorisch.<\/p>\n<p>Die Ausbildung wird von erfahrenen Trainer_innen geleitet.<br \/>\nZwei Sprachmittlerinnen sind ebenfalls anwesend.<\/p>\n<p>Diese Grundausbildung wird freundlicherweise unterst\u00fctzt vom Deutsch Franz\u00f6sischen Jugendwerk (DFJW). Sie entspricht den Ausbildungsstandards zur Ausstellung von Zertifikaten f\u00fcr Jugendleiterinnen und Jugendleitern von deutsch-franz\u00f6sischen und trinationalen Jugendbegegnungen. Diese wurden von einer Arbeitsgruppe bestehend aus Vertretern deutscher und franz\u00f6sischer Vereine und Verb\u00e4nde sowie dem DFJW verabschiedet. Bei erfolgreicher Teilnahme an der Ausbildung wird vom <a href=\"https:\/\/teamer.dfjw.org\/\">DFJW das Zertifikat<\/a> f\u00fcr Jugendleiterinnen und Jugendleiter von interkulturellen Jugendbegegnungen verliehen. Es best\u00e4tigt den Erwerb verschiedener Kompetenzen und die Eignung als Leiterin bzw. Leiter interkultureller Begegnungen.<\/p>\n<p><strong>Teilnahmegeb\u00fchren:<\/strong> F\u00fcr Interessierte aus Deutschland, bitte wenden Sie sich direkt an unseren Partnerverein Interkulturelles Netzwerk e.V.<\/p>\n<p><em>Partnerorganisationen:<\/em><\/p>\n<p><a href=\"http:\/\/www.interkulturelles-netzwerk.de\/\">Interkulturelles Netzwerk e.V. <\/a>, Brandenburg, Deutschland<\/p>\n<p>Akademicki ZwiazekSportowy, Warschau, Polen<\/p>\n<p>&nbsp;<\/p>\n<p>&nbsp;<\/p>\n<p>&nbsp;<\/p>\n<p>&nbsp;<\/p>\n<p>[\/vc_column_text][\/vc_column][\/vc_row][vc_row][vc_column][vc_cta h2=\u00a0\u00bbVous souhaitez en savoir plus ?\u00a0\u00bb txt_align=\u00a0\u00bbcenter\u00a0\u00bb]<\/p>\n<h3><a href=\"http:\/\/www.gwennili.net\/de\/kontakt\/\">Contactez-nous !<\/a><\/h3>\n<p>[\/vc_cta][\/vc_column][\/vc_row]<\/p>\n","protected":false},"excerpt":{"rendered":"<p>[vc_row][vc_column][\/vc_column][\/vc_row][vc_row][vc_column width=\u00a0\u00bb1\/3&Prime;][vc_single_image image=\u00a0\u00bb6866&Prime; img_size=\u00a0\u00bblarge\u00a0\u00bb alignment=\u00a0\u00bbcenter\u00a0\u00bb][\/vc_column][vc_column width=\u00a0\u00bb1\/3&Prime;][vc_single_image image=\u00a0\u00bb6868&Prime; img_size=\u00a0\u00bb\u00a0\u00bb alignment=\u00a0\u00bbcenter\u00a0\u00bb][\/vc_column][vc_column width=\u00a0\u00bb1\/3&Prime;][vc_single_image image=\u00a0\u00bb6867&Prime; img_size=\u00a0\u00bblarge\u00a0\u00bb alignment=\u00a0\u00bbcenter\u00a0\u00bb][\/vc_column][\/vc_row][vc_row][vc_column][vc_column_text] Deutsch-Franz\u00f6sisch-Polnische zertifizierende Grundausbildung f\u00fcr Gruppenleiter_innen Internationaler Austausch: \u00ab\u00a0Schritt f\u00fcr Schritt\u00a0\u00bb 1. Phase: vom\u00a022.\u00a0bis\u00a029\u00a0April 2017\u00a0in Ch\u00e2teaulin (Bretagne) 2. [&hellip;]<\/p>\n","protected":false},"author":2,"featured_media":5943,"parent":5313,"menu_order":0,"comment_status":"closed","ping_status":"closed","template":"templates\/template-page-left-sidebar.php","meta":[],"yoast_head":"<!-- This site is optimized with the Yoast SEO plugin v21.8.1 - https:\/\/yoast.com\/wordpress\/plugins\/seo\/ -->\n<title>Fortbildung als interkulturelle_r Jugendleiter_in - Gwennili<\/title>\n<meta name=\"robots\" content=\"index, follow, max-snippet:-1, max-image-preview:large, max-video-preview:-1\" \/>\n<link rel=\"canonical\" href=\"http:\/\/www.gwennili.net\/de\/se-former\/la-formation-aux-echanges-interculturels\/\" \/>\n<meta property=\"og:locale\" content=\"fr_FR\" \/>\n<meta property=\"og:type\" content=\"article\" \/>\n<meta property=\"og:title\" content=\"Fortbildung als interkulturelle_r Jugendleiter_in - Gwennili\" \/>\n<meta property=\"og:description\" content=\"[vc_row][vc_column][\/vc_column][\/vc_row][vc_row][vc_column width=\u00a0\u00bb1\/3&Prime;][vc_single_image image=\u00a0\u00bb6866&Prime; img_size=\u00a0\u00bblarge\u00a0\u00bb alignment=\u00a0\u00bbcenter\u00a0\u00bb][\/vc_column][vc_column width=\u00a0\u00bb1\/3&Prime;][vc_single_image image=\u00a0\u00bb6868&Prime; img_size=\u00a0\u00bb\u00a0\u00bb alignment=\u00a0\u00bbcenter\u00a0\u00bb][\/vc_column][vc_column width=\u00a0\u00bb1\/3&Prime;][vc_single_image image=\u00a0\u00bb6867&Prime; img_size=\u00a0\u00bblarge\u00a0\u00bb alignment=\u00a0\u00bbcenter\u00a0\u00bb][\/vc_column][\/vc_row][vc_row][vc_column][vc_column_text] Deutsch-Franz\u00f6sisch-Polnische zertifizierende Grundausbildung f\u00fcr Gruppenleiter_innen Internationaler Austausch: \u00ab\u00a0Schritt f\u00fcr Schritt\u00a0\u00bb 1. Phase: vom\u00a022.\u00a0bis\u00a029\u00a0April 2017\u00a0in Ch\u00e2teaulin (Bretagne) 2. [&hellip;]\" \/>\n<meta property=\"og:url\" content=\"http:\/\/www.gwennili.net\/de\/se-former\/la-formation-aux-echanges-interculturels\/\" \/>\n<meta property=\"og:site_name\" content=\"Gwennili\" \/>\n<meta property=\"article:modified_time\" content=\"2017-02-16T09:08:44+00:00\" \/>\n<meta property=\"og:image\" content=\"http:\/\/www.gwennili.net\/de\/wp-content\/uploads\/2016\/10\/Slider-formation.jpg\" \/>\n\t<meta property=\"og:image:width\" content=\"1920\" \/>\n\t<meta property=\"og:image:height\" content=\"1080\" \/>\n\t<meta property=\"og:image:type\" content=\"image\/jpeg\" \/>\n<meta name=\"twitter:card\" content=\"summary_large_image\" \/>\n<meta name=\"twitter:label1\" content=\"Dur\u00e9e de lecture estim\u00e9e\" \/>\n\t<meta name=\"twitter:data1\" content=\"2 minutes\" \/>\n<script type=\"application\/ld+json\" class=\"yoast-schema-graph\">{\"@context\":\"https:\/\/schema.org\",\"@graph\":[{\"@type\":\"WebPage\",\"@id\":\"http:\/\/www.gwennili.net\/de\/se-former\/la-formation-aux-echanges-interculturels\/\",\"url\":\"http:\/\/www.gwennili.net\/de\/se-former\/la-formation-aux-echanges-interculturels\/\",\"name\":\"Fortbildung als interkulturelle_r Jugendleiter_in - Gwennili\",\"isPartOf\":{\"@id\":\"http:\/\/www.gwennili.net\/de\/#website\"},\"datePublished\":\"2016-07-21T12:55:09+00:00\",\"dateModified\":\"2017-02-16T09:08:44+00:00\",\"breadcrumb\":{\"@id\":\"http:\/\/www.gwennili.net\/de\/se-former\/la-formation-aux-echanges-interculturels\/#breadcrumb\"},\"inLanguage\":\"fr-FR\",\"potentialAction\":[{\"@type\":\"ReadAction\",\"target\":[\"http:\/\/www.gwennili.net\/de\/se-former\/la-formation-aux-echanges-interculturels\/\"]}]},{\"@type\":\"BreadcrumbList\",\"@id\":\"http:\/\/www.gwennili.net\/de\/se-former\/la-formation-aux-echanges-interculturels\/#breadcrumb\",\"itemListElement\":[{\"@type\":\"ListItem\",\"position\":1,\"name\":\"Accueil\",\"item\":\"http:\/\/www.gwennili.net\/de\/\"},{\"@type\":\"ListItem\",\"position\":2,\"name\":\"Fortbildungen und Seminare\",\"item\":\"http:\/\/www.gwennili.net\/de\/se-former\/\"},{\"@type\":\"ListItem\",\"position\":3,\"name\":\"Fortbildung als interkulturelle_r Jugendleiter_in\"}]},{\"@type\":\"WebSite\",\"@id\":\"http:\/\/www.gwennili.net\/de\/#website\",\"url\":\"http:\/\/www.gwennili.net\/de\/\",\"name\":\"Gwennili\",\"description\":\"Rencontres et \u00c9changes Interculturels\",\"potentialAction\":[{\"@type\":\"SearchAction\",\"target\":{\"@type\":\"EntryPoint\",\"urlTemplate\":\"http:\/\/www.gwennili.net\/de\/?s={search_term_string}\"},\"query-input\":\"required name=search_term_string\"}],\"inLanguage\":\"fr-FR\"}]}<\/script>\n<!-- \/ Yoast SEO plugin. -->","yoast_head_json":{"title":"Fortbildung als interkulturelle_r Jugendleiter_in - Gwennili","robots":{"index":"index","follow":"follow","max-snippet":"max-snippet:-1","max-image-preview":"max-image-preview:large","max-video-preview":"max-video-preview:-1"},"canonical":"http:\/\/www.gwennili.net\/de\/se-former\/la-formation-aux-echanges-interculturels\/","og_locale":"fr_FR","og_type":"article","og_title":"Fortbildung als interkulturelle_r Jugendleiter_in - Gwennili","og_description":"[vc_row][vc_column][\/vc_column][\/vc_row][vc_row][vc_column width=\u00a0\u00bb1\/3&Prime;][vc_single_image image=\u00a0\u00bb6866&Prime; img_size=\u00a0\u00bblarge\u00a0\u00bb alignment=\u00a0\u00bbcenter\u00a0\u00bb][\/vc_column][vc_column width=\u00a0\u00bb1\/3&Prime;][vc_single_image image=\u00a0\u00bb6868&Prime; img_size=\u00a0\u00bb\u00a0\u00bb alignment=\u00a0\u00bbcenter\u00a0\u00bb][\/vc_column][vc_column width=\u00a0\u00bb1\/3&Prime;][vc_single_image image=\u00a0\u00bb6867&Prime; img_size=\u00a0\u00bblarge\u00a0\u00bb alignment=\u00a0\u00bbcenter\u00a0\u00bb][\/vc_column][\/vc_row][vc_row][vc_column][vc_column_text] Deutsch-Franz\u00f6sisch-Polnische zertifizierende Grundausbildung f\u00fcr Gruppenleiter_innen Internationaler Austausch: \u00ab\u00a0Schritt f\u00fcr Schritt\u00a0\u00bb 1. Phase: vom\u00a022.\u00a0bis\u00a029\u00a0April 2017\u00a0in Ch\u00e2teaulin (Bretagne) 2. [&hellip;]","og_url":"http:\/\/www.gwennili.net\/de\/se-former\/la-formation-aux-echanges-interculturels\/","og_site_name":"Gwennili","article_modified_time":"2017-02-16T09:08:44+00:00","og_image":[{"width":1920,"height":1080,"url":"http:\/\/www.gwennili.net\/de\/wp-content\/uploads\/2016\/10\/Slider-formation.jpg","type":"image\/jpeg"}],"twitter_card":"summary_large_image","twitter_misc":{"Dur\u00e9e de lecture estim\u00e9e":"2 minutes"},"schema":{"@context":"https:\/\/schema.org","@graph":[{"@type":"WebPage","@id":"http:\/\/www.gwennili.net\/de\/se-former\/la-formation-aux-echanges-interculturels\/","url":"http:\/\/www.gwennili.net\/de\/se-former\/la-formation-aux-echanges-interculturels\/","name":"Fortbildung als interkulturelle_r Jugendleiter_in - Gwennili","isPartOf":{"@id":"http:\/\/www.gwennili.net\/de\/#website"},"datePublished":"2016-07-21T12:55:09+00:00","dateModified":"2017-02-16T09:08:44+00:00","breadcrumb":{"@id":"http:\/\/www.gwennili.net\/de\/se-former\/la-formation-aux-echanges-interculturels\/#breadcrumb"},"inLanguage":"fr-FR","potentialAction":[{"@type":"ReadAction","target":["http:\/\/www.gwennili.net\/de\/se-former\/la-formation-aux-echanges-interculturels\/"]}]},{"@type":"BreadcrumbList","@id":"http:\/\/www.gwennili.net\/de\/se-former\/la-formation-aux-echanges-interculturels\/#breadcrumb","itemListElement":[{"@type":"ListItem","position":1,"name":"Accueil","item":"http:\/\/www.gwennili.net\/de\/"},{"@type":"ListItem","position":2,"name":"Fortbildungen und Seminare","item":"http:\/\/www.gwennili.net\/de\/se-former\/"},{"@type":"ListItem","position":3,"name":"Fortbildung als interkulturelle_r Jugendleiter_in"}]},{"@type":"WebSite","@id":"http:\/\/www.gwennili.net\/de\/#website","url":"http:\/\/www.gwennili.net\/de\/","name":"Gwennili","description":"Rencontres et \u00c9changes Interculturels","potentialAction":[{"@type":"SearchAction","target":{"@type":"EntryPoint","urlTemplate":"http:\/\/www.gwennili.net\/de\/?s={search_term_string}"},"query-input":"required name=search_term_string"}],"inLanguage":"fr-FR"}]}},"_links":{"self":[{"href":"http:\/\/www.gwennili.net\/de\/wp-json\/wp\/v2\/pages\/5408"}],"collection":[{"href":"http:\/\/www.gwennili.net\/de\/wp-json\/wp\/v2\/pages"}],"about":[{"href":"http:\/\/www.gwennili.net\/de\/wp-json\/wp\/v2\/types\/page"}],"author":[{"embeddable":true,"href":"http:\/\/www.gwennili.net\/de\/wp-json\/wp\/v2\/users\/2"}],"replies":[{"embeddable":true,"href":"http:\/\/www.gwennili.net\/de\/wp-json\/wp\/v2\/comments?post=5408"}],"version-history":[{"count":5,"href":"http:\/\/www.gwennili.net\/de\/wp-json\/wp\/v2\/pages\/5408\/revisions"}],"predecessor-version":[{"id":7022,"href":"http:\/\/www.gwennili.net\/de\/wp-json\/wp\/v2\/pages\/5408\/revisions\/7022"}],"up":[{"embeddable":true,"href":"http:\/\/www.gwennili.net\/de\/wp-json\/wp\/v2\/pages\/5313"}],"wp:featuredmedia":[{"embeddable":true,"href":"http:\/\/www.gwennili.net\/de\/wp-json\/wp\/v2\/media\/5943"}],"wp:attachment":[{"href":"http:\/\/www.gwennili.net\/de\/wp-json\/wp\/v2\/media?parent=5408"}],"curies":[{"name":"wp","href":"https:\/\/api.w.org\/{rel}","templated":true}]}}