{"id":5410,"date":"2016-07-21T14:56:07","date_gmt":"2016-07-21T12:56:07","guid":{"rendered":"http:\/\/www.gwennili.net\/de\/?page_id=5410"},"modified":"2017-02-16T10:08:43","modified_gmt":"2017-02-16T09:08:43","slug":"la-formation-a-lanimation-linguitique","status":"publish","type":"page","link":"http:\/\/www.gwennili.net\/de\/se-former\/la-formation-a-lanimation-linguitique\/","title":{"rendered":"Fortbildung Sprachanimation"},"content":{"rendered":"<p>[vc_row][vc_column]<div class=\"title-subtile-holder\"><h1 class=\"section-title dark_title\">Fortbildung Sprachanimation<\/h1><div class=\"section-border dark_border\"><\/div><div class=\"section-subtitle dark_subtitle\"><\/div><\/div>[\/vc_column][\/vc_row][vc_row][vc_column width=\u00a0\u00bb1\/3&Prime;][vc_single_image image=\u00a0\u00bb6861&Prime; img_size=\u00a0\u00bblarge\u00a0\u00bb alignment=\u00a0\u00bbcenter\u00a0\u00bb][\/vc_column][vc_column width=\u00a0\u00bb1\/3&Prime;][vc_single_image image=\u00a0\u00bb5604&Prime; img_size=\u00a0\u00bblarge\u00a0\u00bb alignment=\u00a0\u00bbcenter\u00a0\u00bb][\/vc_column][vc_column width=\u00a0\u00bb1\/3&Prime;][vc_single_image image=\u00a0\u00bb6860&Prime; img_size=\u00a0\u00bblarge\u00a0\u00bb alignment=\u00a0\u00bbcenter\u00a0\u00bb][\/vc_column][\/vc_row][vc_row][vc_column][vc_column_text]<\/p>\n<h3>Fortbildung: Deutsch-Franz\u00f6sische Sprachanimation <strong>\u00a0<\/strong><\/h3>\n<ul>\n<li>Datum :\u00a0<b>vom<\/b> <strong>26.\u00a0bis\u00a031.\u00a0August 2017\u00a0in Neuruppin\u00a0(Brandenburg, Deutschland)<\/strong><\/li>\n<\/ul>\n<p><em>Teilnahmegeb\u00fchr: Interessierte Teilnehmende aus Deutschland, bitte kontaktieren Sie unsere Partnerorganisation <a href=\"http:\/\/www.interkulturelles-netzwerk.de\/\">Interkulturelles Netzwerk <\/a>e.V. in Deutschland. <\/em><\/p>\n<p>&nbsp;<\/p>\n<p><strong>Beschreibung<\/strong>:<\/p>\n<p style=\"text-align: left;\">Die Sprache spielt eine wesentliche Rolle in internationalen Jugendbegegnungen.<br \/>\nDie <strong>Sensibilisierung<\/strong> f\u00fcr die Sprache der anderen ist Bestandteil des <strong>interkulturellen Prozesses<\/strong> und die Begegnungssituation kann und sollte die <strong>Motivation f\u00fcr das Erlernen der Partnersprache<\/strong> zu f\u00f6rdern. H\u00e4ufig jedoch wird die Sprache als gr\u00f6\u00dftes Hindernis bei der Kontaktaufnahme zwischen den Jugendlichen empfunden und unz\u00e4hlige Missverst\u00e4ndnisse in der Begegnung gehen auf ihr Konto.<\/p>\n<p style=\"text-align: left;\">Es gibt ein <strong>Methode<\/strong> die eine schnelle Kommunikation und spielerische Ann\u00e4herung an die andere Sprache ohne intensives und langes Lernen erlaubt: die <strong>Sprachanimation<\/strong>.<\/p>\n<p>In dieser Ausbildung werden wir uns mit der Rolle und den M\u00f6glichkeiten der Sprachanimation auseinandersetzen und ihre <strong>Anwendung<\/strong> anhand unterschiedlichen Begegnungsarten (Drittortbegegnung, trinationale Begegnung oder Begegnung am Ort des Partners) und Zielpublikum (Auszubildende, Sch\u00fcler&#8230;) diskutieren.<\/p>\n<p style=\"text-align: left;\">Diese Fortbildung wendet sich sowohl an <strong>Interessierte<\/strong> als auch an <strong>Praktiker\/innen mit Erfahrung in interkulturellen Begegnungen<\/strong>, die sich im Besonderen in der Theorie und Praxis (Bestandsaufnahme, Anwendbarkeit, theoretische und methodische Inhalte, Konzeption neuer Methoden, Erfahrungsaustausch) der Sprachanimation ausbilden m\u00f6chten.<\/p>\n<p style=\"text-align: left;\">Diese Grundausbildung wird freundlicherweise vom Deutsch-Franz\u00f6sischen Jugendwerk unterst\u00fctzt. Im Rahmen dieser deutsch-franz\u00f6sischen Fortbildung kann das<a href=\"https:\/\/teamer.dfjw.org\"><strong> DFJW Zertifikat<\/strong> <\/a>zur Sprachanimation erworben werden. In dieser Fortbildung erwirbt die Sprachanimateurin \/ der Sprachanimateur verschiedene Kompetenzen, die sie \/ ihn dazu bef\u00e4higen eine Sprachanimation in deutsch-franz\u00f6sischen Begegnungen anzuleiten.<\/p>\n<p>[\/vc_column_text][\/vc_column][\/vc_row][vc_row][vc_column][vc_cta h2=\u00a0\u00bbVous souhaitez en savoir plus ?\u00a0\u00bb txt_align=\u00a0\u00bbcenter\u00a0\u00bb]<\/p>\n<h3><a href=\"http:\/\/www.gwennili.net\/de\/kontakt\/\">Contactez-nous !<\/a><\/h3>\n<p>[\/vc_cta][\/vc_column][\/vc_row]<\/p>\n","protected":false},"excerpt":{"rendered":"<p>[vc_row][vc_column][\/vc_column][\/vc_row][vc_row][vc_column width=\u00a0\u00bb1\/3&Prime;][vc_single_image image=\u00a0\u00bb6861&Prime; img_size=\u00a0\u00bblarge\u00a0\u00bb alignment=\u00a0\u00bbcenter\u00a0\u00bb][\/vc_column][vc_column width=\u00a0\u00bb1\/3&Prime;][vc_single_image image=\u00a0\u00bb5604&Prime; img_size=\u00a0\u00bblarge\u00a0\u00bb alignment=\u00a0\u00bbcenter\u00a0\u00bb][\/vc_column][vc_column width=\u00a0\u00bb1\/3&Prime;][vc_single_image image=\u00a0\u00bb6860&Prime; img_size=\u00a0\u00bblarge\u00a0\u00bb alignment=\u00a0\u00bbcenter\u00a0\u00bb][\/vc_column][\/vc_row][vc_row][vc_column][vc_column_text] Fortbildung: Deutsch-Franz\u00f6sische Sprachanimation \u00a0 Datum :\u00a0vom 26.\u00a0bis\u00a031.\u00a0August 2017\u00a0in Neuruppin\u00a0(Brandenburg, Deutschland) Teilnahmegeb\u00fchr: Interessierte Teilnehmende aus Deutschland, bitte kontaktieren [&hellip;]<\/p>\n","protected":false},"author":2,"featured_media":5604,"parent":5313,"menu_order":0,"comment_status":"closed","ping_status":"closed","template":"templates\/template-page-left-sidebar.php","meta":[],"yoast_head":"<!-- This site is optimized with the Yoast SEO plugin v21.8.1 - https:\/\/yoast.com\/wordpress\/plugins\/seo\/ -->\n<title>Fortbildung Sprachanimation - Gwennili<\/title>\n<meta name=\"robots\" content=\"index, follow, max-snippet:-1, max-image-preview:large, max-video-preview:-1\" \/>\n<link rel=\"canonical\" href=\"http:\/\/www.gwennili.net\/de\/se-former\/la-formation-a-lanimation-linguitique\/\" \/>\n<meta property=\"og:locale\" content=\"fr_FR\" \/>\n<meta property=\"og:type\" content=\"article\" \/>\n<meta property=\"og:title\" content=\"Fortbildung Sprachanimation - Gwennili\" \/>\n<meta property=\"og:description\" content=\"[vc_row][vc_column][\/vc_column][\/vc_row][vc_row][vc_column width=\u00a0\u00bb1\/3&Prime;][vc_single_image image=\u00a0\u00bb6861&Prime; img_size=\u00a0\u00bblarge\u00a0\u00bb alignment=\u00a0\u00bbcenter\u00a0\u00bb][\/vc_column][vc_column width=\u00a0\u00bb1\/3&Prime;][vc_single_image image=\u00a0\u00bb5604&Prime; img_size=\u00a0\u00bblarge\u00a0\u00bb alignment=\u00a0\u00bbcenter\u00a0\u00bb][\/vc_column][vc_column width=\u00a0\u00bb1\/3&Prime;][vc_single_image image=\u00a0\u00bb6860&Prime; img_size=\u00a0\u00bblarge\u00a0\u00bb alignment=\u00a0\u00bbcenter\u00a0\u00bb][\/vc_column][\/vc_row][vc_row][vc_column][vc_column_text] Fortbildung: Deutsch-Franz\u00f6sische Sprachanimation \u00a0 Datum :\u00a0vom 26.\u00a0bis\u00a031.\u00a0August 2017\u00a0in Neuruppin\u00a0(Brandenburg, Deutschland) Teilnahmegeb\u00fchr: Interessierte Teilnehmende aus Deutschland, bitte kontaktieren [&hellip;]\" \/>\n<meta property=\"og:url\" content=\"http:\/\/www.gwennili.net\/de\/se-former\/la-formation-a-lanimation-linguitique\/\" \/>\n<meta property=\"og:site_name\" content=\"Gwennili\" \/>\n<meta property=\"article:modified_time\" content=\"2017-02-16T09:08:43+00:00\" \/>\n<meta property=\"og:image\" content=\"http:\/\/www.gwennili.net\/de\/wp-content\/uploads\/2016\/07\/IMG_1505.jpg\" \/>\n\t<meta property=\"og:image:width\" content=\"2000\" \/>\n\t<meta property=\"og:image:height\" content=\"1500\" \/>\n\t<meta property=\"og:image:type\" content=\"image\/jpeg\" \/>\n<meta name=\"twitter:card\" content=\"summary_large_image\" \/>\n<meta name=\"twitter:label1\" content=\"Dur\u00e9e de lecture estim\u00e9e\" \/>\n\t<meta name=\"twitter:data1\" content=\"2 minutes\" \/>\n<script type=\"application\/ld+json\" class=\"yoast-schema-graph\">{\"@context\":\"https:\/\/schema.org\",\"@graph\":[{\"@type\":\"WebPage\",\"@id\":\"http:\/\/www.gwennili.net\/de\/se-former\/la-formation-a-lanimation-linguitique\/\",\"url\":\"http:\/\/www.gwennili.net\/de\/se-former\/la-formation-a-lanimation-linguitique\/\",\"name\":\"Fortbildung Sprachanimation - Gwennili\",\"isPartOf\":{\"@id\":\"http:\/\/www.gwennili.net\/de\/#website\"},\"datePublished\":\"2016-07-21T12:56:07+00:00\",\"dateModified\":\"2017-02-16T09:08:43+00:00\",\"breadcrumb\":{\"@id\":\"http:\/\/www.gwennili.net\/de\/se-former\/la-formation-a-lanimation-linguitique\/#breadcrumb\"},\"inLanguage\":\"fr-FR\",\"potentialAction\":[{\"@type\":\"ReadAction\",\"target\":[\"http:\/\/www.gwennili.net\/de\/se-former\/la-formation-a-lanimation-linguitique\/\"]}]},{\"@type\":\"BreadcrumbList\",\"@id\":\"http:\/\/www.gwennili.net\/de\/se-former\/la-formation-a-lanimation-linguitique\/#breadcrumb\",\"itemListElement\":[{\"@type\":\"ListItem\",\"position\":1,\"name\":\"Accueil\",\"item\":\"http:\/\/www.gwennili.net\/de\/\"},{\"@type\":\"ListItem\",\"position\":2,\"name\":\"Fortbildungen und Seminare\",\"item\":\"http:\/\/www.gwennili.net\/de\/se-former\/\"},{\"@type\":\"ListItem\",\"position\":3,\"name\":\"Fortbildung Sprachanimation\"}]},{\"@type\":\"WebSite\",\"@id\":\"http:\/\/www.gwennili.net\/de\/#website\",\"url\":\"http:\/\/www.gwennili.net\/de\/\",\"name\":\"Gwennili\",\"description\":\"Rencontres et \u00c9changes Interculturels\",\"potentialAction\":[{\"@type\":\"SearchAction\",\"target\":{\"@type\":\"EntryPoint\",\"urlTemplate\":\"http:\/\/www.gwennili.net\/de\/?s={search_term_string}\"},\"query-input\":\"required name=search_term_string\"}],\"inLanguage\":\"fr-FR\"}]}<\/script>\n<!-- \/ Yoast SEO plugin. -->","yoast_head_json":{"title":"Fortbildung Sprachanimation - Gwennili","robots":{"index":"index","follow":"follow","max-snippet":"max-snippet:-1","max-image-preview":"max-image-preview:large","max-video-preview":"max-video-preview:-1"},"canonical":"http:\/\/www.gwennili.net\/de\/se-former\/la-formation-a-lanimation-linguitique\/","og_locale":"fr_FR","og_type":"article","og_title":"Fortbildung Sprachanimation - Gwennili","og_description":"[vc_row][vc_column][\/vc_column][\/vc_row][vc_row][vc_column width=\u00a0\u00bb1\/3&Prime;][vc_single_image image=\u00a0\u00bb6861&Prime; img_size=\u00a0\u00bblarge\u00a0\u00bb alignment=\u00a0\u00bbcenter\u00a0\u00bb][\/vc_column][vc_column width=\u00a0\u00bb1\/3&Prime;][vc_single_image image=\u00a0\u00bb5604&Prime; img_size=\u00a0\u00bblarge\u00a0\u00bb alignment=\u00a0\u00bbcenter\u00a0\u00bb][\/vc_column][vc_column width=\u00a0\u00bb1\/3&Prime;][vc_single_image image=\u00a0\u00bb6860&Prime; img_size=\u00a0\u00bblarge\u00a0\u00bb alignment=\u00a0\u00bbcenter\u00a0\u00bb][\/vc_column][\/vc_row][vc_row][vc_column][vc_column_text] Fortbildung: Deutsch-Franz\u00f6sische Sprachanimation \u00a0 Datum :\u00a0vom 26.\u00a0bis\u00a031.\u00a0August 2017\u00a0in Neuruppin\u00a0(Brandenburg, Deutschland) Teilnahmegeb\u00fchr: Interessierte Teilnehmende aus Deutschland, bitte kontaktieren [&hellip;]","og_url":"http:\/\/www.gwennili.net\/de\/se-former\/la-formation-a-lanimation-linguitique\/","og_site_name":"Gwennili","article_modified_time":"2017-02-16T09:08:43+00:00","og_image":[{"width":2000,"height":1500,"url":"http:\/\/www.gwennili.net\/de\/wp-content\/uploads\/2016\/07\/IMG_1505.jpg","type":"image\/jpeg"}],"twitter_card":"summary_large_image","twitter_misc":{"Dur\u00e9e de lecture estim\u00e9e":"2 minutes"},"schema":{"@context":"https:\/\/schema.org","@graph":[{"@type":"WebPage","@id":"http:\/\/www.gwennili.net\/de\/se-former\/la-formation-a-lanimation-linguitique\/","url":"http:\/\/www.gwennili.net\/de\/se-former\/la-formation-a-lanimation-linguitique\/","name":"Fortbildung Sprachanimation - Gwennili","isPartOf":{"@id":"http:\/\/www.gwennili.net\/de\/#website"},"datePublished":"2016-07-21T12:56:07+00:00","dateModified":"2017-02-16T09:08:43+00:00","breadcrumb":{"@id":"http:\/\/www.gwennili.net\/de\/se-former\/la-formation-a-lanimation-linguitique\/#breadcrumb"},"inLanguage":"fr-FR","potentialAction":[{"@type":"ReadAction","target":["http:\/\/www.gwennili.net\/de\/se-former\/la-formation-a-lanimation-linguitique\/"]}]},{"@type":"BreadcrumbList","@id":"http:\/\/www.gwennili.net\/de\/se-former\/la-formation-a-lanimation-linguitique\/#breadcrumb","itemListElement":[{"@type":"ListItem","position":1,"name":"Accueil","item":"http:\/\/www.gwennili.net\/de\/"},{"@type":"ListItem","position":2,"name":"Fortbildungen und Seminare","item":"http:\/\/www.gwennili.net\/de\/se-former\/"},{"@type":"ListItem","position":3,"name":"Fortbildung Sprachanimation"}]},{"@type":"WebSite","@id":"http:\/\/www.gwennili.net\/de\/#website","url":"http:\/\/www.gwennili.net\/de\/","name":"Gwennili","description":"Rencontres et \u00c9changes Interculturels","potentialAction":[{"@type":"SearchAction","target":{"@type":"EntryPoint","urlTemplate":"http:\/\/www.gwennili.net\/de\/?s={search_term_string}"},"query-input":"required name=search_term_string"}],"inLanguage":"fr-FR"}]}},"_links":{"self":[{"href":"http:\/\/www.gwennili.net\/de\/wp-json\/wp\/v2\/pages\/5410"}],"collection":[{"href":"http:\/\/www.gwennili.net\/de\/wp-json\/wp\/v2\/pages"}],"about":[{"href":"http:\/\/www.gwennili.net\/de\/wp-json\/wp\/v2\/types\/page"}],"author":[{"embeddable":true,"href":"http:\/\/www.gwennili.net\/de\/wp-json\/wp\/v2\/users\/2"}],"replies":[{"embeddable":true,"href":"http:\/\/www.gwennili.net\/de\/wp-json\/wp\/v2\/comments?post=5410"}],"version-history":[{"count":5,"href":"http:\/\/www.gwennili.net\/de\/wp-json\/wp\/v2\/pages\/5410\/revisions"}],"predecessor-version":[{"id":7021,"href":"http:\/\/www.gwennili.net\/de\/wp-json\/wp\/v2\/pages\/5410\/revisions\/7021"}],"up":[{"embeddable":true,"href":"http:\/\/www.gwennili.net\/de\/wp-json\/wp\/v2\/pages\/5313"}],"wp:featuredmedia":[{"embeddable":true,"href":"http:\/\/www.gwennili.net\/de\/wp-json\/wp\/v2\/media\/5604"}],"wp:attachment":[{"href":"http:\/\/www.gwennili.net\/de\/wp-json\/wp\/v2\/media?parent=5410"}],"curies":[{"name":"wp","href":"https:\/\/api.w.org\/{rel}","templated":true}]}}