{"id":5424,"date":"2016-07-21T15:36:47","date_gmt":"2016-07-21T13:36:47","guid":{"rendered":"http:\/\/www.gwennili.net\/de\/?page_id=5424"},"modified":"2017-02-16T12:34:43","modified_gmt":"2017-02-16T11:34:43","slug":"dans-le-cadre-scolaire","status":"publish","type":"page","link":"http:\/\/www.gwennili.net\/de\/partir-en-groupe\/dans-le-cadre-scolaire\/","title":{"rendered":"Interkulturelle Jugendbegegnungen mit der Schule"},"content":{"rendered":"<p>[vc_row][vc_column]<div class=\"title-subtile-holder\"><h1 class=\"section-title dark_title\">mit der Schule<\/h1><div class=\"section-border dark_border\"><\/div><div class=\"section-subtitle dark_subtitle\"><\/div><\/div>[\/vc_column][\/vc_row][vc_row][vc_column][vc_row_inner][vc_column_inner width=\u00a0\u00bb1\/2&Prime;][vc_single_image image=\u00a0\u00bb5939&Prime; img_size=\u00a0\u00bb\u00a0\u00bb alignment=\u00a0\u00bbcenter\u00a0\u00bb][\/vc_column_inner][vc_column_inner width=\u00a0\u00bb1\/2&Prime;][vc_single_image image=\u00a0\u00bb5718&Prime; img_size=\u00a0\u00bb\u00a0\u00bb alignment=\u00a0\u00bbcenter\u00a0\u00bb][\/vc_column_inner][\/vc_row_inner][vc_column_text]<em>Europ\u00e4ische Austauschm\u00f6glichkeiten zwischen Berufsschulen, o.\u00e4.\u00a0\u00a0<\/em><\/p>\n<h2>Konkret<\/h2>\n<h3>Wie l\u00e4uft ein solcher Austausch ab?<\/h3>\n<p>Diese Austausche zu spezifischen Themen werden in Zusammenarbeit mit Einrichtungen aus der Bretagne, wie den Berufsschulen, Fortbildungszentren, Jugend\u00e4mtern, Kunst- und Musikhochschulen, Fachhochschulen, Volkshochschulen, etc. konzipiert und organisiert.<\/p>\n<p>Dieses Format der Begegnung richtet sich an Jugendliche und junge Erwachsene, die auf Grund ihrer Ausbildung an eine der oben aufgelistete Institution gebunden sind.<\/p>\n<h3>Welche Zielsetzungen verfolgen diese Begegnungen?<\/h3>\n<ul>\n<li>den pers\u00f6nlichen und\u00a0beruflichen Horizont erweitern,<\/li>\n<li>die\u00a0Verbindung zwischen Jugendlichen aus verschiedenen L\u00e4ndern st\u00e4rken,<\/li>\n<li>andere soziale, \u00f6konomische und berufliche Realit\u00e4ten in anderen L\u00e4ndern besser verstehen,<\/li>\n<li>interkulturelle und fremdsprachliche Kompetenzen erwerben.<\/li>\n<\/ul>\n<p>[\/vc_column_text][\/vc_column][\/vc_row]<\/p>\n","protected":false},"excerpt":{"rendered":"<p>[vc_row][vc_column][\/vc_column][\/vc_row][vc_row][vc_column][vc_row_inner][vc_column_inner width=\u00a0\u00bb1\/2&Prime;][vc_single_image image=\u00a0\u00bb5939&Prime; img_size=\u00a0\u00bb\u00a0\u00bb alignment=\u00a0\u00bbcenter\u00a0\u00bb][\/vc_column_inner][vc_column_inner width=\u00a0\u00bb1\/2&Prime;][vc_single_image image=\u00a0\u00bb5718&Prime; img_size=\u00a0\u00bb\u00a0\u00bb alignment=\u00a0\u00bbcenter\u00a0\u00bb][\/vc_column_inner][\/vc_row_inner][vc_column_text]Europ\u00e4ische Austauschm\u00f6glichkeiten zwischen Berufsschulen, o.\u00e4.\u00a0\u00a0 Konkret Wie l\u00e4uft ein solcher Austausch ab? Diese Austausche zu spezifischen Themen werden in Zusammenarbeit mit Einrichtungen [&hellip;]<\/p>\n","protected":false},"author":2,"featured_media":5939,"parent":5310,"menu_order":0,"comment_status":"closed","ping_status":"closed","template":"templates\/template-page-left-sidebar.php","meta":[],"yoast_head":"<!-- This site is optimized with the Yoast SEO plugin v21.8.1 - https:\/\/yoast.com\/wordpress\/plugins\/seo\/ -->\n<title>Interkulturelle Jugendbegegnungen mit der Schule - Gwennili<\/title>\n<meta name=\"robots\" content=\"index, follow, max-snippet:-1, max-image-preview:large, max-video-preview:-1\" \/>\n<link rel=\"canonical\" href=\"http:\/\/www.gwennili.net\/de\/partir-en-groupe\/dans-le-cadre-scolaire\/\" \/>\n<meta property=\"og:locale\" content=\"fr_FR\" \/>\n<meta property=\"og:type\" content=\"article\" \/>\n<meta property=\"og:title\" content=\"Interkulturelle Jugendbegegnungen mit der Schule - Gwennili\" \/>\n<meta property=\"og:description\" content=\"[vc_row][vc_column][\/vc_column][\/vc_row][vc_row][vc_column][vc_row_inner][vc_column_inner width=\u00a0\u00bb1\/2&Prime;][vc_single_image image=\u00a0\u00bb5939&Prime; img_size=\u00a0\u00bb\u00a0\u00bb alignment=\u00a0\u00bbcenter\u00a0\u00bb][\/vc_column_inner][vc_column_inner width=\u00a0\u00bb1\/2&Prime;][vc_single_image image=\u00a0\u00bb5718&Prime; img_size=\u00a0\u00bb\u00a0\u00bb alignment=\u00a0\u00bbcenter\u00a0\u00bb][\/vc_column_inner][\/vc_row_inner][vc_column_text]Europ\u00e4ische Austauschm\u00f6glichkeiten zwischen Berufsschulen, o.\u00e4.\u00a0\u00a0 Konkret Wie l\u00e4uft ein solcher Austausch ab? Diese Austausche zu spezifischen Themen werden in Zusammenarbeit mit Einrichtungen [&hellip;]\" \/>\n<meta property=\"og:url\" content=\"http:\/\/www.gwennili.net\/de\/partir-en-groupe\/dans-le-cadre-scolaire\/\" \/>\n<meta property=\"og:site_name\" content=\"Gwennili\" \/>\n<meta property=\"article:modified_time\" content=\"2017-02-16T11:34:43+00:00\" \/>\n<meta property=\"og:image\" content=\"http:\/\/www.gwennili.net\/de\/wp-content\/uploads\/2016\/07\/Dans-le-cadre-scolaire-2-1.jpg\" \/>\n\t<meta property=\"og:image:width\" content=\"800\" \/>\n\t<meta property=\"og:image:height\" content=\"800\" \/>\n\t<meta property=\"og:image:type\" content=\"image\/jpeg\" \/>\n<meta name=\"twitter:card\" content=\"summary_large_image\" \/>\n<meta name=\"twitter:label1\" content=\"Dur\u00e9e de lecture estim\u00e9e\" \/>\n\t<meta name=\"twitter:data1\" content=\"1 minute\" \/>\n<script type=\"application\/ld+json\" class=\"yoast-schema-graph\">{\"@context\":\"https:\/\/schema.org\",\"@graph\":[{\"@type\":\"WebPage\",\"@id\":\"http:\/\/www.gwennili.net\/de\/partir-en-groupe\/dans-le-cadre-scolaire\/\",\"url\":\"http:\/\/www.gwennili.net\/de\/partir-en-groupe\/dans-le-cadre-scolaire\/\",\"name\":\"Interkulturelle Jugendbegegnungen mit der Schule - Gwennili\",\"isPartOf\":{\"@id\":\"http:\/\/www.gwennili.net\/de\/#website\"},\"datePublished\":\"2016-07-21T13:36:47+00:00\",\"dateModified\":\"2017-02-16T11:34:43+00:00\",\"breadcrumb\":{\"@id\":\"http:\/\/www.gwennili.net\/de\/partir-en-groupe\/dans-le-cadre-scolaire\/#breadcrumb\"},\"inLanguage\":\"fr-FR\",\"potentialAction\":[{\"@type\":\"ReadAction\",\"target\":[\"http:\/\/www.gwennili.net\/de\/partir-en-groupe\/dans-le-cadre-scolaire\/\"]}]},{\"@type\":\"BreadcrumbList\",\"@id\":\"http:\/\/www.gwennili.net\/de\/partir-en-groupe\/dans-le-cadre-scolaire\/#breadcrumb\",\"itemListElement\":[{\"@type\":\"ListItem\",\"position\":1,\"name\":\"Accueil\",\"item\":\"http:\/\/www.gwennili.net\/de\/\"},{\"@type\":\"ListItem\",\"position\":2,\"name\":\"Interkulturelle Jugendbegegnungen\",\"item\":\"http:\/\/www.gwennili.net\/de\/partir-en-groupe\/\"},{\"@type\":\"ListItem\",\"position\":3,\"name\":\"Interkulturelle Jugendbegegnungen mit der Schule\"}]},{\"@type\":\"WebSite\",\"@id\":\"http:\/\/www.gwennili.net\/de\/#website\",\"url\":\"http:\/\/www.gwennili.net\/de\/\",\"name\":\"Gwennili\",\"description\":\"Rencontres et \u00c9changes Interculturels\",\"potentialAction\":[{\"@type\":\"SearchAction\",\"target\":{\"@type\":\"EntryPoint\",\"urlTemplate\":\"http:\/\/www.gwennili.net\/de\/?s={search_term_string}\"},\"query-input\":\"required name=search_term_string\"}],\"inLanguage\":\"fr-FR\"}]}<\/script>\n<!-- \/ Yoast SEO plugin. -->","yoast_head_json":{"title":"Interkulturelle Jugendbegegnungen mit der Schule - Gwennili","robots":{"index":"index","follow":"follow","max-snippet":"max-snippet:-1","max-image-preview":"max-image-preview:large","max-video-preview":"max-video-preview:-1"},"canonical":"http:\/\/www.gwennili.net\/de\/partir-en-groupe\/dans-le-cadre-scolaire\/","og_locale":"fr_FR","og_type":"article","og_title":"Interkulturelle Jugendbegegnungen mit der Schule - Gwennili","og_description":"[vc_row][vc_column][\/vc_column][\/vc_row][vc_row][vc_column][vc_row_inner][vc_column_inner width=\u00a0\u00bb1\/2&Prime;][vc_single_image image=\u00a0\u00bb5939&Prime; img_size=\u00a0\u00bb\u00a0\u00bb alignment=\u00a0\u00bbcenter\u00a0\u00bb][\/vc_column_inner][vc_column_inner width=\u00a0\u00bb1\/2&Prime;][vc_single_image image=\u00a0\u00bb5718&Prime; img_size=\u00a0\u00bb\u00a0\u00bb alignment=\u00a0\u00bbcenter\u00a0\u00bb][\/vc_column_inner][\/vc_row_inner][vc_column_text]Europ\u00e4ische Austauschm\u00f6glichkeiten zwischen Berufsschulen, o.\u00e4.\u00a0\u00a0 Konkret Wie l\u00e4uft ein solcher Austausch ab? Diese Austausche zu spezifischen Themen werden in Zusammenarbeit mit Einrichtungen [&hellip;]","og_url":"http:\/\/www.gwennili.net\/de\/partir-en-groupe\/dans-le-cadre-scolaire\/","og_site_name":"Gwennili","article_modified_time":"2017-02-16T11:34:43+00:00","og_image":[{"width":800,"height":800,"url":"http:\/\/www.gwennili.net\/de\/wp-content\/uploads\/2016\/07\/Dans-le-cadre-scolaire-2-1.jpg","type":"image\/jpeg"}],"twitter_card":"summary_large_image","twitter_misc":{"Dur\u00e9e de lecture estim\u00e9e":"1 minute"},"schema":{"@context":"https:\/\/schema.org","@graph":[{"@type":"WebPage","@id":"http:\/\/www.gwennili.net\/de\/partir-en-groupe\/dans-le-cadre-scolaire\/","url":"http:\/\/www.gwennili.net\/de\/partir-en-groupe\/dans-le-cadre-scolaire\/","name":"Interkulturelle Jugendbegegnungen mit der Schule - Gwennili","isPartOf":{"@id":"http:\/\/www.gwennili.net\/de\/#website"},"datePublished":"2016-07-21T13:36:47+00:00","dateModified":"2017-02-16T11:34:43+00:00","breadcrumb":{"@id":"http:\/\/www.gwennili.net\/de\/partir-en-groupe\/dans-le-cadre-scolaire\/#breadcrumb"},"inLanguage":"fr-FR","potentialAction":[{"@type":"ReadAction","target":["http:\/\/www.gwennili.net\/de\/partir-en-groupe\/dans-le-cadre-scolaire\/"]}]},{"@type":"BreadcrumbList","@id":"http:\/\/www.gwennili.net\/de\/partir-en-groupe\/dans-le-cadre-scolaire\/#breadcrumb","itemListElement":[{"@type":"ListItem","position":1,"name":"Accueil","item":"http:\/\/www.gwennili.net\/de\/"},{"@type":"ListItem","position":2,"name":"Interkulturelle Jugendbegegnungen","item":"http:\/\/www.gwennili.net\/de\/partir-en-groupe\/"},{"@type":"ListItem","position":3,"name":"Interkulturelle Jugendbegegnungen mit der Schule"}]},{"@type":"WebSite","@id":"http:\/\/www.gwennili.net\/de\/#website","url":"http:\/\/www.gwennili.net\/de\/","name":"Gwennili","description":"Rencontres et \u00c9changes Interculturels","potentialAction":[{"@type":"SearchAction","target":{"@type":"EntryPoint","urlTemplate":"http:\/\/www.gwennili.net\/de\/?s={search_term_string}"},"query-input":"required name=search_term_string"}],"inLanguage":"fr-FR"}]}},"_links":{"self":[{"href":"http:\/\/www.gwennili.net\/de\/wp-json\/wp\/v2\/pages\/5424"}],"collection":[{"href":"http:\/\/www.gwennili.net\/de\/wp-json\/wp\/v2\/pages"}],"about":[{"href":"http:\/\/www.gwennili.net\/de\/wp-json\/wp\/v2\/types\/page"}],"author":[{"embeddable":true,"href":"http:\/\/www.gwennili.net\/de\/wp-json\/wp\/v2\/users\/2"}],"replies":[{"embeddable":true,"href":"http:\/\/www.gwennili.net\/de\/wp-json\/wp\/v2\/comments?post=5424"}],"version-history":[{"count":5,"href":"http:\/\/www.gwennili.net\/de\/wp-json\/wp\/v2\/pages\/5424\/revisions"}],"predecessor-version":[{"id":7045,"href":"http:\/\/www.gwennili.net\/de\/wp-json\/wp\/v2\/pages\/5424\/revisions\/7045"}],"up":[{"embeddable":true,"href":"http:\/\/www.gwennili.net\/de\/wp-json\/wp\/v2\/pages\/5310"}],"wp:featuredmedia":[{"embeddable":true,"href":"http:\/\/www.gwennili.net\/de\/wp-json\/wp\/v2\/media\/5939"}],"wp:attachment":[{"href":"http:\/\/www.gwennili.net\/de\/wp-json\/wp\/v2\/media?parent=5424"}],"curies":[{"name":"wp","href":"https:\/\/api.w.org\/{rel}","templated":true}]}}