{"id":5426,"date":"2016-07-21T15:37:23","date_gmt":"2016-07-21T13:37:23","guid":{"rendered":"http:\/\/www.gwennili.net\/de\/?page_id=5426"},"modified":"2017-03-02T16:50:15","modified_gmt":"2017-03-02T15:50:15","slug":"pendant-les-vacances","status":"publish","type":"page","link":"http:\/\/www.gwennili.net\/de\/partir-en-groupe\/pendant-les-vacances\/","title":{"rendered":"Interkulturelle Jugendbegegnungen w\u00e4hrend der Ferien"},"content":{"rendered":"<p>[vc_row][vc_column]<div class=\"title-subtile-holder\"><h1 class=\"section-title dark_title\">in den Ferien<\/h1><div class=\"section-border dark_border\"><\/div><div class=\"section-subtitle dark_subtitle\"><\/div><\/div>[\/vc_column][\/vc_row][vc_row][vc_column][vc_row_inner][vc_column_inner width=\u00a0\u00bb1\/3&Prime;][vc_single_image image=\u00a0\u00bb5493&Prime; img_size=\u00a0\u00bb\u00a0\u00bb alignment=\u00a0\u00bbcenter\u00a0\u00bb][\/vc_column_inner][vc_column_inner width=\u00a0\u00bb1\/3&Prime;][vc_single_image image=\u00a0\u00bb5494&Prime; img_size=\u00a0\u00bb\u00a0\u00bb alignment=\u00a0\u00bbcenter\u00a0\u00bb][\/vc_column_inner][vc_column_inner width=\u00a0\u00bb1\/3&Prime;][vc_single_image image=\u00a0\u00bb5517&Prime; img_size=\u00a0\u00bb\u00a0\u00bb alignment=\u00a0\u00bbcenter\u00a0\u00bb][\/vc_column_inner][\/vc_row_inner][vc_column_text]<\/p>\n<p style=\"text-align: left;\"><em>Begegnungen f\u00fcr alle<\/em><\/p>\n<h2><span style=\"color: #000000;\">Die Sommerworkcamps und andere europ\u00e4ische Jugendbegegnungen <\/span><\/h2>\n<h4 style=\"text-align: left;\"><\/h4>\n<h4 style=\"text-align: left;\">Die Projekte \u00ab\u00a0f\u00fcr alle\u00a0\u00bb richten sich an alle interessierten\u00a0Jugendlichen im Alter von 16 bis 25 Jahren.<\/h4>\n<p>Ein Sommercamp zum Thema Naturschutz, eine Begegnung zwischen jungen Musikern, ein Seminar zum Thema Migration&#8230; der Themenvielfalt sind (fast) keine Grenzen gesetzt.<\/p>\n<p>Die Themen k\u00f6nnen variieren, aber es geht immer um die Begegnung mit Jugendlichen aus anderen L\u00e4ndern und in Bezug auf unsere Sommerworkcamps um die Unterst\u00fctzung einer lokalen Initiative.<br \/>\nEs gibt keine Fremdsprachevoraussetzungen, um an den Begegnungen teilzunehmen. W\u00e4hrend der Begegnungen sichern interkulturelle Teamer_innen die \u00dcbersetzung und sie helfen den Jugendlichen bei der Kommunikation miteinander. Dabei nutzen sie die Methoden der Sprachanimation und des interkulturellen Lernens.<\/p>\n<p>Diese Begegnungen erm\u00f6glichen den Jugendlichen andere Menschen, andere kulturelle Kontexte, andere Lebensweisen sowie\u00a0andere Sprachen kennenzulernen und\u00a0sich selbst als jungen Franzosen, jungen Europ\u00e4er zu reflektieren.<br \/>\nDie Arbeitsaufgaben w\u00e4hrend der Workcamps sind nur ein Mittel dazu, die interkulturelle Begegnung zu gestaltet. Hierf\u00fcr sind keine besondernen technischen oder physischen Fertigkeiten erforderlich.<\/p>\n<p>F\u00fcr alle Projekte ist eine aktive Teilnahme, Interesse f\u00fcr das Unbekannte und ein Wunsch nach einem leben in der Gemeinschaft, unabdingbar.<\/p>\n<p>Die Teilnahmegeb\u00fchren decken die Reisekosten, die Unterkunft, die Vollverpflegung, die p\u00e4dagogische Begleitung, die Programmkosten sowie die \u00dcbersetzung.<\/p>\n<p>Wir akzeptieren die Ferienchecks und bieten unterschiedliche Tarife je nach Familieneinkommen an.<\/p>\n<p>Die interkulturellen Begegnungen werden von erfahrenden Teamer_innen oder \u00dcbersetzer_innen aus verschiedenen L\u00e4ndern und unterschiedlichen kulturellen Kontexten geleitet.<\/p>\n<h5 style=\"text-align: center;\"><\/h5>\n<p>[\/vc_column_text][\/vc_column][\/vc_row][vc_row][vc_column][vc_column_text]<\/p>\n<h3 style=\"text-align: center;\">Hier findet ihr\u00a0eine \u00dcbersicht\u00a0f\u00fcr unser Sommerprogramm 2017 !<\/h3>\n<p>[\/vc_column_text][vc_empty_space][\/vc_column][\/vc_row][vc_row][vc_column width=\u00a0\u00bb1\/3&Prime;][vc_single_image image=\u00a0\u00bb6590&Prime; alignment=\u00a0\u00bbcenter\u00a0\u00bb style=\u00a0\u00bbvc_box_border_circle_2&Prime;][vc_column_text]<\/p>\n<h5 style=\"text-align: center;\">Franz\u00f6sisch-Deutsch-Bulgarische Jugendbegegnung zum Thema \u00ab\u00a0Jardin recycl\u00e9\u00a0\u00bb in Poullan-sur-mer, Bretagne, Frankreich, 07.-17. Juli 2017<\/h5>\n<p>[\/vc_column_text][\/vc_column][vc_column width=\u00a0\u00bb1\/3&Prime;][vc_single_image image=\u00a0\u00bb6591&Prime; alignment=\u00a0\u00bbcenter\u00a0\u00bb style=\u00a0\u00bbvc_box_border_circle\u00a0\u00bb][vc_column_text]<\/p>\n<h5 style=\"text-align: center;\">Franz\u00f6sisch-Deutsch-Kroatische Jugendbegegnung bei Dresden, Deutschland, 13.-23. juli 2017<\/h5>\n<p>[\/vc_column_text][\/vc_column][vc_column width=\u00a0\u00bb1\/3&Prime;][vc_single_image image=\u00a0\u00bb7065&Prime; alignment=\u00a0\u00bbcenter\u00a0\u00bb style=\u00a0\u00bbvc_box_border_circle\u00a0\u00bb][vc_column_text]<\/p>\n<h5 style=\"text-align: center;\">Franz\u00f6sisch-Deutsch-Serbische Jugendbegegnung bei L\u00fcneburg, Deutschland, 17.-27. Juli 2017<\/h5>\n<p>[\/vc_column_text][\/vc_column][\/vc_row][vc_row][vc_column width=\u00a0\u00bb1\/3&Prime;][vc_single_image image=\u00a0\u00bb6594&Prime; alignment=\u00a0\u00bbcenter\u00a0\u00bb style=\u00a0\u00bbvc_box_border_circle\u00a0\u00bb][vc_column_text]<\/p>\n<h5 style=\"text-align: center;\">Franz\u00f6sisch-Deutsch-Georgische Jugendbegegnung zum thema \u00ab\u00a0ARTOPIA\u00a0\u00bb bei Karlsruhe, Deutschland, 29. Juli-06. August 2017<\/h5>\n<p>[\/vc_column_text][\/vc_column][vc_column width=\u00a0\u00bb1\/3&Prime;][vc_single_image image=\u00a0\u00bb6593&Prime; alignment=\u00a0\u00bbcenter\u00a0\u00bb style=\u00a0\u00bbvc_box_border_circle\u00a0\u00bb][vc_column_text]<\/p>\n<h5 style=\"text-align: center;\">Franz\u00f6sisch-Deutsch-Ungarische Jugendbegegnung zum Thema \u00ab\u00a0Urbain gardening\u00a0\u00bb in Quimper, Frankreich, 31. Juli-09. August 2017<\/h5>\n<p>[\/vc_column_text][\/vc_column][vc_column width=\u00a0\u00bb1\/3&Prime;][vc_single_image image=\u00a0\u00bb6897&Prime; alignment=\u00a0\u00bbcenter\u00a0\u00bb style=\u00a0\u00bbvc_box_border_circle\u00a0\u00bb][vc_column_text]<\/p>\n<h5 style=\"text-align: center;\">Franz\u00f6sisch-Deutsch-Ukrainische Jugendbegegnung zum Thema darstellendes Spiel, Lviv, Ukraine, 01.-10. August 2017<\/h5>\n<p>[\/vc_column_text][\/vc_column][\/vc_row][vc_row][vc_column width=\u00a0\u00bb1\/3&Prime;][vc_single_image image=\u00a0\u00bb7055&Prime; alignment=\u00a0\u00bbcenter\u00a0\u00bb style=\u00a0\u00bbvc_box_border_circle\u00a0\u00bb][vc_column_text]<\/p>\n<h5 style=\"text-align: center;\">Franz\u00f6sich-Deutsche Jugendbegegnung in Aktion am Bodensee, Deutschland, 23. August-01. September 2017<\/h5>\n<p>[\/vc_column_text][\/vc_column][\/vc_row]<\/p>\n","protected":false},"excerpt":{"rendered":"<p>[vc_row][vc_column][\/vc_column][\/vc_row][vc_row][vc_column][vc_row_inner][vc_column_inner width=\u00a0\u00bb1\/3&Prime;][vc_single_image image=\u00a0\u00bb5493&Prime; img_size=\u00a0\u00bb\u00a0\u00bb alignment=\u00a0\u00bbcenter\u00a0\u00bb][\/vc_column_inner][vc_column_inner width=\u00a0\u00bb1\/3&Prime;][vc_single_image image=\u00a0\u00bb5494&Prime; img_size=\u00a0\u00bb\u00a0\u00bb alignment=\u00a0\u00bbcenter\u00a0\u00bb][\/vc_column_inner][vc_column_inner width=\u00a0\u00bb1\/3&Prime;][vc_single_image image=\u00a0\u00bb5517&Prime; img_size=\u00a0\u00bb\u00a0\u00bb alignment=\u00a0\u00bbcenter\u00a0\u00bb][\/vc_column_inner][\/vc_row_inner][vc_column_text] Begegnungen f\u00fcr alle Die Sommerworkcamps und andere europ\u00e4ische Jugendbegegnungen Die Projekte \u00ab\u00a0f\u00fcr alle\u00a0\u00bb richten sich an alle [&hellip;]<\/p>\n","protected":false},"author":2,"featured_media":5940,"parent":5310,"menu_order":0,"comment_status":"closed","ping_status":"closed","template":"templates\/template-page-left-sidebar.php","meta":[],"yoast_head":"<!-- This site is optimized with the Yoast SEO plugin v21.8.1 - https:\/\/yoast.com\/wordpress\/plugins\/seo\/ -->\n<title>Interkulturelle Jugendbegegnungen w\u00e4hrend der Ferien - Gwennili<\/title>\n<meta name=\"robots\" content=\"index, follow, max-snippet:-1, max-image-preview:large, max-video-preview:-1\" \/>\n<link rel=\"canonical\" href=\"http:\/\/www.gwennili.net\/de\/partir-en-groupe\/pendant-les-vacances\/\" \/>\n<meta property=\"og:locale\" content=\"fr_FR\" \/>\n<meta property=\"og:type\" content=\"article\" \/>\n<meta property=\"og:title\" content=\"Interkulturelle Jugendbegegnungen w\u00e4hrend der Ferien - Gwennili\" \/>\n<meta property=\"og:description\" content=\"[vc_row][vc_column][\/vc_column][\/vc_row][vc_row][vc_column][vc_row_inner][vc_column_inner width=\u00a0\u00bb1\/3&Prime;][vc_single_image image=\u00a0\u00bb5493&Prime; img_size=\u00a0\u00bb\u00a0\u00bb alignment=\u00a0\u00bbcenter\u00a0\u00bb][\/vc_column_inner][vc_column_inner width=\u00a0\u00bb1\/3&Prime;][vc_single_image image=\u00a0\u00bb5494&Prime; img_size=\u00a0\u00bb\u00a0\u00bb alignment=\u00a0\u00bbcenter\u00a0\u00bb][\/vc_column_inner][vc_column_inner width=\u00a0\u00bb1\/3&Prime;][vc_single_image image=\u00a0\u00bb5517&Prime; img_size=\u00a0\u00bb\u00a0\u00bb alignment=\u00a0\u00bbcenter\u00a0\u00bb][\/vc_column_inner][\/vc_row_inner][vc_column_text] Begegnungen f\u00fcr alle Die Sommerworkcamps und andere europ\u00e4ische Jugendbegegnungen Die Projekte \u00ab\u00a0f\u00fcr alle\u00a0\u00bb richten sich an alle [&hellip;]\" \/>\n<meta property=\"og:url\" content=\"http:\/\/www.gwennili.net\/de\/partir-en-groupe\/pendant-les-vacances\/\" \/>\n<meta property=\"og:site_name\" content=\"Gwennili\" \/>\n<meta property=\"article:modified_time\" content=\"2017-03-02T15:50:15+00:00\" \/>\n<meta property=\"og:image\" content=\"http:\/\/www.gwennili.net\/de\/wp-content\/uploads\/2016\/07\/Pendant-les-vacances-1.jpg\" \/>\n\t<meta property=\"og:image:width\" content=\"800\" \/>\n\t<meta property=\"og:image:height\" content=\"800\" \/>\n\t<meta property=\"og:image:type\" content=\"image\/jpeg\" \/>\n<meta name=\"twitter:card\" content=\"summary_large_image\" \/>\n<meta name=\"twitter:label1\" content=\"Dur\u00e9e de lecture estim\u00e9e\" \/>\n\t<meta name=\"twitter:data1\" content=\"3 minutes\" \/>\n<script type=\"application\/ld+json\" class=\"yoast-schema-graph\">{\"@context\":\"https:\/\/schema.org\",\"@graph\":[{\"@type\":\"WebPage\",\"@id\":\"http:\/\/www.gwennili.net\/de\/partir-en-groupe\/pendant-les-vacances\/\",\"url\":\"http:\/\/www.gwennili.net\/de\/partir-en-groupe\/pendant-les-vacances\/\",\"name\":\"Interkulturelle Jugendbegegnungen w\u00e4hrend der Ferien - Gwennili\",\"isPartOf\":{\"@id\":\"http:\/\/www.gwennili.net\/de\/#website\"},\"datePublished\":\"2016-07-21T13:37:23+00:00\",\"dateModified\":\"2017-03-02T15:50:15+00:00\",\"breadcrumb\":{\"@id\":\"http:\/\/www.gwennili.net\/de\/partir-en-groupe\/pendant-les-vacances\/#breadcrumb\"},\"inLanguage\":\"fr-FR\",\"potentialAction\":[{\"@type\":\"ReadAction\",\"target\":[\"http:\/\/www.gwennili.net\/de\/partir-en-groupe\/pendant-les-vacances\/\"]}]},{\"@type\":\"BreadcrumbList\",\"@id\":\"http:\/\/www.gwennili.net\/de\/partir-en-groupe\/pendant-les-vacances\/#breadcrumb\",\"itemListElement\":[{\"@type\":\"ListItem\",\"position\":1,\"name\":\"Accueil\",\"item\":\"http:\/\/www.gwennili.net\/de\/\"},{\"@type\":\"ListItem\",\"position\":2,\"name\":\"Interkulturelle Jugendbegegnungen\",\"item\":\"http:\/\/www.gwennili.net\/de\/partir-en-groupe\/\"},{\"@type\":\"ListItem\",\"position\":3,\"name\":\"Interkulturelle Jugendbegegnungen w\u00e4hrend der Ferien\"}]},{\"@type\":\"WebSite\",\"@id\":\"http:\/\/www.gwennili.net\/de\/#website\",\"url\":\"http:\/\/www.gwennili.net\/de\/\",\"name\":\"Gwennili\",\"description\":\"Rencontres et \u00c9changes Interculturels\",\"potentialAction\":[{\"@type\":\"SearchAction\",\"target\":{\"@type\":\"EntryPoint\",\"urlTemplate\":\"http:\/\/www.gwennili.net\/de\/?s={search_term_string}\"},\"query-input\":\"required name=search_term_string\"}],\"inLanguage\":\"fr-FR\"}]}<\/script>\n<!-- \/ Yoast SEO plugin. -->","yoast_head_json":{"title":"Interkulturelle Jugendbegegnungen w\u00e4hrend der Ferien - Gwennili","robots":{"index":"index","follow":"follow","max-snippet":"max-snippet:-1","max-image-preview":"max-image-preview:large","max-video-preview":"max-video-preview:-1"},"canonical":"http:\/\/www.gwennili.net\/de\/partir-en-groupe\/pendant-les-vacances\/","og_locale":"fr_FR","og_type":"article","og_title":"Interkulturelle Jugendbegegnungen w\u00e4hrend der Ferien - Gwennili","og_description":"[vc_row][vc_column][\/vc_column][\/vc_row][vc_row][vc_column][vc_row_inner][vc_column_inner width=\u00a0\u00bb1\/3&Prime;][vc_single_image image=\u00a0\u00bb5493&Prime; img_size=\u00a0\u00bb\u00a0\u00bb alignment=\u00a0\u00bbcenter\u00a0\u00bb][\/vc_column_inner][vc_column_inner width=\u00a0\u00bb1\/3&Prime;][vc_single_image image=\u00a0\u00bb5494&Prime; img_size=\u00a0\u00bb\u00a0\u00bb alignment=\u00a0\u00bbcenter\u00a0\u00bb][\/vc_column_inner][vc_column_inner width=\u00a0\u00bb1\/3&Prime;][vc_single_image image=\u00a0\u00bb5517&Prime; img_size=\u00a0\u00bb\u00a0\u00bb alignment=\u00a0\u00bbcenter\u00a0\u00bb][\/vc_column_inner][\/vc_row_inner][vc_column_text] Begegnungen f\u00fcr alle Die Sommerworkcamps und andere europ\u00e4ische Jugendbegegnungen Die Projekte \u00ab\u00a0f\u00fcr alle\u00a0\u00bb richten sich an alle [&hellip;]","og_url":"http:\/\/www.gwennili.net\/de\/partir-en-groupe\/pendant-les-vacances\/","og_site_name":"Gwennili","article_modified_time":"2017-03-02T15:50:15+00:00","og_image":[{"width":800,"height":800,"url":"http:\/\/www.gwennili.net\/de\/wp-content\/uploads\/2016\/07\/Pendant-les-vacances-1.jpg","type":"image\/jpeg"}],"twitter_card":"summary_large_image","twitter_misc":{"Dur\u00e9e de lecture estim\u00e9e":"3 minutes"},"schema":{"@context":"https:\/\/schema.org","@graph":[{"@type":"WebPage","@id":"http:\/\/www.gwennili.net\/de\/partir-en-groupe\/pendant-les-vacances\/","url":"http:\/\/www.gwennili.net\/de\/partir-en-groupe\/pendant-les-vacances\/","name":"Interkulturelle Jugendbegegnungen w\u00e4hrend der Ferien - Gwennili","isPartOf":{"@id":"http:\/\/www.gwennili.net\/de\/#website"},"datePublished":"2016-07-21T13:37:23+00:00","dateModified":"2017-03-02T15:50:15+00:00","breadcrumb":{"@id":"http:\/\/www.gwennili.net\/de\/partir-en-groupe\/pendant-les-vacances\/#breadcrumb"},"inLanguage":"fr-FR","potentialAction":[{"@type":"ReadAction","target":["http:\/\/www.gwennili.net\/de\/partir-en-groupe\/pendant-les-vacances\/"]}]},{"@type":"BreadcrumbList","@id":"http:\/\/www.gwennili.net\/de\/partir-en-groupe\/pendant-les-vacances\/#breadcrumb","itemListElement":[{"@type":"ListItem","position":1,"name":"Accueil","item":"http:\/\/www.gwennili.net\/de\/"},{"@type":"ListItem","position":2,"name":"Interkulturelle Jugendbegegnungen","item":"http:\/\/www.gwennili.net\/de\/partir-en-groupe\/"},{"@type":"ListItem","position":3,"name":"Interkulturelle Jugendbegegnungen w\u00e4hrend der Ferien"}]},{"@type":"WebSite","@id":"http:\/\/www.gwennili.net\/de\/#website","url":"http:\/\/www.gwennili.net\/de\/","name":"Gwennili","description":"Rencontres et \u00c9changes Interculturels","potentialAction":[{"@type":"SearchAction","target":{"@type":"EntryPoint","urlTemplate":"http:\/\/www.gwennili.net\/de\/?s={search_term_string}"},"query-input":"required name=search_term_string"}],"inLanguage":"fr-FR"}]}},"_links":{"self":[{"href":"http:\/\/www.gwennili.net\/de\/wp-json\/wp\/v2\/pages\/5426"}],"collection":[{"href":"http:\/\/www.gwennili.net\/de\/wp-json\/wp\/v2\/pages"}],"about":[{"href":"http:\/\/www.gwennili.net\/de\/wp-json\/wp\/v2\/types\/page"}],"author":[{"embeddable":true,"href":"http:\/\/www.gwennili.net\/de\/wp-json\/wp\/v2\/users\/2"}],"replies":[{"embeddable":true,"href":"http:\/\/www.gwennili.net\/de\/wp-json\/wp\/v2\/comments?post=5426"}],"version-history":[{"count":5,"href":"http:\/\/www.gwennili.net\/de\/wp-json\/wp\/v2\/pages\/5426\/revisions"}],"predecessor-version":[{"id":7046,"href":"http:\/\/www.gwennili.net\/de\/wp-json\/wp\/v2\/pages\/5426\/revisions\/7046"}],"up":[{"embeddable":true,"href":"http:\/\/www.gwennili.net\/de\/wp-json\/wp\/v2\/pages\/5310"}],"wp:featuredmedia":[{"embeddable":true,"href":"http:\/\/www.gwennili.net\/de\/wp-json\/wp\/v2\/media\/5940"}],"wp:attachment":[{"href":"http:\/\/www.gwennili.net\/de\/wp-json\/wp\/v2\/media?parent=5426"}],"curies":[{"name":"wp","href":"https:\/\/api.w.org\/{rel}","templated":true}]}}