{"id":1125,"date":"2015-04-23T12:31:46","date_gmt":"2015-04-23T12:31:46","guid":{"rendered":"http:\/\/modeltheme.com\/trendwp\/woo\/trend-fashion\/?page_id=1125"},"modified":"2019-03-24T23:32:42","modified_gmt":"2019-03-24T22:32:42","slug":"shop-homepage","status":"publish","type":"page","link":"http:\/\/www.gwennili.net\/en\/","title":{"rendered":"Home"},"content":{"rendered":"<p>[vc_row css=\u00a0\u00bb.vc_custom_1447323482380{margin-top: 0px !important;margin-bottom: 59px !important;}\u00a0\u00bb][vc_column][vc_empty_space]<div class=\"title-subtile-holder\"><h1 class=\"section-title dark_title\">More about us ?<\/h1><div class=\"section-border dark_border\"><\/div><div class=\"section-subtitle dark_subtitle\">Our values<\/div><\/div>[vc_column_text]<\/p>\n<p style=\"text-align: center;\">Gwennili is an\u00a0organisation, whose aime is to promote intercultural learning and encounters for young people between 16 and 30 years old.<\/p>\n<p style=\"text-align: center;\">You want to participate in an intercultural project ? We organize ecological workcamps, artistic projects, intercultural trainings but we&rsquo;re also working on individual mobilities since we&rsquo;re sending and coordinating organisation for european voluntary service.<\/p>\n<p style=\"text-align: center;\"><strong>Do not hesitate to contact us for more info !<\/strong><\/p>\n<p>[\/vc_column_text][\/vc_column][\/vc_row][vc_row css=\u00a0\u00bb.vc_custom_1452692359381{margin-top: 0px !important;margin-bottom: 60px !important;}\u00a0\u00bb][vc_column][\/vc_column][\/vc_row][vc_row css=\u00a0\u00bb.vc_custom_1447321846728{margin-top: 68px !important;margin-bottom: 0px !important;}\u00a0\u00bb][vc_column]<div class=\"title-subtile-holder\"><h1 class=\"section-title dark_title\">We work on different mobility projects :<\/h1><div class=\"section-border dark_border\"><\/div><div class=\"section-subtitle dark_subtitle\"><\/div><\/div>[vc_row_inner][vc_column_inner width=\u00a0\u00bb1\/3&Prime;][vc_column_text]<\/p>\n<h3><img decoding=\"async\" loading=\"lazy\" class=\"size-full wp-image-5923 alignleft\" src=\"http:\/\/www.gwennili.net\/en\/wp-content\/uploads\/2015\/04\/Suitcase-1.jpg\" alt=\"suitcase\" width=\"104\" height=\"104\" srcset=\"http:\/\/www.gwennili.net\/en\/wp-content\/uploads\/2015\/04\/Suitcase-1.jpg 104w, http:\/\/www.gwennili.net\/en\/wp-content\/uploads\/2015\/04\/Suitcase-1-70x70.jpg 70w\" sizes=\"(max-width: 104px) 100vw, 104px\" \/>Go abroad by myself<\/h3>\n<div class=\"vc_tta-panel-body\">\n<div class=\"wpb_text_column wpb_content_element \">\n<div class=\"wpb_wrapper\">\n<p>You want to take the road, alone\u00a0?<\/p>\n<p>You can have a look at our European Voluntary Service opportunities, do not hesitate to have a look to some useful website like<a href=\"https:\/\/www.wwoof.fr\/\"> wwoofing<\/a> and <a href=\"https:\/\/www.workaway.info\/\">workaway<\/a>.<\/p>\n<p><a href=\"http:\/\/www.gwennili.net\/en\/partir-seul\/\"><strong>To know more ?<\/strong><\/a><\/p>\n<\/div>\n<\/div>\n<\/div>\n<p>[\/vc_column_text][\/vc_column_inner][vc_column_inner width=\u00a0\u00bb1\/3&Prime;][vc_column_text]<\/p>\n<h3><img decoding=\"async\" loading=\"lazy\" class=\"size-full wp-image-5925 alignleft\" src=\"http:\/\/www.gwennili.net\/en\/wp-content\/uploads\/2015\/04\/Bus.jpg\" alt=\"bus\" width=\"104\" height=\"104\" srcset=\"http:\/\/www.gwennili.net\/en\/wp-content\/uploads\/2015\/04\/Bus.jpg 104w, http:\/\/www.gwennili.net\/en\/wp-content\/uploads\/2015\/04\/Bus-70x70.jpg 70w\" sizes=\"(max-width: 104px) 100vw, 104px\" \/>Participate in an ecological workcamp or artistic project<\/h3>\n<div class=\"vc_tta-panel-body\">\n<div class=\"wpb_text_column wpb_content_element \">\n<div class=\"wpb_wrapper\">\n<div class=\"vc_tta-panel-body\">\n<div class=\"wpb_text_column wpb_content_element \">\n<div class=\"wpb_wrapper\">\n<p>Gwennili organises every summer ecological workcamps and artistic projects in Britanny, in Germany and in many other European countries (Hungary, Croatia, Serbia &#8230;). These projects last arount 10 days and 8 participants from 3 differents countries are\u00a0building an amazing group.<\/p>\n<p><a href=\"http:\/\/www.gwennili.net\/en\/partir-en-groupe\/pendant-les-vacances\/\"><strong>To know more ?<\/strong><\/a><\/p>\n<\/div>\n<\/div>\n<\/div>\n<\/div>\n<\/div>\n<\/div>\n<p>[\/vc_column_text][\/vc_column_inner][vc_column_inner width=\u00a0\u00bb1\/3&Prime;][vc_column_text]<\/p>\n<h3><img decoding=\"async\" loading=\"lazy\" class=\"size-full wp-image-6087 alignleft\" src=\"http:\/\/www.gwennili.net\/en\/wp-content\/uploads\/2015\/04\/Learn.jpg\" alt=\"learn\" width=\"104\" height=\"104\" srcset=\"http:\/\/www.gwennili.net\/en\/wp-content\/uploads\/2015\/04\/Learn.jpg 104w, http:\/\/www.gwennili.net\/en\/wp-content\/uploads\/2015\/04\/Learn-70x70.jpg 70w\" sizes=\"(max-width: 104px) 100vw, 104px\" \/>Participate in a training<\/h3>\n<div class=\"vc_tta-panel-body\">\n<div class=\"wpb_text_column wpb_content_element \">\n<div class=\"wpb_wrapper\">\n<div class=\"vc_tta-panel-body\">\n<div class=\"wpb_text_column wpb_content_element \">\n<div class=\"wpb_wrapper\">\n<p>One of aim is to support the development of intercultural projects.Therefore, we organiseintercultural trainings to share our experience and give the pedagogical and organisational tools to build a succesful intercultural project to future intercultural teamers.<\/p>\n<\/div>\n<p><a href=\"http:\/\/www.gwennili.net\/en\/se-former\/la-formation-aux-echanges-interculturels\/\">To know more ?<\/a><\/p>\n<div class=\"wpb_wrapper\">\n<p><strong>\u00a0<\/strong><\/p>\n<\/div>\n<\/div>\n<\/div>\n<\/div>\n<\/div>\n<\/div>\n<p>[\/vc_column_text][\/vc_column_inner][\/vc_row_inner][\/vc_column][\/vc_row][vc_row full_width=\u00a0\u00bbstretch_row\u00a0\u00bb css=\u00a0\u00bb.vc_custom_1475680065423{margin-top: 0px !important;margin-bottom: 0px !important;padding-top: 60px !important;padding-bottom: 60px !important;background-image: url(http:\/\/www.gwennili.net\/en\/wp-content\/uploads\/2015\/04\/pic1_gradient-2.jpg?id=4681) !important;}\u00a0\u00bb][vc_column]<div class=\"title-subtile-holder\"><h1 class=\"section-title light_title\">Focus on ``Gwennilis' EVS``<\/h1><div class=\"section-border dark_border\"><\/div><div class=\"section-subtitle light_subtitle\"> <\/div><\/div>[vc_gmaps link=\u00a0\u00bb#E-8_JTNDaWZyYW1lJTIwd2lkdGglM0QlMjIxMDAlMjUlMjIlMjBoZWlnaHQlM0QlMjIzMDBweCUyMiUyMGZyYW1lQm9yZGVyJTNEJTIyMCUyMiUyMHNyYyUzRCUyMmh0dHBzJTNBJTJGJTJGdW1hcC5vcGVuc3RyZWV0bWFwLmZyJTJGZnIlMkZtYXAlMkZzdmVfOTAzODklM0ZzY2FsZUNvbnRyb2wlM0RmYWxzZSUyNm1pbmlNYXAlM0RmYWxzZSUyNnNjcm9sbFdoZWVsWm9vbSUzRGZhbHNlJTI2em9vbUNvbnRyb2wlM0R0cnVlJTI2YWxsb3dFZGl0JTNEZmFsc2UlMjZtb3JlQ29udHJvbCUzRHRydWUlMjZkYXRhbGF5ZXJzQ29udHJvbCUzRHRydWUlMjZvbkxvYWRQYW5lbCUzRHVuZGVmaW5lZCUyNmNhcHRpb25CYXIlM0RmYWxzZSUyMiUzRSUzQyUyRmlmcmFtZSUzRSUzQ3AlM0UlM0NhJTIwaHJlZiUzRCUyMmh0dHBzJTNBJTJGJTJGdW1hcC5vcGVuc3RyZWV0bWFwLmZyJTJGZnIlMkZtYXAlMkZzdmVfOTAzODklMjIlM0VWb2lyJTIwZW4lMjBwbGVpbiUyMCVDMyVBOWNyYW4lM0MlMkZhJTNFJTNDJTJGcCUzRQ==\u00a0\u00bb size=\u00a0\u00bb\u00a0\u00bb][\/vc_column][\/vc_row][vc_row full_width=\u00a0\u00bbstretch_row\u00a0\u00bb css=\u00a0\u00bb.vc_custom_1481042100667{margin-top: 0px !important;margin-bottom: 0px !important;padding-top: 30px !important;padding-bottom: 30px !important;background-color: #eeeeee !important;}\u00a0\u00bb][vc_column width=\u00a0\u00bb2\/3&Prime;][vc_row_inner][vc_column_inner width=\u00a0\u00bb5\/6&Prime; css=\u00a0\u00bb.vc_custom_1445429978052{padding-top: 10px !important;}\u00a0\u00bb][vc_column_text]<\/p>\n<h3 style=\"text-align: left;\"><strong>S&rsquo;INSCRIRE A NOTRE NEWSLETTER<\/strong><\/h3>\n<p style=\"text-align: left;\"><span style=\"color: #808080;\">inscrivez-vous maintenant et recevez r\u00e9guli\u00e8rement des informations concernant notre actualit\u00e9, les projets en cours, formations&#8230;<\/span><\/p>\n<p>[\/vc_column_text][\/vc_column_inner][vc_column_inner width=\u00a0\u00bb1\/6&Prime;][\/vc_column_inner][\/vc_row_inner][\/vc_column][vc_column width=\u00a0\u00bb1\/3&Prime;]\n<div class=\"wpcf7 no-js\" id=\"wpcf7-f6884-o1\" lang=\"fr-FR\" dir=\"ltr\">\n<div class=\"screen-reader-response\"><p role=\"status\" aria-live=\"polite\" aria-atomic=\"true\"><\/p> <ul><\/ul><\/div>\n<form action=\"\/en\/wp-json\/wp\/v2\/pages\/1125#wpcf7-f6884-o1\" method=\"post\" class=\"wpcf7-form init\" aria-label=\"Formulaire de contact\" novalidate=\"novalidate\" data-status=\"init\">\n<div style=\"display: none;\">\n<input type=\"hidden\" name=\"_wpcf7\" value=\"6884\" \/>\n<input type=\"hidden\" name=\"_wpcf7_version\" value=\"5.8.7\" \/>\n<input type=\"hidden\" name=\"_wpcf7_locale\" value=\"fr_FR\" \/>\n<input type=\"hidden\" name=\"_wpcf7_unit_tag\" value=\"wpcf7-f6884-o1\" \/>\n<input type=\"hidden\" name=\"_wpcf7_container_post\" value=\"0\" \/>\n<input type=\"hidden\" name=\"_wpcf7_posted_data_hash\" value=\"\" \/>\n<input type=\"hidden\" name=\"_wpcf7_recaptcha_response\" value=\"\" \/>\n<\/div>\n<h3>VOTRE EMAIL\n<\/h3>\n<p><span class=\"wpcf7-form-control-wrap\" data-name=\"your-email\"><input size=\"40\" class=\"wpcf7-form-control wpcf7-email wpcf7-validates-as-required wpcf7-text wpcf7-validates-as-email\" aria-required=\"true\" aria-invalid=\"false\" value=\"\" type=\"email\" name=\"your-email\" \/><\/span>\n<\/p>\n<p><input class=\"wpcf7-form-control wpcf7-submit has-spinner\" type=\"submit\" value=\"Envoyer\" \/>\n<\/p><p style=\"display: none !important;\" class=\"akismet-fields-container\" data-prefix=\"_wpcf7_ak_\"><label>&#916;<textarea name=\"_wpcf7_ak_hp_textarea\" cols=\"45\" rows=\"8\" maxlength=\"100\"><\/textarea><\/label><input type=\"hidden\" id=\"ak_js_1\" name=\"_wpcf7_ak_js\" value=\"208\"\/><script type=\"text\/javascript\">\ndocument.getElementById( \"ak_js_1\" ).setAttribute( \"value\", ( new Date() ).getTime() );\n<\/script>\n<\/p><div class=\"wpcf7-response-output\" aria-hidden=\"true\"><\/div>\n<\/form>\n<\/div>\n[\/vc_column][\/vc_row]<\/p>\n","protected":false},"excerpt":{"rendered":"<p>[vc_row css=\u00a0\u00bb.vc_custom_1447323482380{margin-top: 0px !important;margin-bottom: 59px !important;}\u00a0\u00bb][vc_column][vc_empty_space][vc_column_text] Gwennili is an\u00a0organisation, whose aime is to promote intercultural learning and encounters for young people between 16 and 30 years old. You want to [&hellip;]<\/p>\n","protected":false},"author":1,"featured_media":0,"parent":0,"menu_order":0,"comment_status":"closed","ping_status":"closed","template":"","meta":[],"yoast_head":"<!-- This site is optimized with the Yoast SEO plugin v21.8.1 - https:\/\/yoast.com\/wordpress\/plugins\/seo\/ -->\n<title>Home - Gwennili<\/title>\n<meta name=\"robots\" content=\"index, follow, max-snippet:-1, max-image-preview:large, max-video-preview:-1\" \/>\n<link rel=\"canonical\" href=\"http:\/\/www.gwennili.net\/en\/\" \/>\n<meta property=\"og:locale\" content=\"fr_FR\" \/>\n<meta property=\"og:type\" content=\"article\" \/>\n<meta property=\"og:title\" content=\"Home - Gwennili\" \/>\n<meta property=\"og:description\" content=\"[vc_row css=\u00a0\u00bb.vc_custom_1447323482380{margin-top: 0px !important;margin-bottom: 59px !important;}\u00a0\u00bb][vc_column][vc_empty_space][vc_column_text] Gwennili is an\u00a0organisation, whose aime is to promote intercultural learning and encounters for young people between 16 and 30 years old. You want to [&hellip;]\" \/>\n<meta property=\"og:url\" content=\"http:\/\/www.gwennili.net\/en\/\" \/>\n<meta property=\"og:site_name\" content=\"Gwennili\" \/>\n<meta property=\"article:modified_time\" content=\"2019-03-24T22:32:42+00:00\" \/>\n<meta property=\"og:image\" content=\"http:\/\/www.gwennili.net\/en\/wp-content\/uploads\/2015\/04\/Suitcase-1.jpg\" \/>\n<meta name=\"twitter:card\" content=\"summary_large_image\" \/>\n<meta name=\"twitter:label1\" content=\"Dur\u00e9e de lecture estim\u00e9e\" \/>\n\t<meta name=\"twitter:data1\" content=\"3 minutes\" \/>\n<script type=\"application\/ld+json\" class=\"yoast-schema-graph\">{\"@context\":\"https:\/\/schema.org\",\"@graph\":[{\"@type\":\"WebPage\",\"@id\":\"http:\/\/www.gwennili.net\/en\/\",\"url\":\"http:\/\/www.gwennili.net\/en\/\",\"name\":\"Home - Gwennili\",\"isPartOf\":{\"@id\":\"http:\/\/www.gwennili.net\/en\/#website\"},\"datePublished\":\"2015-04-23T12:31:46+00:00\",\"dateModified\":\"2019-03-24T22:32:42+00:00\",\"breadcrumb\":{\"@id\":\"http:\/\/www.gwennili.net\/en\/#breadcrumb\"},\"inLanguage\":\"fr-FR\",\"potentialAction\":[{\"@type\":\"ReadAction\",\"target\":[\"http:\/\/www.gwennili.net\/en\/\"]}]},{\"@type\":\"BreadcrumbList\",\"@id\":\"http:\/\/www.gwennili.net\/en\/#breadcrumb\",\"itemListElement\":[{\"@type\":\"ListItem\",\"position\":1,\"name\":\"Accueil\",\"item\":\"http:\/\/www.gwennili.net\/en\/\"},{\"@type\":\"ListItem\",\"position\":2,\"name\":\"Home\"}]},{\"@type\":\"WebSite\",\"@id\":\"http:\/\/www.gwennili.net\/en\/#website\",\"url\":\"http:\/\/www.gwennili.net\/en\/\",\"name\":\"Gwennili\",\"description\":\"Rencontres et \u00c9changes Interculturels\",\"potentialAction\":[{\"@type\":\"SearchAction\",\"target\":{\"@type\":\"EntryPoint\",\"urlTemplate\":\"http:\/\/www.gwennili.net\/en\/?s={search_term_string}\"},\"query-input\":\"required name=search_term_string\"}],\"inLanguage\":\"fr-FR\"}]}<\/script>\n<!-- \/ Yoast SEO plugin. -->","yoast_head_json":{"title":"Home - Gwennili","robots":{"index":"index","follow":"follow","max-snippet":"max-snippet:-1","max-image-preview":"max-image-preview:large","max-video-preview":"max-video-preview:-1"},"canonical":"http:\/\/www.gwennili.net\/en\/","og_locale":"fr_FR","og_type":"article","og_title":"Home - Gwennili","og_description":"[vc_row css=\u00a0\u00bb.vc_custom_1447323482380{margin-top: 0px !important;margin-bottom: 59px !important;}\u00a0\u00bb][vc_column][vc_empty_space][vc_column_text] Gwennili is an\u00a0organisation, whose aime is to promote intercultural learning and encounters for young people between 16 and 30 years old. You want to [&hellip;]","og_url":"http:\/\/www.gwennili.net\/en\/","og_site_name":"Gwennili","article_modified_time":"2019-03-24T22:32:42+00:00","og_image":[{"url":"http:\/\/www.gwennili.net\/en\/wp-content\/uploads\/2015\/04\/Suitcase-1.jpg"}],"twitter_card":"summary_large_image","twitter_misc":{"Dur\u00e9e de lecture estim\u00e9e":"3 minutes"},"schema":{"@context":"https:\/\/schema.org","@graph":[{"@type":"WebPage","@id":"http:\/\/www.gwennili.net\/en\/","url":"http:\/\/www.gwennili.net\/en\/","name":"Home - Gwennili","isPartOf":{"@id":"http:\/\/www.gwennili.net\/en\/#website"},"datePublished":"2015-04-23T12:31:46+00:00","dateModified":"2019-03-24T22:32:42+00:00","breadcrumb":{"@id":"http:\/\/www.gwennili.net\/en\/#breadcrumb"},"inLanguage":"fr-FR","potentialAction":[{"@type":"ReadAction","target":["http:\/\/www.gwennili.net\/en\/"]}]},{"@type":"BreadcrumbList","@id":"http:\/\/www.gwennili.net\/en\/#breadcrumb","itemListElement":[{"@type":"ListItem","position":1,"name":"Accueil","item":"http:\/\/www.gwennili.net\/en\/"},{"@type":"ListItem","position":2,"name":"Home"}]},{"@type":"WebSite","@id":"http:\/\/www.gwennili.net\/en\/#website","url":"http:\/\/www.gwennili.net\/en\/","name":"Gwennili","description":"Rencontres et \u00c9changes Interculturels","potentialAction":[{"@type":"SearchAction","target":{"@type":"EntryPoint","urlTemplate":"http:\/\/www.gwennili.net\/en\/?s={search_term_string}"},"query-input":"required name=search_term_string"}],"inLanguage":"fr-FR"}]}},"_links":{"self":[{"href":"http:\/\/www.gwennili.net\/en\/wp-json\/wp\/v2\/pages\/1125"}],"collection":[{"href":"http:\/\/www.gwennili.net\/en\/wp-json\/wp\/v2\/pages"}],"about":[{"href":"http:\/\/www.gwennili.net\/en\/wp-json\/wp\/v2\/types\/page"}],"author":[{"embeddable":true,"href":"http:\/\/www.gwennili.net\/en\/wp-json\/wp\/v2\/users\/1"}],"replies":[{"embeddable":true,"href":"http:\/\/www.gwennili.net\/en\/wp-json\/wp\/v2\/comments?post=1125"}],"version-history":[{"count":10,"href":"http:\/\/www.gwennili.net\/en\/wp-json\/wp\/v2\/pages\/1125\/revisions"}],"predecessor-version":[{"id":7057,"href":"http:\/\/www.gwennili.net\/en\/wp-json\/wp\/v2\/pages\/1125\/revisions\/7057"}],"wp:attachment":[{"href":"http:\/\/www.gwennili.net\/en\/wp-json\/wp\/v2\/media?parent=1125"}],"curies":[{"name":"wp","href":"https:\/\/api.w.org\/{rel}","templated":true}]}}