{"id":5415,"date":"2016-07-21T14:57:40","date_gmt":"2016-07-21T12:57:40","guid":{"rendered":"http:\/\/www.gwennili.net\/en\/?page_id=5415"},"modified":"2016-10-17T14:20:12","modified_gmt":"2016-10-17T12:20:12","slug":"partir-seul","status":"publish","type":"page","link":"http:\/\/www.gwennili.net\/en\/partir-seul\/","title":{"rendered":"Stages et services volontaires en solo"},"content":{"rendered":"<p>[vc_row][vc_column]<div class=\"title-subtile-holder\"><h1 class=\"section-title dark_title\">Partir seul<\/h1><div class=\"section-border dark_border\"><\/div><div class=\"section-subtitle dark_subtitle\"><\/div><\/div>[\/vc_column][\/vc_row][vc_row][vc_column][vc_column_text]Vous souhaitez partir seul ?<\/p>\n<p>Plusieurs possibilit\u00e9s s&rsquo;offrent \u00e0 vous :<\/p>\n<ul>\n<li>Le stage professionnel<\/li>\n<li>Le SVE (Service Volontaire Europ\u00e9en)<\/li>\n<\/ul>\n<p>N&rsquo;h\u00e9sitez pas \u00e0 <a href=\"http:\/\/www.gwennili.net\/en\/contact\/\">nous contacter<\/a> pour en savoir plus ![\/vc_column_text][\/vc_column][\/vc_row][vc_row][vc_column width=\u00a0\u00bb1\/2&Prime;][vc_column_text]<\/p>\n<h3><a href=\"http:\/\/www.gwennili.net\/en\/les-stages-professionnels\/\">Le stage professionnel<\/a><\/h3>\n<p>[\/vc_column_text][vc_empty_space][vc_single_image image=\u00a0\u00bb5866&Prime; img_size=\u00a0\u00bbfull\u00a0\u00bb onclick=\u00a0\u00bbcustom_link\u00a0\u00bb link=\u00a0\u00bbhttp:\/\/www.gwennili.net\/en\/les-stages-professionnels\/\u00a0\u00bb][vc_empty_space][vc_column_text]Depuis septembre 2016, notre association vous propose des stages professionnels en Europe, en partenariat avec les Missions Locales finist\u00e9riennes.[\/vc_column_text][\/vc_column][vc_column width=\u00a0\u00bb1\/2&Prime;][vc_column_text]<\/p>\n<h3><a href=\"http:\/\/www.gwennili.net\/en\/en-volontariat\/\">Le Service Volontaire Europ\u00e9en<\/a><\/h3>\n<p>[\/vc_column_text][vc_empty_space][vc_single_image image=\u00a0\u00bb5865&Prime; img_size=\u00a0\u00bbfull\u00a0\u00bb onclick=\u00a0\u00bbcustom_link\u00a0\u00bb link=\u00a0\u00bbhttp:\/\/www.gwennili.net\/en\/en-volontariat\/\u00a0\u00bb][vc_empty_space][vc_column_text]Vous avez moins de 30 ans ?<br \/>\nVous avez envie de d\u00e9couvrir un autre pays ?<br \/>\nVous souhaitez vivre une belle aventure interculturelle ?<br \/>\nVous aimeriez donner de votre temps au service d&rsquo;un projet qui a du sens ?<\/p>\n<div class=\"text_exposed_show\">\n<p>Le Service Volontaire Europ\u00e9en, c&rsquo;est peut-\u00eatre pour vous&#8230;<\/p>\n<\/div>\n<p>[\/vc_column_text][\/vc_column][\/vc_row]<\/p>\n","protected":false},"excerpt":{"rendered":"<p>[vc_row][vc_column][\/vc_column][\/vc_row][vc_row][vc_column][vc_column_text]Vous souhaitez partir seul ? Plusieurs possibilit\u00e9s s&rsquo;offrent \u00e0 vous : Le stage professionnel Le SVE (Service Volontaire Europ\u00e9en) N&rsquo;h\u00e9sitez pas \u00e0 nous contacter pour en savoir plus ![\/vc_column_text][\/vc_column][\/vc_row][vc_row][vc_column width=\u00a0\u00bb1\/2&Prime;][vc_column_text] [&hellip;]<\/p>\n","protected":false},"author":2,"featured_media":5942,"parent":0,"menu_order":0,"comment_status":"closed","ping_status":"closed","template":"templates\/template-page-left-sidebar.php","meta":[],"yoast_head":"<!-- This site is optimized with the Yoast SEO plugin v21.8.1 - https:\/\/yoast.com\/wordpress\/plugins\/seo\/ -->\n<title>Stages et services volontaires en solo - Gwennili<\/title>\n<meta name=\"robots\" content=\"index, follow, max-snippet:-1, max-image-preview:large, max-video-preview:-1\" \/>\n<link rel=\"canonical\" href=\"https:\/\/www.gwennili.net\/en\/partir-seul\/\" \/>\n<meta property=\"og:locale\" content=\"fr_FR\" \/>\n<meta property=\"og:type\" content=\"article\" \/>\n<meta property=\"og:title\" content=\"Stages et services volontaires en solo - Gwennili\" \/>\n<meta property=\"og:description\" content=\"[vc_row][vc_column][\/vc_column][\/vc_row][vc_row][vc_column][vc_column_text]Vous souhaitez partir seul ? Plusieurs possibilit\u00e9s s&rsquo;offrent \u00e0 vous : Le stage professionnel Le SVE (Service Volontaire Europ\u00e9en) N&rsquo;h\u00e9sitez pas \u00e0 nous contacter pour en savoir plus ![\/vc_column_text][\/vc_column][\/vc_row][vc_row][vc_column width=\u00a0\u00bb1\/2&Prime;][vc_column_text] [&hellip;]\" \/>\n<meta property=\"og:url\" content=\"https:\/\/www.gwennili.net\/en\/partir-seul\/\" \/>\n<meta property=\"og:site_name\" content=\"Gwennili\" \/>\n<meta property=\"article:modified_time\" content=\"2016-10-17T12:20:12+00:00\" \/>\n<meta property=\"og:image\" content=\"https:\/\/www.gwennili.net\/en\/wp-content\/uploads\/2016\/10\/Slider-europe.jpg\" \/>\n\t<meta property=\"og:image:width\" content=\"1920\" \/>\n\t<meta property=\"og:image:height\" content=\"1080\" \/>\n\t<meta property=\"og:image:type\" content=\"image\/jpeg\" \/>\n<meta name=\"twitter:card\" content=\"summary_large_image\" \/>\n<meta name=\"twitter:label1\" content=\"Dur\u00e9e de lecture estim\u00e9e\" \/>\n\t<meta name=\"twitter:data1\" content=\"1 minute\" \/>\n<script type=\"application\/ld+json\" class=\"yoast-schema-graph\">{\"@context\":\"https:\/\/schema.org\",\"@graph\":[{\"@type\":\"WebPage\",\"@id\":\"https:\/\/www.gwennili.net\/en\/partir-seul\/\",\"url\":\"https:\/\/www.gwennili.net\/en\/partir-seul\/\",\"name\":\"Stages et services volontaires en solo - Gwennili\",\"isPartOf\":{\"@id\":\"http:\/\/www.gwennili.net\/en\/#website\"},\"datePublished\":\"2016-07-21T12:57:40+00:00\",\"dateModified\":\"2016-10-17T12:20:12+00:00\",\"breadcrumb\":{\"@id\":\"https:\/\/www.gwennili.net\/en\/partir-seul\/#breadcrumb\"},\"inLanguage\":\"fr-FR\",\"potentialAction\":[{\"@type\":\"ReadAction\",\"target\":[\"https:\/\/www.gwennili.net\/en\/partir-seul\/\"]}]},{\"@type\":\"BreadcrumbList\",\"@id\":\"https:\/\/www.gwennili.net\/en\/partir-seul\/#breadcrumb\",\"itemListElement\":[{\"@type\":\"ListItem\",\"position\":1,\"name\":\"Accueil\",\"item\":\"http:\/\/www.gwennili.net\/en\/\"},{\"@type\":\"ListItem\",\"position\":2,\"name\":\"Stages et services volontaires en solo\"}]},{\"@type\":\"WebSite\",\"@id\":\"http:\/\/www.gwennili.net\/en\/#website\",\"url\":\"http:\/\/www.gwennili.net\/en\/\",\"name\":\"Gwennili\",\"description\":\"Rencontres et \u00c9changes Interculturels\",\"potentialAction\":[{\"@type\":\"SearchAction\",\"target\":{\"@type\":\"EntryPoint\",\"urlTemplate\":\"http:\/\/www.gwennili.net\/en\/?s={search_term_string}\"},\"query-input\":\"required name=search_term_string\"}],\"inLanguage\":\"fr-FR\"}]}<\/script>\n<!-- \/ Yoast SEO plugin. -->","yoast_head_json":{"title":"Stages et services volontaires en solo - Gwennili","robots":{"index":"index","follow":"follow","max-snippet":"max-snippet:-1","max-image-preview":"max-image-preview:large","max-video-preview":"max-video-preview:-1"},"canonical":"https:\/\/www.gwennili.net\/en\/partir-seul\/","og_locale":"fr_FR","og_type":"article","og_title":"Stages et services volontaires en solo - Gwennili","og_description":"[vc_row][vc_column][\/vc_column][\/vc_row][vc_row][vc_column][vc_column_text]Vous souhaitez partir seul ? Plusieurs possibilit\u00e9s s&rsquo;offrent \u00e0 vous : Le stage professionnel Le SVE (Service Volontaire Europ\u00e9en) N&rsquo;h\u00e9sitez pas \u00e0 nous contacter pour en savoir plus ![\/vc_column_text][\/vc_column][\/vc_row][vc_row][vc_column width=\u00a0\u00bb1\/2&Prime;][vc_column_text] [&hellip;]","og_url":"https:\/\/www.gwennili.net\/en\/partir-seul\/","og_site_name":"Gwennili","article_modified_time":"2016-10-17T12:20:12+00:00","og_image":[{"width":1920,"height":1080,"url":"https:\/\/www.gwennili.net\/en\/wp-content\/uploads\/2016\/10\/Slider-europe.jpg","type":"image\/jpeg"}],"twitter_card":"summary_large_image","twitter_misc":{"Dur\u00e9e de lecture estim\u00e9e":"1 minute"},"schema":{"@context":"https:\/\/schema.org","@graph":[{"@type":"WebPage","@id":"https:\/\/www.gwennili.net\/en\/partir-seul\/","url":"https:\/\/www.gwennili.net\/en\/partir-seul\/","name":"Stages et services volontaires en solo - Gwennili","isPartOf":{"@id":"http:\/\/www.gwennili.net\/en\/#website"},"datePublished":"2016-07-21T12:57:40+00:00","dateModified":"2016-10-17T12:20:12+00:00","breadcrumb":{"@id":"https:\/\/www.gwennili.net\/en\/partir-seul\/#breadcrumb"},"inLanguage":"fr-FR","potentialAction":[{"@type":"ReadAction","target":["https:\/\/www.gwennili.net\/en\/partir-seul\/"]}]},{"@type":"BreadcrumbList","@id":"https:\/\/www.gwennili.net\/en\/partir-seul\/#breadcrumb","itemListElement":[{"@type":"ListItem","position":1,"name":"Accueil","item":"http:\/\/www.gwennili.net\/en\/"},{"@type":"ListItem","position":2,"name":"Stages et services volontaires en solo"}]},{"@type":"WebSite","@id":"http:\/\/www.gwennili.net\/en\/#website","url":"http:\/\/www.gwennili.net\/en\/","name":"Gwennili","description":"Rencontres et \u00c9changes Interculturels","potentialAction":[{"@type":"SearchAction","target":{"@type":"EntryPoint","urlTemplate":"http:\/\/www.gwennili.net\/en\/?s={search_term_string}"},"query-input":"required name=search_term_string"}],"inLanguage":"fr-FR"}]}},"_links":{"self":[{"href":"http:\/\/www.gwennili.net\/en\/wp-json\/wp\/v2\/pages\/5415"}],"collection":[{"href":"http:\/\/www.gwennili.net\/en\/wp-json\/wp\/v2\/pages"}],"about":[{"href":"http:\/\/www.gwennili.net\/en\/wp-json\/wp\/v2\/types\/page"}],"author":[{"embeddable":true,"href":"http:\/\/www.gwennili.net\/en\/wp-json\/wp\/v2\/users\/2"}],"replies":[{"embeddable":true,"href":"http:\/\/www.gwennili.net\/en\/wp-json\/wp\/v2\/comments?post=5415"}],"version-history":[{"count":5,"href":"http:\/\/www.gwennili.net\/en\/wp-json\/wp\/v2\/pages\/5415\/revisions"}],"predecessor-version":[{"id":6077,"href":"http:\/\/www.gwennili.net\/en\/wp-json\/wp\/v2\/pages\/5415\/revisions\/6077"}],"wp:featuredmedia":[{"embeddable":true,"href":"http:\/\/www.gwennili.net\/en\/wp-json\/wp\/v2\/media\/5942"}],"wp:attachment":[{"href":"http:\/\/www.gwennili.net\/en\/wp-json\/wp\/v2\/media?parent=5415"}],"curies":[{"name":"wp","href":"https:\/\/api.w.org\/{rel}","templated":true}]}}