{"id":5415,"date":"2016-07-21T14:57:40","date_gmt":"2016-07-21T12:57:40","guid":{"rendered":"http:\/\/www.gwennili.net\/fr\/?page_id=5415"},"modified":"2017-03-07T10:26:59","modified_gmt":"2017-03-07T09:26:59","slug":"partir-seul","status":"publish","type":"page","link":"https:\/\/www.gwennili.net\/fr\/partir-seul\/","title":{"rendered":"Stages et services volontaires en solo"},"content":{"rendered":"<p>[vc_row][vc_column]<div class=\"title-subtile-holder\"><h1 class=\"section-title dark_title\">Partir seul<\/h1><div class=\"section-border dark_border\"><\/div><div class=\"section-subtitle dark_subtitle\"><\/div><\/div>[\/vc_column][\/vc_row][vc_row][vc_column][vc_column_text]Vous souhaitez partir seul ?<\/p>\n<p>Plusieurs possibilit\u00e9s s&#8217;offrent \u00e0 vous :<\/p>\n<ul>\n<li>Le stage professionnel<\/li>\n<li>Le SVE (Service Volontaire Europ\u00e9en)<\/li>\n<\/ul>\n<p>N&#8217;h\u00e9sitez pas \u00e0 <a href=\"https:\/\/www.gwennili.net\/fr\/contact\/\">nous contacter<\/a> pour en savoir plus ![\/vc_column_text][\/vc_column][\/vc_row][vc_row][vc_column width=&#8221;1\/2&#8243;][vc_column_text]<\/p>\n<h3><a href=\"https:\/\/www.gwennili.net\/fr\/les-stages-professionnels\/\">Le stage professionnel<\/a><\/h3>\n<p>[\/vc_column_text][vc_empty_space][vc_single_image image=&#8221;7013&#8243; img_size=&#8221;full&#8221; onclick=&#8221;custom_link&#8221; link=&#8221;https:\/\/www.gwennili.net\/fr\/les-stages-professionnels\/&#8221;][vc_empty_space][vc_column_text]Depuis septembre 2016, notre association vous propose des stages professionnels en Europe, en partenariat avec les Missions Locales finist\u00e9riennes.[\/vc_column_text][\/vc_column][vc_column width=&#8221;1\/2&#8243;][vc_column_text]<\/p>\n<h3><a href=\"https:\/\/www.gwennili.net\/fr\/en-volontariat\/\">Le Service Volontaire Europ\u00e9en<\/a><\/h3>\n<p>[\/vc_column_text][vc_empty_space][vc_single_image image=&#8221;5865&#8243; img_size=&#8221;full&#8221; onclick=&#8221;custom_link&#8221; link=&#8221;https:\/\/www.gwennili.net\/fr\/en-volontariat\/&#8221;][vc_empty_space][vc_column_text]Vous avez moins de 30 ans ?<br \/>\nVous avez envie de d\u00e9couvrir un autre pays ?<br \/>\nVous souhaitez vivre une belle aventure interculturelle ?<br \/>\nVous aimeriez donner de votre temps au service d&#8217;un projet qui a du sens ?<\/p>\n<div class=\"text_exposed_show\">\n<p>Le Service Volontaire Europ\u00e9en, c&#8217;est peut-\u00eatre pour vous&#8230;<\/p>\n<\/div>\n<p>[\/vc_column_text][\/vc_column][\/vc_row]<\/p>\n","protected":false},"excerpt":{"rendered":"<p>[vc_row][vc_column][\/vc_column][\/vc_row][vc_row][vc_column][vc_column_text]Vous souhaitez partir seul ? Plusieurs possibilit\u00e9s s&#8217;offrent \u00e0 vous : Le stage professionnel Le SVE (Service Volontaire Europ\u00e9en) N&#8217;h\u00e9sitez pas \u00e0 nous contacter pour en savoir plus ![\/vc_column_text][\/vc_column][\/vc_row][vc_row][vc_column width=&#8221;1\/2&#8243;][vc_column_text] [&hellip;]<\/p>\n","protected":false},"author":2,"featured_media":5942,"parent":0,"menu_order":0,"comment_status":"closed","ping_status":"closed","template":"templates\/template-page-left-sidebar.php","meta":{"footnotes":""},"yoast_head":"<!-- This site is optimized with the Yoast SEO plugin v23.5 - https:\/\/yoast.com\/wordpress\/plugins\/seo\/ -->\n<title>Stages et services volontaires en solo - \u00c9changes interculturels - Gwennili<\/title>\n<meta name=\"description\" content=\"Vous souhaitez partir seul ? Le stage professionnel et le SVE(Service Volontaire Europ\u00e9en) sont deux possibilit\u00e9s qui s&#039;offrent \u00e0 vous !\" \/>\n<meta name=\"robots\" content=\"index, follow, max-snippet:-1, max-image-preview:large, max-video-preview:-1\" \/>\n<link rel=\"canonical\" href=\"https:\/\/www.gwennili.net\/fr\/partir-seul\/\" \/>\n<meta property=\"og:locale\" content=\"fr_FR\" \/>\n<meta property=\"og:type\" content=\"article\" \/>\n<meta property=\"og:title\" content=\"Stages et services volontaires en solo - \u00c9changes interculturels - Gwennili\" \/>\n<meta property=\"og:description\" content=\"Vous souhaitez partir seul ? Le stage professionnel et le SVE(Service Volontaire Europ\u00e9en) sont deux possibilit\u00e9s qui s&#039;offrent \u00e0 vous !\" \/>\n<meta property=\"og:url\" content=\"https:\/\/www.gwennili.net\/fr\/partir-seul\/\" \/>\n<meta property=\"og:site_name\" content=\"Gwennili\" \/>\n<meta property=\"article:modified_time\" content=\"2017-03-07T09:26:59+00:00\" \/>\n<meta property=\"og:image\" content=\"https:\/\/www.gwennili.net\/fr\/wp-content\/uploads\/2016\/10\/Slider-europe.jpg\" \/>\n\t<meta property=\"og:image:width\" content=\"1920\" \/>\n\t<meta property=\"og:image:height\" content=\"1080\" \/>\n\t<meta property=\"og:image:type\" content=\"image\/jpeg\" \/>\n<meta name=\"twitter:card\" content=\"summary_large_image\" \/>\n<meta name=\"twitter:label1\" content=\"Dur\u00e9e de lecture estim\u00e9e\" \/>\n\t<meta name=\"twitter:data1\" content=\"1 minute\" \/>\n<script type=\"application\/ld+json\" class=\"yoast-schema-graph\">{\"@context\":\"https:\/\/schema.org\",\"@graph\":[{\"@type\":\"WebPage\",\"@id\":\"https:\/\/www.gwennili.net\/fr\/partir-seul\/\",\"url\":\"https:\/\/www.gwennili.net\/fr\/partir-seul\/\",\"name\":\"Stages et services volontaires en solo - \u00c9changes interculturels - Gwennili\",\"isPartOf\":{\"@id\":\"https:\/\/www.gwennili.net\/fr\/#website\"},\"primaryImageOfPage\":{\"@id\":\"https:\/\/www.gwennili.net\/fr\/partir-seul\/#primaryimage\"},\"image\":{\"@id\":\"https:\/\/www.gwennili.net\/fr\/partir-seul\/#primaryimage\"},\"thumbnailUrl\":\"https:\/\/www.gwennili.net\/fr\/wp-content\/uploads\/2016\/10\/Slider-europe.jpg\",\"datePublished\":\"2016-07-21T12:57:40+00:00\",\"dateModified\":\"2017-03-07T09:26:59+00:00\",\"description\":\"Vous souhaitez partir seul ? Le stage professionnel et le SVE(Service Volontaire Europ\u00e9en) sont deux possibilit\u00e9s qui s'offrent \u00e0 vous !\",\"breadcrumb\":{\"@id\":\"https:\/\/www.gwennili.net\/fr\/partir-seul\/#breadcrumb\"},\"inLanguage\":\"fr-FR\",\"potentialAction\":[{\"@type\":\"ReadAction\",\"target\":[\"https:\/\/www.gwennili.net\/fr\/partir-seul\/\"]}]},{\"@type\":\"ImageObject\",\"inLanguage\":\"fr-FR\",\"@id\":\"https:\/\/www.gwennili.net\/fr\/partir-seul\/#primaryimage\",\"url\":\"https:\/\/www.gwennili.net\/fr\/wp-content\/uploads\/2016\/10\/Slider-europe.jpg\",\"contentUrl\":\"https:\/\/www.gwennili.net\/fr\/wp-content\/uploads\/2016\/10\/Slider-europe.jpg\",\"width\":1920,\"height\":1080},{\"@type\":\"BreadcrumbList\",\"@id\":\"https:\/\/www.gwennili.net\/fr\/partir-seul\/#breadcrumb\",\"itemListElement\":[{\"@type\":\"ListItem\",\"position\":1,\"name\":\"Accueil\",\"item\":\"https:\/\/www.gwennili.net\/fr\/\"},{\"@type\":\"ListItem\",\"position\":2,\"name\":\"Stages et services volontaires en solo\"}]},{\"@type\":\"WebSite\",\"@id\":\"https:\/\/www.gwennili.net\/fr\/#website\",\"url\":\"https:\/\/www.gwennili.net\/fr\/\",\"name\":\"Gwennili\",\"description\":\"Rencontres et \u00c9changes Interculturels\",\"potentialAction\":[{\"@type\":\"SearchAction\",\"target\":{\"@type\":\"EntryPoint\",\"urlTemplate\":\"https:\/\/www.gwennili.net\/fr\/?s={search_term_string}\"},\"query-input\":{\"@type\":\"PropertyValueSpecification\",\"valueRequired\":true,\"valueName\":\"search_term_string\"}}],\"inLanguage\":\"fr-FR\"}]}<\/script>\n<!-- \/ Yoast SEO plugin. -->","yoast_head_json":{"title":"Stages et services volontaires en solo - \u00c9changes interculturels - Gwennili","description":"Vous souhaitez partir seul ? Le stage professionnel et le SVE(Service Volontaire Europ\u00e9en) sont deux possibilit\u00e9s qui s'offrent \u00e0 vous !","robots":{"index":"index","follow":"follow","max-snippet":"max-snippet:-1","max-image-preview":"max-image-preview:large","max-video-preview":"max-video-preview:-1"},"canonical":"https:\/\/www.gwennili.net\/fr\/partir-seul\/","og_locale":"fr_FR","og_type":"article","og_title":"Stages et services volontaires en solo - \u00c9changes interculturels - Gwennili","og_description":"Vous souhaitez partir seul ? Le stage professionnel et le SVE(Service Volontaire Europ\u00e9en) sont deux possibilit\u00e9s qui s'offrent \u00e0 vous !","og_url":"https:\/\/www.gwennili.net\/fr\/partir-seul\/","og_site_name":"Gwennili","article_modified_time":"2017-03-07T09:26:59+00:00","og_image":[{"width":1920,"height":1080,"url":"https:\/\/www.gwennili.net\/fr\/wp-content\/uploads\/2016\/10\/Slider-europe.jpg","type":"image\/jpeg"}],"twitter_card":"summary_large_image","twitter_misc":{"Dur\u00e9e de lecture estim\u00e9e":"1 minute"},"schema":{"@context":"https:\/\/schema.org","@graph":[{"@type":"WebPage","@id":"https:\/\/www.gwennili.net\/fr\/partir-seul\/","url":"https:\/\/www.gwennili.net\/fr\/partir-seul\/","name":"Stages et services volontaires en solo - \u00c9changes interculturels - Gwennili","isPartOf":{"@id":"https:\/\/www.gwennili.net\/fr\/#website"},"primaryImageOfPage":{"@id":"https:\/\/www.gwennili.net\/fr\/partir-seul\/#primaryimage"},"image":{"@id":"https:\/\/www.gwennili.net\/fr\/partir-seul\/#primaryimage"},"thumbnailUrl":"https:\/\/www.gwennili.net\/fr\/wp-content\/uploads\/2016\/10\/Slider-europe.jpg","datePublished":"2016-07-21T12:57:40+00:00","dateModified":"2017-03-07T09:26:59+00:00","description":"Vous souhaitez partir seul ? Le stage professionnel et le SVE(Service Volontaire Europ\u00e9en) sont deux possibilit\u00e9s qui s'offrent \u00e0 vous !","breadcrumb":{"@id":"https:\/\/www.gwennili.net\/fr\/partir-seul\/#breadcrumb"},"inLanguage":"fr-FR","potentialAction":[{"@type":"ReadAction","target":["https:\/\/www.gwennili.net\/fr\/partir-seul\/"]}]},{"@type":"ImageObject","inLanguage":"fr-FR","@id":"https:\/\/www.gwennili.net\/fr\/partir-seul\/#primaryimage","url":"https:\/\/www.gwennili.net\/fr\/wp-content\/uploads\/2016\/10\/Slider-europe.jpg","contentUrl":"https:\/\/www.gwennili.net\/fr\/wp-content\/uploads\/2016\/10\/Slider-europe.jpg","width":1920,"height":1080},{"@type":"BreadcrumbList","@id":"https:\/\/www.gwennili.net\/fr\/partir-seul\/#breadcrumb","itemListElement":[{"@type":"ListItem","position":1,"name":"Accueil","item":"https:\/\/www.gwennili.net\/fr\/"},{"@type":"ListItem","position":2,"name":"Stages et services volontaires en solo"}]},{"@type":"WebSite","@id":"https:\/\/www.gwennili.net\/fr\/#website","url":"https:\/\/www.gwennili.net\/fr\/","name":"Gwennili","description":"Rencontres et \u00c9changes Interculturels","potentialAction":[{"@type":"SearchAction","target":{"@type":"EntryPoint","urlTemplate":"https:\/\/www.gwennili.net\/fr\/?s={search_term_string}"},"query-input":{"@type":"PropertyValueSpecification","valueRequired":true,"valueName":"search_term_string"}}],"inLanguage":"fr-FR"}]}},"_links":{"self":[{"href":"https:\/\/www.gwennili.net\/fr\/wp-json\/wp\/v2\/pages\/5415"}],"collection":[{"href":"https:\/\/www.gwennili.net\/fr\/wp-json\/wp\/v2\/pages"}],"about":[{"href":"https:\/\/www.gwennili.net\/fr\/wp-json\/wp\/v2\/types\/page"}],"author":[{"embeddable":true,"href":"https:\/\/www.gwennili.net\/fr\/wp-json\/wp\/v2\/users\/2"}],"replies":[{"embeddable":true,"href":"https:\/\/www.gwennili.net\/fr\/wp-json\/wp\/v2\/comments?post=5415"}],"version-history":[{"count":5,"href":"https:\/\/www.gwennili.net\/fr\/wp-json\/wp\/v2\/pages\/5415\/revisions"}],"predecessor-version":[{"id":7016,"href":"https:\/\/www.gwennili.net\/fr\/wp-json\/wp\/v2\/pages\/5415\/revisions\/7016"}],"wp:featuredmedia":[{"embeddable":true,"href":"https:\/\/www.gwennili.net\/fr\/wp-json\/wp\/v2\/media\/5942"}],"wp:attachment":[{"href":"https:\/\/www.gwennili.net\/fr\/wp-json\/wp\/v2\/media?parent=5415"}],"curies":[{"name":"wp","href":"https:\/\/api.w.org\/{rel}","templated":true}]}}