{"id":5418,"date":"2016-07-21T14:59:46","date_gmt":"2016-07-21T12:59:46","guid":{"rendered":"http:\/\/www.gwennili.net\/fr\/?page_id=5418"},"modified":"2022-02-11T13:29:30","modified_gmt":"2022-02-11T12:29:30","slug":"les-stages-professionnels","status":"publish","type":"page","link":"https:\/\/www.gwennili.net\/fr\/partir-seul\/les-stages-professionnels\/","title":{"rendered":"Partir seul en stage professionnel"},"content":{"rendered":"<p>[vc_row][vc_column]<div class=\"title-subtile-holder\"><h1 class=\"section-title dark_title\">Les stages professionnels<\/h1><div class=\"section-border dark_border\"><\/div><div class=\"section-subtitle dark_subtitle\"><\/div><\/div>[\/vc_column][\/vc_row][vc_row full_width=&#8221;stretch_row&#8221;][vc_column width=&#8221;1\/3&#8243;][vc_single_image image=&#8221;8222&#8243; img_size=&#8221;medium&#8221;][\/vc_column][vc_column width=&#8221;1\/3&#8243;][vc_single_image image=&#8221;8223&#8243; img_size=&#8221;medium&#8221;][\/vc_column][vc_column width=&#8221;1\/3&#8243;][vc_single_image image=&#8221;8224&#8243; img_size=&#8221;medium&#8221;][\/vc_column][\/vc_row][vc_row][vc_column][vc_text_separator title=&#8221;Qu&#8217;est-ce que le Mob&#8217;Europe ?&#8221;][vc_video link=&#8221;https:\/\/youtu.be\/7ME7A-cOlOI&#8221; align=&#8221;center&#8221; title=&#8221;Mob&#8217;Europe &#8211; Dublin 2021&#8243;][vc_column_text]_<\/p>\n<p><span style=\"color: #000000;\">Depuis septembre 2016, l\u2019association Gwennili propose aux jeunes accompagn\u00e9s par les Missions locales du Finist\u00e8re<\/span> <span style=\"color: #14a3a8;\"><strong>des stages professionnels en Europe<\/strong><\/span><span style=\"color: #000000;\">, via le dispositif du<\/span><strong><span style=\"color: #14a3a8;\"> Mob&#8217;Europe<\/span>.<\/strong><\/p>\n<p><span style=\"color: #000000;\">Si tu as<\/span>\u00a0<span style=\"color: #14a3a8;\"><strong>entre 18 et 25 ans<\/strong><\/span><span style=\"color: #000000;\">, que\u00a0tu souhaites r\u00e9aliser un stage professionnel en Irlande ou Espagne, rapproche de ta<\/span><strong>\u00a0<span style=\"color: #14a3a8;\">Mission Locale<\/span><\/strong><span style=\"color: #000000;\">, le r\u00e9f\u00e9rent mobilit\u00e9\u00a0te guidera et\u00a0te donnera les premi\u00e8res informations sur le dispositif !<\/span><\/p>\n<p><span style=\"color: #000000;\">Ce projet est co-financ\u00e9 par<\/span> <a href=\"https:\/\/agence.erasmusplus.fr\/\">Erasmus + Education\/Formation<\/a>\u00a0<span style=\"color: #000000;\">et le Conseil D\u00e9partemental du Finist\u00e8re.<\/span><br \/>\n<span style=\"color: #000000;\">Pour la p\u00e9riode qui court de l&#8217;automne 2021 au printemps 2022,\u00a028 bourses\u00a0seront\u00a0octroy\u00e9es par Erasmus +.<\/span><\/p>\n<p><span style=\"color: #000000;\">Les dur\u00e9es de mobilit\u00e9 seront de<\/span><strong>\u00a0<span style=\"color: #14a3a8;\">8 semaines <\/span><\/strong><span style=\"color: #000000;\">et chaque jeune pourra choisir sa destination\u00a0parmi les suivantes :<\/span><\/p>\n<ul>\n<li>&#8211; l<strong>&#8216;<span style=\"color: #14a3a8;\">Irlande<\/span><\/strong> (Dublin, Thomastown, Callan, Ballinasloe )<\/li>\n<li>&#8211; l&#8217;<span style=\"color: #14a3a8;\"><strong>Espagne<\/strong><\/span>\u00a0(S\u00e9ville, L\u00e9on ou Aldea del Portillo del Busto).<\/li>\n<li>&#8211; l<strong>&#8216;<span style=\"color: #14a3a8;\">Italie<\/span><\/strong> (Pesaro)<\/li>\n<li>&#8211; et nouvellement le <span style=\"color: #14a3a8;\"><strong>Portugal<\/strong><\/span>\u00a0(Set\u00f9bal, Viana do Castelo).<\/li>\n<\/ul>\n<p><span style=\"color: #000000;\">Les partenaires locaux du projet\u00a0:<\/span><\/p>\n<ul>\n<li>&#8211;\u00a0<a href=\"https:\/\/www.bij-brest.org\/\">Le Bureau Information Jeunesse de Brest<\/a><\/li>\n<li>&#8211;\u00a0<a href=\"http:\/\/www.mission-locale-brest.org\/\">La Mission du Pays de Brest<\/a><\/li>\n<li>&#8211;\u00a0<a href=\"https:\/\/www.mlpc.asso.fr\/\">La Mission Locale du Pays de Cornouaille<\/a><\/li>\n<li>&#8211;\u00a0<a href=\"http:\/\/missionlocalecob.bzh\/\">La Mission Locale du Centre Ouest Bretagne<\/a><\/li>\n<li>&#8211;\u00a0<a href=\"https:\/\/www.mission-locale-morlaix.fr\/sitemlm\/wp-content\/themes\/mlm\/missionLocale.php\">La Mission Locale du Pays de Morlaix<\/a><\/li>\n<li>&#8211;\u00a0<a href=\"https:\/\/www.finistere.fr\/\">Le Conseil D\u00e9partemental du Finist\u00e8re<\/a><\/li>\n<\/ul>\n<p><span style=\"color: #000000;\">Les partenaires \u00e9trangers sont des organismes ou associations qui facilitent la recherche d&#8217;un<\/span> <strong><span style=\"color: #14a3a8;\">lieu de stage adapt\u00e9 \u00e0 vos aspirations professionnelles et vos comp\u00e9tences<\/span><\/strong>.<\/p>\n<p>En <span style=\"color: #2fa8a8;\"><strong>Irlande<\/strong><\/span> :<\/p>\n<ul>\n<li>&#8211;\u00a0<a href=\"https:\/\/iep.ie\/\">Irish Education Partners<\/a> &#8211; Dublin &#8211; organisme de placement qui travaille en partenariat avec de nombreuses entreprises et associations : restaurants, parcs naturels, &#8220;Charity shop&#8221;, etc.<\/li>\n<li>&#8211;\u00a0<a href=\"http:\/\/kcat.ie\/\">KCAT <\/a>&#8211; Callan\/Kilkenny &#8211; association sp\u00e9cialis\u00e9e dans l&#8217;accompagnement de personnes en situation de handicap par l&#8217;entr\u00e9e artistique. Coordonnent de nombreux projets europ\u00e9ens, dont l&#8217;accueil de volontaires europ\u00e9ens. Ils peuvent accueillir des stagiaires au sein de leur structure mais \u00e9galement au sein des caf\u00e9s associatifs, garages participatifs, librairies et jardins des communes de Thomastown et Callan. (partenariat en pause actuellement)<\/li>\n<li>&#8211;\u00a0<a href=\"http:\/\/www.flowerhill.net\/\">Flowerhill <\/a>&#8211; Ballinasloe &#8211; pour les passionn\u00e9es d&#8217;\u00e9quitation, ce centre \u00e9questre est reconnu \u00e0 l&#8217;\u00e9chelle europ\u00e9enne, de nombreux volontaires y s\u00e9journent.<\/li>\n<\/ul>\n<p>En <span style=\"color: #2fa8a8;\"><strong>Italie<\/strong><\/span> :<\/p>\n<ul>\n<li>&#8211;\u00a0<a href=\"http:\/\/www.vicolocorto.org\/it\">Vicolocorto<\/a> &#8211; Pesaro &#8211; association d&#8217;\u00e9ducation populaire qui coordonne de nombreux projets europ\u00e9ens. L&#8217;assocation est partenaire de restaurants biologiques, de mara\u00eechers, de centre socio-culturels, d&#8217;associations qui viennent en soutien aux migrants&#8230;<\/li>\n<\/ul>\n<p>En <strong><span style=\"color: #2fa8a8;\">Espagne<\/span><\/strong> :<\/p>\n<ul>\n<li>&#8211;\u00a0<a href=\"https:\/\/oneco.org\/\">ONECO<\/a> &#8211; S\u00e9ville &#8211; Organisme de placement disposant de nombreux contacts dans des entreprises et associations. Des exemples de stages : restauration, auberges de jeunesse, enseignement du fran\u00e7ais au lyc\u00e9e, centre \u00e9questre, ferme p\u00e9dagogique, manutention, etc.<\/li>\n<li>&#8211;\u00a0<a href=\"https:\/\/www.asociacionauryn.org\/\">Auryn <\/a>&#8211; L\u00e9on &#8211; Association d&#8217;animation socio-culturelle qui organise \u00e9galement de nombreux projets europ\u00e9ens. Cette association travaille \u00e9galement en partenariat avec la municipalit\u00e9. Stages en restaurants, au sein d&#8217;une association de jardins partag\u00e9s, sur des programmes de d\u00e9mocratisation du sport dans les \u00e9coles, en animation socio-culturelle, etc.<\/li>\n<li>&#8211;\u00a0<a href=\"https:\/\/www.facebook.com\/HacedorImagenesyPalabras\/\">Imagenes y Palabras<\/a> &#8211; Aldea del Portillo del Busto &#8211; Association organisant\u00a0des projets artistiques en milieu rural, au c\u0153ur des petites montagnes de la r\u00e9gion de Burgos.<\/li>\n<\/ul>\n<p>Au <strong><span style=\"color: #2fa8a8;\">Portugal<\/span><\/strong> :<\/p>\n<ul>\n<li>&#8211;\u00a0<a href=\"https:\/\/fr.associacao-faisca.pt\/\">Faisca Vaodora<\/a>\u00a0&#8211; Set\u00f9bal &#8211; Jeune association tr\u00e8s dynamique dans le milieu interculturel, organise des projets \u00e0 l&#8217;\u00e9chelle locale et internationale, la cr\u00e9ativit\u00e9 est toujours au rendez-vous. L&#8217;\u00e9quipe francophone dispose d&#8217;un r\u00e9seau riche autour de Set\u00f9bal : fermes agro\u00e9cologiques, caf\u00e9s, associations, etc.<\/li>\n<li>&#8211;\u00a0<a href=\"https:\/\/associacaodeao.wixsite.com\/ajdeao\">Associa\u00e7\u00e3o Juvenil de De\u00e3o<\/a>\u00a0&#8211; Viana do Castelo &#8211; Structure d&#8217;animation socio-culturelle qui accompagne les 3-18 ans dans le cadre d&#8217;accueils de loisirs avec des ateliers musicaux (d\u00e9couverte du cavaquinho), cr\u00e9atifs, etc. Possibilit\u00e9 d&#8217;accueillir deux stagiaires.<\/li>\n<\/ul>\n<p><span style=\"color: #000000;\">Pour plus d\u2019informations sur le dispositif,<\/span>\u00a0<a href=\"https:\/\/www.gwennili.net\/fr\/contact\/\">contactez-nous<\/a>\u00a0<span style=\"color: #000000;\">\ud83d\ude42<\/span>[\/vc_column_text][\/vc_column][\/vc_row][vc_row][vc_column][vc_gallery type=&#8221;image_grid&#8221; images=&#8221;8278,8279,8280,8281&#8243; img_size=&#8221;medium&#8221;][\/vc_column][\/vc_row]<\/p>\n","protected":false},"excerpt":{"rendered":"<p>[vc_row][vc_column][\/vc_column][\/vc_row][vc_row full_width=&#8221;stretch_row&#8221;][vc_column width=&#8221;1\/3&#8243;][vc_single_image image=&#8221;8222&#8243; img_size=&#8221;medium&#8221;][\/vc_column][vc_column width=&#8221;1\/3&#8243;][vc_single_image image=&#8221;8223&#8243; img_size=&#8221;medium&#8221;][\/vc_column][vc_column width=&#8221;1\/3&#8243;][vc_single_image image=&#8221;8224&#8243; img_size=&#8221;medium&#8221;][\/vc_column][\/vc_row][vc_row][vc_column][vc_text_separator title=&#8221;Qu&#8217;est-ce que le Mob&#8217;Europe ?&#8221;][vc_video link=&#8221;https:\/\/youtu.be\/7ME7A-cOlOI&#8221; align=&#8221;center&#8221; title=&#8221;Mob&#8217;Europe &#8211; Dublin 2021&#8243;][vc_column_text]_ Depuis septembre 2016, l\u2019association Gwennili propose aux jeunes [&hellip;]<\/p>\n","protected":false},"author":2,"featured_media":7013,"parent":5415,"menu_order":0,"comment_status":"closed","ping_status":"closed","template":"templates\/template-page-left-sidebar.php","meta":{"footnotes":""},"yoast_head":"<!-- This site is optimized with the Yoast SEO plugin v23.5 - https:\/\/yoast.com\/wordpress\/plugins\/seo\/ -->\n<title>Partir seul en stage professionnel - Gwennili, association sur Quimper<\/title>\n<meta name=\"description\" content=\"L\u2019association Gwennili propose aux jeunes accompagn\u00e9s par les Missions locales du Finist\u00e8re des stages professionnels en Europe.\" \/>\n<meta name=\"robots\" content=\"index, follow, max-snippet:-1, max-image-preview:large, max-video-preview:-1\" \/>\n<link rel=\"canonical\" href=\"https:\/\/www.gwennili.net\/fr\/partir-seul\/les-stages-professionnels\/\" \/>\n<meta property=\"og:locale\" content=\"fr_FR\" \/>\n<meta property=\"og:type\" content=\"article\" \/>\n<meta property=\"og:title\" content=\"Partir seul en stage professionnel - Gwennili, association sur Quimper\" \/>\n<meta property=\"og:description\" content=\"L\u2019association Gwennili propose aux jeunes accompagn\u00e9s par les Missions locales du Finist\u00e8re des stages professionnels en Europe.\" \/>\n<meta property=\"og:url\" content=\"https:\/\/www.gwennili.net\/fr\/partir-seul\/les-stages-professionnels\/\" \/>\n<meta property=\"og:site_name\" content=\"Gwennili\" \/>\n<meta property=\"article:modified_time\" content=\"2022-02-11T12:29:30+00:00\" \/>\n<meta property=\"og:image\" content=\"https:\/\/www.gwennili.net\/fr\/wp-content\/uploads\/2017\/03\/100_1521-e1490002504802.jpg\" \/>\n\t<meta property=\"og:image:width\" content=\"800\" \/>\n\t<meta property=\"og:image:height\" content=\"600\" \/>\n\t<meta property=\"og:image:type\" content=\"image\/jpeg\" \/>\n<meta name=\"twitter:card\" content=\"summary_large_image\" \/>\n<meta name=\"twitter:label1\" content=\"Dur\u00e9e de lecture estim\u00e9e\" \/>\n\t<meta name=\"twitter:data1\" content=\"4 minutes\" \/>\n<script type=\"application\/ld+json\" class=\"yoast-schema-graph\">{\"@context\":\"https:\/\/schema.org\",\"@graph\":[{\"@type\":\"WebPage\",\"@id\":\"https:\/\/www.gwennili.net\/fr\/partir-seul\/les-stages-professionnels\/\",\"url\":\"https:\/\/www.gwennili.net\/fr\/partir-seul\/les-stages-professionnels\/\",\"name\":\"Partir seul en stage professionnel - Gwennili, association sur Quimper\",\"isPartOf\":{\"@id\":\"https:\/\/www.gwennili.net\/fr\/#website\"},\"primaryImageOfPage\":{\"@id\":\"https:\/\/www.gwennili.net\/fr\/partir-seul\/les-stages-professionnels\/#primaryimage\"},\"image\":{\"@id\":\"https:\/\/www.gwennili.net\/fr\/partir-seul\/les-stages-professionnels\/#primaryimage\"},\"thumbnailUrl\":\"https:\/\/www.gwennili.net\/fr\/wp-content\/uploads\/2017\/03\/100_1521-e1490002504802.jpg\",\"datePublished\":\"2016-07-21T12:59:46+00:00\",\"dateModified\":\"2022-02-11T12:29:30+00:00\",\"description\":\"L\u2019association Gwennili propose aux jeunes accompagn\u00e9s par les Missions locales du Finist\u00e8re des stages professionnels en Europe.\",\"breadcrumb\":{\"@id\":\"https:\/\/www.gwennili.net\/fr\/partir-seul\/les-stages-professionnels\/#breadcrumb\"},\"inLanguage\":\"fr-FR\",\"potentialAction\":[{\"@type\":\"ReadAction\",\"target\":[\"https:\/\/www.gwennili.net\/fr\/partir-seul\/les-stages-professionnels\/\"]}]},{\"@type\":\"ImageObject\",\"inLanguage\":\"fr-FR\",\"@id\":\"https:\/\/www.gwennili.net\/fr\/partir-seul\/les-stages-professionnels\/#primaryimage\",\"url\":\"https:\/\/www.gwennili.net\/fr\/wp-content\/uploads\/2017\/03\/100_1521-e1490002504802.jpg\",\"contentUrl\":\"https:\/\/www.gwennili.net\/fr\/wp-content\/uploads\/2017\/03\/100_1521-e1490002504802.jpg\",\"width\":800,\"height\":600,\"caption\":\"KODAK Digital Still Camera\"},{\"@type\":\"BreadcrumbList\",\"@id\":\"https:\/\/www.gwennili.net\/fr\/partir-seul\/les-stages-professionnels\/#breadcrumb\",\"itemListElement\":[{\"@type\":\"ListItem\",\"position\":1,\"name\":\"Accueil\",\"item\":\"https:\/\/www.gwennili.net\/fr\/\"},{\"@type\":\"ListItem\",\"position\":2,\"name\":\"Stages et services volontaires en solo\",\"item\":\"https:\/\/www.gwennili.net\/fr\/partir-seul\/\"},{\"@type\":\"ListItem\",\"position\":3,\"name\":\"Partir seul en stage professionnel\"}]},{\"@type\":\"WebSite\",\"@id\":\"https:\/\/www.gwennili.net\/fr\/#website\",\"url\":\"https:\/\/www.gwennili.net\/fr\/\",\"name\":\"Gwennili\",\"description\":\"Rencontres et \u00c9changes Interculturels\",\"potentialAction\":[{\"@type\":\"SearchAction\",\"target\":{\"@type\":\"EntryPoint\",\"urlTemplate\":\"https:\/\/www.gwennili.net\/fr\/?s={search_term_string}\"},\"query-input\":{\"@type\":\"PropertyValueSpecification\",\"valueRequired\":true,\"valueName\":\"search_term_string\"}}],\"inLanguage\":\"fr-FR\"}]}<\/script>\n<!-- \/ Yoast SEO plugin. -->","yoast_head_json":{"title":"Partir seul en stage professionnel - Gwennili, association sur Quimper","description":"L\u2019association Gwennili propose aux jeunes accompagn\u00e9s par les Missions locales du Finist\u00e8re des stages professionnels en Europe.","robots":{"index":"index","follow":"follow","max-snippet":"max-snippet:-1","max-image-preview":"max-image-preview:large","max-video-preview":"max-video-preview:-1"},"canonical":"https:\/\/www.gwennili.net\/fr\/partir-seul\/les-stages-professionnels\/","og_locale":"fr_FR","og_type":"article","og_title":"Partir seul en stage professionnel - Gwennili, association sur Quimper","og_description":"L\u2019association Gwennili propose aux jeunes accompagn\u00e9s par les Missions locales du Finist\u00e8re des stages professionnels en Europe.","og_url":"https:\/\/www.gwennili.net\/fr\/partir-seul\/les-stages-professionnels\/","og_site_name":"Gwennili","article_modified_time":"2022-02-11T12:29:30+00:00","og_image":[{"width":800,"height":600,"url":"https:\/\/www.gwennili.net\/fr\/wp-content\/uploads\/2017\/03\/100_1521-e1490002504802.jpg","type":"image\/jpeg"}],"twitter_card":"summary_large_image","twitter_misc":{"Dur\u00e9e de lecture estim\u00e9e":"4 minutes"},"schema":{"@context":"https:\/\/schema.org","@graph":[{"@type":"WebPage","@id":"https:\/\/www.gwennili.net\/fr\/partir-seul\/les-stages-professionnels\/","url":"https:\/\/www.gwennili.net\/fr\/partir-seul\/les-stages-professionnels\/","name":"Partir seul en stage professionnel - Gwennili, association sur Quimper","isPartOf":{"@id":"https:\/\/www.gwennili.net\/fr\/#website"},"primaryImageOfPage":{"@id":"https:\/\/www.gwennili.net\/fr\/partir-seul\/les-stages-professionnels\/#primaryimage"},"image":{"@id":"https:\/\/www.gwennili.net\/fr\/partir-seul\/les-stages-professionnels\/#primaryimage"},"thumbnailUrl":"https:\/\/www.gwennili.net\/fr\/wp-content\/uploads\/2017\/03\/100_1521-e1490002504802.jpg","datePublished":"2016-07-21T12:59:46+00:00","dateModified":"2022-02-11T12:29:30+00:00","description":"L\u2019association Gwennili propose aux jeunes accompagn\u00e9s par les Missions locales du Finist\u00e8re des stages professionnels en Europe.","breadcrumb":{"@id":"https:\/\/www.gwennili.net\/fr\/partir-seul\/les-stages-professionnels\/#breadcrumb"},"inLanguage":"fr-FR","potentialAction":[{"@type":"ReadAction","target":["https:\/\/www.gwennili.net\/fr\/partir-seul\/les-stages-professionnels\/"]}]},{"@type":"ImageObject","inLanguage":"fr-FR","@id":"https:\/\/www.gwennili.net\/fr\/partir-seul\/les-stages-professionnels\/#primaryimage","url":"https:\/\/www.gwennili.net\/fr\/wp-content\/uploads\/2017\/03\/100_1521-e1490002504802.jpg","contentUrl":"https:\/\/www.gwennili.net\/fr\/wp-content\/uploads\/2017\/03\/100_1521-e1490002504802.jpg","width":800,"height":600,"caption":"KODAK Digital Still Camera"},{"@type":"BreadcrumbList","@id":"https:\/\/www.gwennili.net\/fr\/partir-seul\/les-stages-professionnels\/#breadcrumb","itemListElement":[{"@type":"ListItem","position":1,"name":"Accueil","item":"https:\/\/www.gwennili.net\/fr\/"},{"@type":"ListItem","position":2,"name":"Stages et services volontaires en solo","item":"https:\/\/www.gwennili.net\/fr\/partir-seul\/"},{"@type":"ListItem","position":3,"name":"Partir seul en stage professionnel"}]},{"@type":"WebSite","@id":"https:\/\/www.gwennili.net\/fr\/#website","url":"https:\/\/www.gwennili.net\/fr\/","name":"Gwennili","description":"Rencontres et \u00c9changes Interculturels","potentialAction":[{"@type":"SearchAction","target":{"@type":"EntryPoint","urlTemplate":"https:\/\/www.gwennili.net\/fr\/?s={search_term_string}"},"query-input":{"@type":"PropertyValueSpecification","valueRequired":true,"valueName":"search_term_string"}}],"inLanguage":"fr-FR"}]}},"_links":{"self":[{"href":"https:\/\/www.gwennili.net\/fr\/wp-json\/wp\/v2\/pages\/5418"}],"collection":[{"href":"https:\/\/www.gwennili.net\/fr\/wp-json\/wp\/v2\/pages"}],"about":[{"href":"https:\/\/www.gwennili.net\/fr\/wp-json\/wp\/v2\/types\/page"}],"author":[{"embeddable":true,"href":"https:\/\/www.gwennili.net\/fr\/wp-json\/wp\/v2\/users\/2"}],"replies":[{"embeddable":true,"href":"https:\/\/www.gwennili.net\/fr\/wp-json\/wp\/v2\/comments?post=5418"}],"version-history":[{"count":18,"href":"https:\/\/www.gwennili.net\/fr\/wp-json\/wp\/v2\/pages\/5418\/revisions"}],"predecessor-version":[{"id":8282,"href":"https:\/\/www.gwennili.net\/fr\/wp-json\/wp\/v2\/pages\/5418\/revisions\/8282"}],"up":[{"embeddable":true,"href":"https:\/\/www.gwennili.net\/fr\/wp-json\/wp\/v2\/pages\/5415"}],"wp:featuredmedia":[{"embeddable":true,"href":"https:\/\/www.gwennili.net\/fr\/wp-json\/wp\/v2\/media\/7013"}],"wp:attachment":[{"href":"https:\/\/www.gwennili.net\/fr\/wp-json\/wp\/v2\/media?parent=5418"}],"curies":[{"name":"wp","href":"https:\/\/api.w.org\/{rel}","templated":true}]}}