{"id":8471,"date":"2022-11-02T14:32:12","date_gmt":"2022-11-02T13:32:12","guid":{"rendered":"http:\/\/www.gwennili.net\/fr\/?page_id=8471"},"modified":"2022-11-02T14:58:47","modified_gmt":"2022-11-02T13:58:47","slug":"volontaires-2022-2023","status":"publish","type":"page","link":"https:\/\/www.gwennili.net\/fr\/venir-chez-nous\/volontaires-2022-2023\/","title":{"rendered":"Les volontaires 2022-2023"},"content":{"rendered":"<p><img loading=\"lazy\" decoding=\"async\" class=\"alignnone wp-image-8478 size-full\" src=\"https:\/\/www.gwennili.net\/fr\/wp-content\/uploads\/2022\/11\/Volontaires-2022-23-1.png\" alt=\"\" width=\"1587\" height=\"2245\" srcset=\"https:\/\/www.gwennili.net\/fr\/wp-content\/uploads\/2022\/11\/Volontaires-2022-23-1.png 1587w, https:\/\/www.gwennili.net\/fr\/wp-content\/uploads\/2022\/11\/Volontaires-2022-23-1-212x300.png 212w, https:\/\/www.gwennili.net\/fr\/wp-content\/uploads\/2022\/11\/Volontaires-2022-23-1-724x1024.png 724w, https:\/\/www.gwennili.net\/fr\/wp-content\/uploads\/2022\/11\/Volontaires-2022-23-1-768x1086.png 768w, https:\/\/www.gwennili.net\/fr\/wp-content\/uploads\/2022\/11\/Volontaires-2022-23-1-1086x1536.png 1086w, https:\/\/www.gwennili.net\/fr\/wp-content\/uploads\/2022\/11\/Volontaires-2022-23-1-1448x2048.png 1448w\" sizes=\"(max-width: 1587px) 100vw, 1587px\" \/><\/p>\n<p class=\"r qb wb\"><span class=\"qb wb\">Depuis le 14 septembre 2022 et jusqu&#8217;\u00e0 l&#8217;\u00e9t\u00e9 2023, nous accueillons cette ann\u00e9e encore 7 volontaires europ\u00e9en.ne.s \u00e2g\u00e9.e.s de 18 \u00e0 29 ans venant d&#8217;ici et d&#8217;ailleurs :<\/span><\/p>\n<p class=\"r qb wb\"><span class=\"qb wb\">&#8211; <strong>Mohamed<\/strong>, qui vient tout droit d&#8217;Italie, a rejoint l&#8217;\u00e9quipe de la Mission Locale du Pays de Cornouailles, structure qui accueille un volontaire pour la toute premi\u00e8re fois cet automne ;<br \/><\/span><span class=\"qb wb\">&#8211; <strong>Patricia<\/strong>, portugaise, r\u00e9alise ses missions au centre social Chemins de Faire, o\u00f9 elle accompagne diff\u00e9rents publics dans leurs activit\u00e9s et leur fait d\u00e9couvrir la culture portugaise ;<br \/><\/span><span class=\"qb wb\">&#8211; <strong>Hannah<\/strong> a pris son envol depuis l&#8217;Autriche pour partager sa bonne humeur et r\u00e9aliser des ateliers avec les enfants plon\u00e9ouristes, \u00e0 la garderie du CCAS de Plon\u00e9our-Lanvern ;<br \/><\/span><span class=\"qb wb\">&#8211; <strong>Emma<\/strong>, jeune allemande, organise divers ateliers et aide les coll\u00e9gien.ne.s et lyc\u00e9en.ne.s du coll\u00e8ge-lyc\u00e9e Saint Louis \u00e0 Ch\u00e2teaulin \u00e0 progresser en anglais et allemand ;<br \/><\/span><span class=\"qb wb\">&#8211; <strong>Enrique<\/strong>, espagnol de 24 ans, est le tout premier volontaire europ\u00e9en accueilli au lyc\u00e9e professionnel de La\u00ebnnec \u00e0 Pont L&#8217;Abb\u00e9 ;<br \/><\/span><span class=\"qb wb\">&#8211; <strong>Michela<\/strong>, italienne originaire de Sicile, est l&#8217;a\u00een\u00e9e de notre joyeuse bande et est volontaire au lyc\u00e9e Le Lik\u00e8s \u00e0 Quimper ;<\/span><span class=\"qb wb\"><br \/><\/span><span class=\"qb wb\">&#8211; <strong>Patricia <\/strong>&#8211; Patri de son surnom &#8211; vogue au gr\u00e9 des activit\u00e9s de l&#8217;atelier d&#8217;insertion de l&#8217;Ulamir du Goyen, et donne de son \u00e9nergie communicative \u00e0 la ferme des Plomarc&#8217;h.<\/span><\/p>\n\n\n<hr class=\"wp-block-separator has-alpha-channel-opacity\"\/>\n","protected":false},"excerpt":{"rendered":"<p>Depuis le 14 septembre 2022 et jusqu&#8217;\u00e0 l&#8217;\u00e9t\u00e9 2023, nous accueillons cette ann\u00e9e encore 7 volontaires europ\u00e9en.ne.s \u00e2g\u00e9.e.s de 18 \u00e0 29 ans venant d&#8217;ici et d&#8217;ailleurs : &#8211; Mohamed, [&hellip;]<\/p>\n","protected":false},"author":1,"featured_media":0,"parent":7466,"menu_order":0,"comment_status":"closed","ping_status":"closed","template":"templates\/template-page-left-sidebar.php","meta":{"footnotes":""},"yoast_head":"<!-- This site is optimized with the Yoast SEO plugin v23.5 - https:\/\/yoast.com\/wordpress\/plugins\/seo\/ -->\n<title>Les volontaires 2022-2023 - Gwennili<\/title>\n<meta name=\"robots\" content=\"index, follow, max-snippet:-1, max-image-preview:large, max-video-preview:-1\" \/>\n<link rel=\"canonical\" href=\"https:\/\/www.gwennili.net\/fr\/venir-chez-nous\/volontaires-2022-2023\/\" \/>\n<meta property=\"og:locale\" content=\"fr_FR\" \/>\n<meta property=\"og:type\" content=\"article\" \/>\n<meta property=\"og:title\" content=\"Les volontaires 2022-2023 - Gwennili\" \/>\n<meta property=\"og:description\" content=\"Depuis le 14 septembre 2022 et jusqu&#8217;\u00e0 l&#8217;\u00e9t\u00e9 2023, nous accueillons cette ann\u00e9e encore 7 volontaires europ\u00e9en.ne.s \u00e2g\u00e9.e.s de 18 \u00e0 29 ans venant d&#8217;ici et d&#8217;ailleurs : &#8211; Mohamed, [&hellip;]\" \/>\n<meta property=\"og:url\" content=\"https:\/\/www.gwennili.net\/fr\/venir-chez-nous\/volontaires-2022-2023\/\" \/>\n<meta property=\"og:site_name\" content=\"Gwennili\" \/>\n<meta property=\"article:modified_time\" content=\"2022-11-02T13:58:47+00:00\" \/>\n<meta property=\"og:image\" content=\"http:\/\/www.gwennili.net\/fr\/wp-content\/uploads\/2022\/11\/Volontaires-2022-23-1.png\" \/>\n<meta name=\"twitter:card\" content=\"summary_large_image\" \/>\n<meta name=\"twitter:label1\" content=\"Dur\u00e9e de lecture estim\u00e9e\" \/>\n\t<meta name=\"twitter:data1\" content=\"2 minutes\" \/>\n<script type=\"application\/ld+json\" class=\"yoast-schema-graph\">{\"@context\":\"https:\/\/schema.org\",\"@graph\":[{\"@type\":\"WebPage\",\"@id\":\"https:\/\/www.gwennili.net\/fr\/venir-chez-nous\/volontaires-2022-2023\/\",\"url\":\"https:\/\/www.gwennili.net\/fr\/venir-chez-nous\/volontaires-2022-2023\/\",\"name\":\"Les volontaires 2022-2023 - Gwennili\",\"isPartOf\":{\"@id\":\"https:\/\/www.gwennili.net\/fr\/#website\"},\"primaryImageOfPage\":{\"@id\":\"https:\/\/www.gwennili.net\/fr\/venir-chez-nous\/volontaires-2022-2023\/#primaryimage\"},\"image\":{\"@id\":\"https:\/\/www.gwennili.net\/fr\/venir-chez-nous\/volontaires-2022-2023\/#primaryimage\"},\"thumbnailUrl\":\"http:\/\/www.gwennili.net\/fr\/wp-content\/uploads\/2022\/11\/Volontaires-2022-23-1.png\",\"datePublished\":\"2022-11-02T13:32:12+00:00\",\"dateModified\":\"2022-11-02T13:58:47+00:00\",\"breadcrumb\":{\"@id\":\"https:\/\/www.gwennili.net\/fr\/venir-chez-nous\/volontaires-2022-2023\/#breadcrumb\"},\"inLanguage\":\"fr-FR\",\"potentialAction\":[{\"@type\":\"ReadAction\",\"target\":[\"https:\/\/www.gwennili.net\/fr\/venir-chez-nous\/volontaires-2022-2023\/\"]}]},{\"@type\":\"ImageObject\",\"inLanguage\":\"fr-FR\",\"@id\":\"https:\/\/www.gwennili.net\/fr\/venir-chez-nous\/volontaires-2022-2023\/#primaryimage\",\"url\":\"http:\/\/www.gwennili.net\/fr\/wp-content\/uploads\/2022\/11\/Volontaires-2022-23-1.png\",\"contentUrl\":\"http:\/\/www.gwennili.net\/fr\/wp-content\/uploads\/2022\/11\/Volontaires-2022-23-1.png\"},{\"@type\":\"BreadcrumbList\",\"@id\":\"https:\/\/www.gwennili.net\/fr\/venir-chez-nous\/volontaires-2022-2023\/#breadcrumb\",\"itemListElement\":[{\"@type\":\"ListItem\",\"position\":1,\"name\":\"Accueil\",\"item\":\"https:\/\/www.gwennili.net\/fr\/\"},{\"@type\":\"ListItem\",\"position\":2,\"name\":\"Venir chez nous\",\"item\":\"https:\/\/www.gwennili.net\/fr\/venir-chez-nous\/\"},{\"@type\":\"ListItem\",\"position\":3,\"name\":\"Les volontaires 2022-2023\"}]},{\"@type\":\"WebSite\",\"@id\":\"https:\/\/www.gwennili.net\/fr\/#website\",\"url\":\"https:\/\/www.gwennili.net\/fr\/\",\"name\":\"Gwennili\",\"description\":\"Rencontres et \u00c9changes Interculturels\",\"potentialAction\":[{\"@type\":\"SearchAction\",\"target\":{\"@type\":\"EntryPoint\",\"urlTemplate\":\"https:\/\/www.gwennili.net\/fr\/?s={search_term_string}\"},\"query-input\":{\"@type\":\"PropertyValueSpecification\",\"valueRequired\":true,\"valueName\":\"search_term_string\"}}],\"inLanguage\":\"fr-FR\"}]}<\/script>\n<!-- \/ Yoast SEO plugin. -->","yoast_head_json":{"title":"Les volontaires 2022-2023 - Gwennili","robots":{"index":"index","follow":"follow","max-snippet":"max-snippet:-1","max-image-preview":"max-image-preview:large","max-video-preview":"max-video-preview:-1"},"canonical":"https:\/\/www.gwennili.net\/fr\/venir-chez-nous\/volontaires-2022-2023\/","og_locale":"fr_FR","og_type":"article","og_title":"Les volontaires 2022-2023 - Gwennili","og_description":"Depuis le 14 septembre 2022 et jusqu&#8217;\u00e0 l&#8217;\u00e9t\u00e9 2023, nous accueillons cette ann\u00e9e encore 7 volontaires europ\u00e9en.ne.s \u00e2g\u00e9.e.s de 18 \u00e0 29 ans venant d&#8217;ici et d&#8217;ailleurs : &#8211; Mohamed, [&hellip;]","og_url":"https:\/\/www.gwennili.net\/fr\/venir-chez-nous\/volontaires-2022-2023\/","og_site_name":"Gwennili","article_modified_time":"2022-11-02T13:58:47+00:00","og_image":[{"url":"http:\/\/www.gwennili.net\/fr\/wp-content\/uploads\/2022\/11\/Volontaires-2022-23-1.png"}],"twitter_card":"summary_large_image","twitter_misc":{"Dur\u00e9e de lecture estim\u00e9e":"2 minutes"},"schema":{"@context":"https:\/\/schema.org","@graph":[{"@type":"WebPage","@id":"https:\/\/www.gwennili.net\/fr\/venir-chez-nous\/volontaires-2022-2023\/","url":"https:\/\/www.gwennili.net\/fr\/venir-chez-nous\/volontaires-2022-2023\/","name":"Les volontaires 2022-2023 - Gwennili","isPartOf":{"@id":"https:\/\/www.gwennili.net\/fr\/#website"},"primaryImageOfPage":{"@id":"https:\/\/www.gwennili.net\/fr\/venir-chez-nous\/volontaires-2022-2023\/#primaryimage"},"image":{"@id":"https:\/\/www.gwennili.net\/fr\/venir-chez-nous\/volontaires-2022-2023\/#primaryimage"},"thumbnailUrl":"http:\/\/www.gwennili.net\/fr\/wp-content\/uploads\/2022\/11\/Volontaires-2022-23-1.png","datePublished":"2022-11-02T13:32:12+00:00","dateModified":"2022-11-02T13:58:47+00:00","breadcrumb":{"@id":"https:\/\/www.gwennili.net\/fr\/venir-chez-nous\/volontaires-2022-2023\/#breadcrumb"},"inLanguage":"fr-FR","potentialAction":[{"@type":"ReadAction","target":["https:\/\/www.gwennili.net\/fr\/venir-chez-nous\/volontaires-2022-2023\/"]}]},{"@type":"ImageObject","inLanguage":"fr-FR","@id":"https:\/\/www.gwennili.net\/fr\/venir-chez-nous\/volontaires-2022-2023\/#primaryimage","url":"http:\/\/www.gwennili.net\/fr\/wp-content\/uploads\/2022\/11\/Volontaires-2022-23-1.png","contentUrl":"http:\/\/www.gwennili.net\/fr\/wp-content\/uploads\/2022\/11\/Volontaires-2022-23-1.png"},{"@type":"BreadcrumbList","@id":"https:\/\/www.gwennili.net\/fr\/venir-chez-nous\/volontaires-2022-2023\/#breadcrumb","itemListElement":[{"@type":"ListItem","position":1,"name":"Accueil","item":"https:\/\/www.gwennili.net\/fr\/"},{"@type":"ListItem","position":2,"name":"Venir chez nous","item":"https:\/\/www.gwennili.net\/fr\/venir-chez-nous\/"},{"@type":"ListItem","position":3,"name":"Les volontaires 2022-2023"}]},{"@type":"WebSite","@id":"https:\/\/www.gwennili.net\/fr\/#website","url":"https:\/\/www.gwennili.net\/fr\/","name":"Gwennili","description":"Rencontres et \u00c9changes Interculturels","potentialAction":[{"@type":"SearchAction","target":{"@type":"EntryPoint","urlTemplate":"https:\/\/www.gwennili.net\/fr\/?s={search_term_string}"},"query-input":{"@type":"PropertyValueSpecification","valueRequired":true,"valueName":"search_term_string"}}],"inLanguage":"fr-FR"}]}},"_links":{"self":[{"href":"https:\/\/www.gwennili.net\/fr\/wp-json\/wp\/v2\/pages\/8471"}],"collection":[{"href":"https:\/\/www.gwennili.net\/fr\/wp-json\/wp\/v2\/pages"}],"about":[{"href":"https:\/\/www.gwennili.net\/fr\/wp-json\/wp\/v2\/types\/page"}],"author":[{"embeddable":true,"href":"https:\/\/www.gwennili.net\/fr\/wp-json\/wp\/v2\/users\/1"}],"replies":[{"embeddable":true,"href":"https:\/\/www.gwennili.net\/fr\/wp-json\/wp\/v2\/comments?post=8471"}],"version-history":[{"count":4,"href":"https:\/\/www.gwennili.net\/fr\/wp-json\/wp\/v2\/pages\/8471\/revisions"}],"predecessor-version":[{"id":8479,"href":"https:\/\/www.gwennili.net\/fr\/wp-json\/wp\/v2\/pages\/8471\/revisions\/8479"}],"up":[{"embeddable":true,"href":"https:\/\/www.gwennili.net\/fr\/wp-json\/wp\/v2\/pages\/7466"}],"wp:attachment":[{"href":"https:\/\/www.gwennili.net\/fr\/wp-json\/wp\/v2\/media?parent=8471"}],"curies":[{"name":"wp","href":"https:\/\/api.w.org\/{rel}","templated":true}]}}