{"id":9115,"date":"2025-03-21T10:49:06","date_gmt":"2025-03-21T09:49:06","guid":{"rendered":"https:\/\/www.gwennili.net\/fr\/?page_id=9115"},"modified":"2025-03-21T10:49:13","modified_gmt":"2025-03-21T09:49:13","slug":"volontaires-2024-2025","status":"publish","type":"page","link":"https:\/\/www.gwennili.net\/fr\/venir-chez-nous\/volontaires-2024-2025\/","title":{"rendered":"Les volontaires 2024-2025"},"content":{"rendered":"<p class=\"r qb wb\"><span class=\"qb wb\"><img loading=\"lazy\" decoding=\"async\" class=\"alignnone wp-image-9117 size-full\" src=\"https:\/\/www.gwennili.net\/fr\/wp-content\/uploads\/2025\/03\/Volontaires-2024-25-1.png\" alt=\"\" width=\"1587\" height=\"2245\" srcset=\"https:\/\/www.gwennili.net\/fr\/wp-content\/uploads\/2025\/03\/Volontaires-2024-25-1.png 1587w, https:\/\/www.gwennili.net\/fr\/wp-content\/uploads\/2025\/03\/Volontaires-2024-25-1-212x300.png 212w, https:\/\/www.gwennili.net\/fr\/wp-content\/uploads\/2025\/03\/Volontaires-2024-25-1-724x1024.png 724w, https:\/\/www.gwennili.net\/fr\/wp-content\/uploads\/2025\/03\/Volontaires-2024-25-1-768x1086.png 768w, https:\/\/www.gwennili.net\/fr\/wp-content\/uploads\/2025\/03\/Volontaires-2024-25-1-1086x1536.png 1086w, https:\/\/www.gwennili.net\/fr\/wp-content\/uploads\/2025\/03\/Volontaires-2024-25-1-1448x2048.png 1448w\" sizes=\"(max-width: 1587px) 100vw, 1587px\" \/>Depuis la Mi-Septembre 2024 et jusqu&#8217;\u00e0 l&#8217;\u00e9t\u00e9 2025, nous avons le plaisir d&#8217;accueillir cette ann\u00e9e encore des volontaires via le dispositif du Corps Europ\u00e9en de Solidarit\u00e9. Cette ann\u00e9e, les voil\u00e0 au nombre de 7,\u00a0 \u00e2g\u00e9.e.s de 18 \u00e0 29 ans et venant d&#8217;ici et d&#8217;ailleurs :<\/span><\/p>\n<p class=\"r qb wb\"><span class=\"qb wb\">&#8211; <strong>Elli<\/strong>, finlandaise, est en mission sur 2 structures quimp\u00e9roises : le tiers-lieu Flux et la Maison de Quartier du Moulin Vert ;<br \/><\/span><span class=\"qb wb\">&#8211; <strong>Aya<\/strong>, libanaise, r\u00e9alise ses missions au centre social Chemins de Faire \u00e0 Rosporden ;<br \/><\/span><span class=\"qb wb\">&#8211; <strong>Manel, <\/strong>tunisienne, prend plaisir \u00e0 s&#8217;occuper des enfants \u00e0 la garderie de la Mairie de Plon\u00e9our-Lanvern ;<\/span><span class=\"qb wb\"><br \/><\/span><span class=\"qb wb\">&#8211; <strong>Nelly<\/strong>, allemande, exprime sa cr\u00e9ativit\u00e9 au Centre des Abeilles \u00e0 Quimper ;<\/span><span class=\"qb wb\"><br \/><\/span><span class=\"qb wb\">&#8211; <b>Rana<\/b>, tunisienne, vogue au gr\u00e9 des activit\u00e9s de l&#8217;atelier d&#8217;insertion de l&#8217;Ulamir du Goyen ;<br \/>&#8211; <strong>Nada,<\/strong> \u00e9gyptienne, a rejoint l&#8217;\u00e9quipe des Gen\u00eats d&#8217;Or et partage le quotidien des r\u00e9sident.es PHV<br \/>&#8211; Et le benjamin du groupe, <strong>Roko<\/strong>, germano-croate, apporte sa joie de vivre au Lyc\u00e9e Le Lik\u00e8s \u00e0 Quimper \ud83d\ude42<\/span><\/p>\n\n\n<hr class=\"wp-block-separator has-alpha-channel-opacity\"\/>\n","protected":false},"excerpt":{"rendered":"<p>Depuis la Mi-Septembre 2024 et jusqu&#8217;\u00e0 l&#8217;\u00e9t\u00e9 2025, nous avons le plaisir d&#8217;accueillir cette ann\u00e9e encore des volontaires via le dispositif du Corps Europ\u00e9en de Solidarit\u00e9. Cette ann\u00e9e, les voil\u00e0 [&hellip;]<\/p>\n","protected":false},"author":1,"featured_media":0,"parent":7466,"menu_order":0,"comment_status":"closed","ping_status":"closed","template":"templates\/template-page-left-sidebar.php","meta":{"footnotes":""},"yoast_head":"<!-- This site is optimized with the Yoast SEO plugin v23.5 - https:\/\/yoast.com\/wordpress\/plugins\/seo\/ -->\n<title>Les volontaires 2024-2025 - Gwennili<\/title>\n<meta name=\"robots\" content=\"index, follow, max-snippet:-1, max-image-preview:large, max-video-preview:-1\" \/>\n<link rel=\"canonical\" href=\"https:\/\/www.gwennili.net\/fr\/venir-chez-nous\/volontaires-2024-2025\/\" \/>\n<meta property=\"og:locale\" content=\"fr_FR\" \/>\n<meta property=\"og:type\" content=\"article\" \/>\n<meta property=\"og:title\" content=\"Les volontaires 2024-2025 - Gwennili\" \/>\n<meta property=\"og:description\" content=\"Depuis la Mi-Septembre 2024 et jusqu&#8217;\u00e0 l&#8217;\u00e9t\u00e9 2025, nous avons le plaisir d&#8217;accueillir cette ann\u00e9e encore des volontaires via le dispositif du Corps Europ\u00e9en de Solidarit\u00e9. Cette ann\u00e9e, les voil\u00e0 [&hellip;]\" \/>\n<meta property=\"og:url\" content=\"https:\/\/www.gwennili.net\/fr\/venir-chez-nous\/volontaires-2024-2025\/\" \/>\n<meta property=\"og:site_name\" content=\"Gwennili\" \/>\n<meta property=\"article:modified_time\" content=\"2025-03-21T09:49:13+00:00\" \/>\n<meta property=\"og:image\" content=\"https:\/\/www.gwennili.net\/fr\/wp-content\/uploads\/2025\/03\/Volontaires-2024-25-1.png\" \/>\n<meta name=\"twitter:card\" content=\"summary_large_image\" \/>\n<meta name=\"twitter:label1\" content=\"Dur\u00e9e de lecture estim\u00e9e\" \/>\n\t<meta name=\"twitter:data1\" content=\"1 minute\" \/>\n<script type=\"application\/ld+json\" class=\"yoast-schema-graph\">{\"@context\":\"https:\/\/schema.org\",\"@graph\":[{\"@type\":\"WebPage\",\"@id\":\"https:\/\/www.gwennili.net\/fr\/venir-chez-nous\/volontaires-2024-2025\/\",\"url\":\"https:\/\/www.gwennili.net\/fr\/venir-chez-nous\/volontaires-2024-2025\/\",\"name\":\"Les volontaires 2024-2025 - Gwennili\",\"isPartOf\":{\"@id\":\"https:\/\/www.gwennili.net\/fr\/#website\"},\"primaryImageOfPage\":{\"@id\":\"https:\/\/www.gwennili.net\/fr\/venir-chez-nous\/volontaires-2024-2025\/#primaryimage\"},\"image\":{\"@id\":\"https:\/\/www.gwennili.net\/fr\/venir-chez-nous\/volontaires-2024-2025\/#primaryimage\"},\"thumbnailUrl\":\"https:\/\/www.gwennili.net\/fr\/wp-content\/uploads\/2025\/03\/Volontaires-2024-25-1.png\",\"datePublished\":\"2025-03-21T09:49:06+00:00\",\"dateModified\":\"2025-03-21T09:49:13+00:00\",\"breadcrumb\":{\"@id\":\"https:\/\/www.gwennili.net\/fr\/venir-chez-nous\/volontaires-2024-2025\/#breadcrumb\"},\"inLanguage\":\"fr-FR\",\"potentialAction\":[{\"@type\":\"ReadAction\",\"target\":[\"https:\/\/www.gwennili.net\/fr\/venir-chez-nous\/volontaires-2024-2025\/\"]}]},{\"@type\":\"ImageObject\",\"inLanguage\":\"fr-FR\",\"@id\":\"https:\/\/www.gwennili.net\/fr\/venir-chez-nous\/volontaires-2024-2025\/#primaryimage\",\"url\":\"https:\/\/www.gwennili.net\/fr\/wp-content\/uploads\/2025\/03\/Volontaires-2024-25-1.png\",\"contentUrl\":\"https:\/\/www.gwennili.net\/fr\/wp-content\/uploads\/2025\/03\/Volontaires-2024-25-1.png\",\"width\":1587,\"height\":2245},{\"@type\":\"BreadcrumbList\",\"@id\":\"https:\/\/www.gwennili.net\/fr\/venir-chez-nous\/volontaires-2024-2025\/#breadcrumb\",\"itemListElement\":[{\"@type\":\"ListItem\",\"position\":1,\"name\":\"Accueil\",\"item\":\"https:\/\/www.gwennili.net\/fr\/\"},{\"@type\":\"ListItem\",\"position\":2,\"name\":\"Venir chez nous\",\"item\":\"https:\/\/www.gwennili.net\/fr\/venir-chez-nous\/\"},{\"@type\":\"ListItem\",\"position\":3,\"name\":\"Les volontaires 2024-2025\"}]},{\"@type\":\"WebSite\",\"@id\":\"https:\/\/www.gwennili.net\/fr\/#website\",\"url\":\"https:\/\/www.gwennili.net\/fr\/\",\"name\":\"Gwennili\",\"description\":\"Rencontres et \u00c9changes Interculturels\",\"potentialAction\":[{\"@type\":\"SearchAction\",\"target\":{\"@type\":\"EntryPoint\",\"urlTemplate\":\"https:\/\/www.gwennili.net\/fr\/?s={search_term_string}\"},\"query-input\":{\"@type\":\"PropertyValueSpecification\",\"valueRequired\":true,\"valueName\":\"search_term_string\"}}],\"inLanguage\":\"fr-FR\"}]}<\/script>\n<!-- \/ Yoast SEO plugin. -->","yoast_head_json":{"title":"Les volontaires 2024-2025 - Gwennili","robots":{"index":"index","follow":"follow","max-snippet":"max-snippet:-1","max-image-preview":"max-image-preview:large","max-video-preview":"max-video-preview:-1"},"canonical":"https:\/\/www.gwennili.net\/fr\/venir-chez-nous\/volontaires-2024-2025\/","og_locale":"fr_FR","og_type":"article","og_title":"Les volontaires 2024-2025 - Gwennili","og_description":"Depuis la Mi-Septembre 2024 et jusqu&#8217;\u00e0 l&#8217;\u00e9t\u00e9 2025, nous avons le plaisir d&#8217;accueillir cette ann\u00e9e encore des volontaires via le dispositif du Corps Europ\u00e9en de Solidarit\u00e9. Cette ann\u00e9e, les voil\u00e0 [&hellip;]","og_url":"https:\/\/www.gwennili.net\/fr\/venir-chez-nous\/volontaires-2024-2025\/","og_site_name":"Gwennili","article_modified_time":"2025-03-21T09:49:13+00:00","og_image":[{"url":"https:\/\/www.gwennili.net\/fr\/wp-content\/uploads\/2025\/03\/Volontaires-2024-25-1.png"}],"twitter_card":"summary_large_image","twitter_misc":{"Dur\u00e9e de lecture estim\u00e9e":"1 minute"},"schema":{"@context":"https:\/\/schema.org","@graph":[{"@type":"WebPage","@id":"https:\/\/www.gwennili.net\/fr\/venir-chez-nous\/volontaires-2024-2025\/","url":"https:\/\/www.gwennili.net\/fr\/venir-chez-nous\/volontaires-2024-2025\/","name":"Les volontaires 2024-2025 - Gwennili","isPartOf":{"@id":"https:\/\/www.gwennili.net\/fr\/#website"},"primaryImageOfPage":{"@id":"https:\/\/www.gwennili.net\/fr\/venir-chez-nous\/volontaires-2024-2025\/#primaryimage"},"image":{"@id":"https:\/\/www.gwennili.net\/fr\/venir-chez-nous\/volontaires-2024-2025\/#primaryimage"},"thumbnailUrl":"https:\/\/www.gwennili.net\/fr\/wp-content\/uploads\/2025\/03\/Volontaires-2024-25-1.png","datePublished":"2025-03-21T09:49:06+00:00","dateModified":"2025-03-21T09:49:13+00:00","breadcrumb":{"@id":"https:\/\/www.gwennili.net\/fr\/venir-chez-nous\/volontaires-2024-2025\/#breadcrumb"},"inLanguage":"fr-FR","potentialAction":[{"@type":"ReadAction","target":["https:\/\/www.gwennili.net\/fr\/venir-chez-nous\/volontaires-2024-2025\/"]}]},{"@type":"ImageObject","inLanguage":"fr-FR","@id":"https:\/\/www.gwennili.net\/fr\/venir-chez-nous\/volontaires-2024-2025\/#primaryimage","url":"https:\/\/www.gwennili.net\/fr\/wp-content\/uploads\/2025\/03\/Volontaires-2024-25-1.png","contentUrl":"https:\/\/www.gwennili.net\/fr\/wp-content\/uploads\/2025\/03\/Volontaires-2024-25-1.png","width":1587,"height":2245},{"@type":"BreadcrumbList","@id":"https:\/\/www.gwennili.net\/fr\/venir-chez-nous\/volontaires-2024-2025\/#breadcrumb","itemListElement":[{"@type":"ListItem","position":1,"name":"Accueil","item":"https:\/\/www.gwennili.net\/fr\/"},{"@type":"ListItem","position":2,"name":"Venir chez nous","item":"https:\/\/www.gwennili.net\/fr\/venir-chez-nous\/"},{"@type":"ListItem","position":3,"name":"Les volontaires 2024-2025"}]},{"@type":"WebSite","@id":"https:\/\/www.gwennili.net\/fr\/#website","url":"https:\/\/www.gwennili.net\/fr\/","name":"Gwennili","description":"Rencontres et \u00c9changes Interculturels","potentialAction":[{"@type":"SearchAction","target":{"@type":"EntryPoint","urlTemplate":"https:\/\/www.gwennili.net\/fr\/?s={search_term_string}"},"query-input":{"@type":"PropertyValueSpecification","valueRequired":true,"valueName":"search_term_string"}}],"inLanguage":"fr-FR"}]}},"_links":{"self":[{"href":"https:\/\/www.gwennili.net\/fr\/wp-json\/wp\/v2\/pages\/9115"}],"collection":[{"href":"https:\/\/www.gwennili.net\/fr\/wp-json\/wp\/v2\/pages"}],"about":[{"href":"https:\/\/www.gwennili.net\/fr\/wp-json\/wp\/v2\/types\/page"}],"author":[{"embeddable":true,"href":"https:\/\/www.gwennili.net\/fr\/wp-json\/wp\/v2\/users\/1"}],"replies":[{"embeddable":true,"href":"https:\/\/www.gwennili.net\/fr\/wp-json\/wp\/v2\/comments?post=9115"}],"version-history":[{"count":2,"href":"https:\/\/www.gwennili.net\/fr\/wp-json\/wp\/v2\/pages\/9115\/revisions"}],"predecessor-version":[{"id":9118,"href":"https:\/\/www.gwennili.net\/fr\/wp-json\/wp\/v2\/pages\/9115\/revisions\/9118"}],"up":[{"embeddable":true,"href":"https:\/\/www.gwennili.net\/fr\/wp-json\/wp\/v2\/pages\/7466"}],"wp:attachment":[{"href":"https:\/\/www.gwennili.net\/fr\/wp-json\/wp\/v2\/media?parent=9115"}],"curies":[{"name":"wp","href":"https:\/\/api.w.org\/{rel}","templated":true}]}}